{"id":35735,"date":"2021-02-21T16:26:39","date_gmt":"2021-02-21T16:26:39","guid":{"rendered":"https:\/\/www.autonvaraosahaku.fi\/?product=ridex-592o0009-oljypohja"},"modified":"2021-02-21T16:26:42","modified_gmt":"2021-02-21T16:26:42","slug":"ridex-592o0009-oljypohja","status":"publish","type":"product","link":"https:\/\/www.autonvaraosahaku.fi\/?product=ridex-592o0009-oljypohja","title":{"rendered":"RIDEX 592O0009 \u00d6ljypohja"},"content":{"rendered":"<p>Pituus (mm): 460; \u00d6ljypohjan materiaali: Ter\u00e4slevy; Korvaava tuote\/korvaava tiedote 2: ilman \u00f6ljypohjan tiivistett\u00e4, Tiivisterenkaalla; Korkeus (mm): 140; Paino [kg]: 2,41; Huomioi j\u00e4rjestelm\u00e4-t\u00e4ytt\u00f6m\u00e4\u00e4r\u00e4: ; Osa: Ala osa; Lis\u00e4tarvike\/lis\u00e4tieto: \u00d6ljynp\u00e4\u00e4st\u00f6ruuvilla, Ilman tiivisteit\u00e4; Leveys (mm): 235; Moottorinumeroon: 08378; FIAT: ULYSSE 220,SCUDO Kasten 220L,SCUDO Combinato 220P; CITRO\u00cbN: BERLINGO MF,BERLINGO Kasten M_,XSARA N1,XSARA Break N2,XSARA Coupe N0,XANTIA X1,EVASION 22, U6,ZX N2,BX XB-_,JUMPY U6U,JUMPY Kasten BS_, BT_, BY_, BZ_,XANTIA Break X1,ZX Break N2,BX Break XB-_,C15 VD-_,JUMPY Pritsche\/Fahrgestell BU_, BV_, BW_, BX_; PEUGEOT: 306 Schr\u00e4gheck 7A, 7C, N3, N5,306 Cabriolet 7D, N3, N5,406 Break 8E\/F,PARTNER Combispace 5F,205 II 20A\/C,PARTNER Kasten 5,306 Break 7E, N3, N5,406 8B,806 221,306 7B, N3, N5,205 I Cabriolet 741B, 20D,EXPERT Kasten 222,309 II 3C, 3A,205 I 741A\/C,405 I 15B,EXPERT 224,405 II 4B,309 I 10C, 10A,405 II Break 4E,405 I Break 15E,EXPERT Pritsche\/Fahrgestell 223,205 Kasten; 0301F3<\/p>\n","protected":false},"excerpt":{"rendered":"<p>RIDEX \u00d6ljypohja 592O0009  FIAT,CITRO\u00cbN,PEUGEOT,ULYSSE 220,SCUDO Kasten 220L,SCUDO Combinato 220P,BERLINGO MF,BERLINGO Kasten M_,XSARA N1<\/p>\n","protected":false},"featured_media":0,"template":"","meta":{"site-sidebar-layout":"default","site-content-layout":"default","ast-global-header-display":"","ast-main-header-display":"","ast-hfb-above-header-display":"","ast-hfb-below-header-display":"","ast-hfb-mobile-header-display":"","site-post-title":"","ast-breadcrumbs-content":"","ast-featured-img":"","footer-sml-layout":"","theme-transparent-header-meta":"","adv-header-id-meta":"","stick-header-meta":"","header-above-stick-meta":"","header-main-stick-meta":"","header-below-stick-meta":""},"pwb-brand":[157],"product_cat":[225],"product_tag":[],"class_list":{"0":"post-35735","1":"product","2":"type-product","3":"status-publish","5":"pwb-brand-ridex","6":"product_cat-oljypohja","7":"desktop-align-left","8":"tablet-align-left","9":"mobile-align-left","11":"first","12":"instock","13":"product-type-external"},"brands":[{"id":157,"name":"RIDEX","slug":"ridex"}],"_links":{"self":[{"href":"https:\/\/www.autonvaraosahaku.fi\/index.php?rest_route=\/wp\/v2\/product\/35735","targetHints":{"allow":["GET"]}}],"collection":[{"href":"https:\/\/www.autonvaraosahaku.fi\/index.php?rest_route=\/wp\/v2\/product"}],"about":[{"href":"https:\/\/www.autonvaraosahaku.fi\/index.php?rest_route=\/wp\/v2\/types\/product"}],"wp:attachment":[{"href":"https:\/\/www.autonvaraosahaku.fi\/index.php?rest_route=%2Fwp%2Fv2%2Fmedia&parent=35735"}],"wp:term":[{"taxonomy":"pwb-brand","embeddable":true,"href":"https:\/\/www.autonvaraosahaku.fi\/index.php?rest_route=%2Fwp%2Fv2%2Fpwb-brand&post=35735"},{"taxonomy":"product_cat","embeddable":true,"href":"https:\/\/www.autonvaraosahaku.fi\/index.php?rest_route=%2Fwp%2Fv2%2Fproduct_cat&post=35735"},{"taxonomy":"product_tag","embeddable":true,"href":"https:\/\/www.autonvaraosahaku.fi\/index.php?rest_route=%2Fwp%2Fv2%2Fproduct_tag&post=35735"}],"curies":[{"name":"wp","href":"https:\/\/api.w.org\/{rel}","templated":true}]}}