{"id":35743,"date":"2021-02-21T16:26:44","date_gmt":"2021-02-21T16:26:44","guid":{"rendered":"https:\/\/www.autonvaraosahaku.fi\/?product=japanparts-pa-0089af-jarrupalat"},"modified":"2021-02-21T16:26:45","modified_gmt":"2021-02-21T16:26:45","slug":"japanparts-pa-0089af-jarrupalat","status":"publish","type":"product","link":"https:\/\/www.autonvaraosahaku.fi\/?product=japanparts-pa-0089af-jarrupalat","title":{"rendered":"JAPANPARTS PA-0089AF Jarrupalat"},"content":{"rendered":"<p>Asennuspuoli: Etuakseli; Pituus (mm): 125,7; Korkeus (mm): 52; Paksuus [mm]: 17,5; WVA-numero: 24283; Jarruj\u00e4rjestelm\u00e4: TRW; M\u00e4\u00e4r\u00e4yksikk\u00f6: Akselisarja; Jarrulevyl\u00e4pimitalle [mm]: 258; FORD: FIESTA VI,FIESTA VI Van; 1550219, 1676630, 1719275, 1749322, 1788734, 1848518, 1855307, 8V512K021AA, 8V512K021AB, 8V512K021BA, 8V512K021BB, 8V512K021CA, ME8V5J2K021AA, ME8V5J2K021AB; Jarrupalasarja,Jarrupala, Levyjarru<\/p>\n","protected":false},"excerpt":{"rendered":"<p>JAPANPARTS Jarrupalat PA-0089AF Jarrupalasarja,Jarrupala, Levyjarru FORD,FIESTA VI,FIESTA VI Van<\/p>\n","protected":false},"featured_media":0,"template":"","meta":{"site-sidebar-layout":"default","site-content-layout":"default","ast-global-header-display":"","ast-main-header-display":"","ast-hfb-above-header-display":"","ast-hfb-below-header-display":"","ast-hfb-mobile-header-display":"","site-post-title":"","ast-breadcrumbs-content":"","ast-featured-img":"","footer-sml-layout":"","theme-transparent-header-meta":"","adv-header-id-meta":"","stick-header-meta":"","header-above-stick-meta":"","header-main-stick-meta":"","header-below-stick-meta":""},"pwb-brand":[334],"product_cat":[100],"product_tag":[],"class_list":{"0":"post-35743","1":"product","2":"type-product","3":"status-publish","5":"pwb-brand-japanparts","6":"product_cat-jarrupalat","7":"desktop-align-left","8":"tablet-align-left","9":"mobile-align-left","11":"first","12":"instock","13":"product-type-external"},"brands":[{"id":334,"name":"JAPANPARTS","slug":"japanparts"}],"_links":{"self":[{"href":"https:\/\/www.autonvaraosahaku.fi\/index.php?rest_route=\/wp\/v2\/product\/35743","targetHints":{"allow":["GET"]}}],"collection":[{"href":"https:\/\/www.autonvaraosahaku.fi\/index.php?rest_route=\/wp\/v2\/product"}],"about":[{"href":"https:\/\/www.autonvaraosahaku.fi\/index.php?rest_route=\/wp\/v2\/types\/product"}],"wp:attachment":[{"href":"https:\/\/www.autonvaraosahaku.fi\/index.php?rest_route=%2Fwp%2Fv2%2Fmedia&parent=35743"}],"wp:term":[{"taxonomy":"pwb-brand","embeddable":true,"href":"https:\/\/www.autonvaraosahaku.fi\/index.php?rest_route=%2Fwp%2Fv2%2Fpwb-brand&post=35743"},{"taxonomy":"product_cat","embeddable":true,"href":"https:\/\/www.autonvaraosahaku.fi\/index.php?rest_route=%2Fwp%2Fv2%2Fproduct_cat&post=35743"},{"taxonomy":"product_tag","embeddable":true,"href":"https:\/\/www.autonvaraosahaku.fi\/index.php?rest_route=%2Fwp%2Fv2%2Fproduct_tag&post=35743"}],"curies":[{"name":"wp","href":"https:\/\/api.w.org\/{rel}","templated":true}]}}