{"id":35750,"date":"2021-02-21T16:26:44","date_gmt":"2021-02-21T16:26:44","guid":{"rendered":"https:\/\/www.autonvaraosahaku.fi\/?product=swag-30-10-2127-painemuunnin"},"modified":"2021-02-21T16:26:46","modified_gmt":"2021-02-21T16:26:46","slug":"swag-30-10-2127-painemuunnin","status":"publish","type":"product","link":"https:\/\/www.autonvaraosahaku.fi\/?product=swag-30-10-2127-painemuunnin","title":{"rendered":"SWAG 30 10 2127 Painemuunnin"},"content":{"rendered":"<p>K\u00e4ytt\u00f6: Pneumaattinen; Paino [kg]: 0,1, 0,1; Moottorinumero: ANB; APU; AWT; VW: GOLF IV 1J1,POLO 9N_,GOLF IV Variant 1J5,SHARAN 7M8, 7M9, 7M6,BORA 1J2,NEW BEETLE 9C1, 1C1,BORA Kombi 1J6,NEW BEETLE Cabriolet 1Y7,GOL III,BORA,PARATI III; AUDI: A3 8L1,A4 8D2, B5,A4 Avant 8ED, B7,A4 Avant 8E5, B6,A6 Avant 4B5, C5,A4 Avant 8D5, B5,A4 8E2, B6,A6 4B2, C5,A4 Cabriolet 8H7, B6, 8HE, B7,A4 8EC, B7,TT 8N3,TT Roadster 8N9; SKODA: OCTAVIA Combi 1U5,OCTAVIA 1U2,SUPERB 3U4; SEAT: IBIZA IV 6L1,LEON 1M1,ALHAMBRA 7V8, 7V9,EXEO ST 3R5,TOLEDO II 1M2,EXEO 3R2; 06A145710H, 06A145710N, 06A145710P, 6A145710H, 6A145710N, 6A145710P, 06A145710N, 06A145710P, 6A145710N, 6A145710P, 06A145710N, 06A145710P, 6A145710N, 6A145710P, 06A145710, 06A145710E, 06A145710G, 06A145710H, 06A145710N, 06A145710P, 6A145710, 6A145710E, 6A145710G, 6A145710H, 6A145710N, 6A145710P<\/p>\n","protected":false},"excerpt":{"rendered":"<p>SWAG S\u00e4\u00e4t\u00f6venttiili, Ahtopaine 30 10 2127  VW,AUDI,SKODA,GOLF IV 1J1,POLO 9N_,GOLF IV Variant 1J5,SHARAN 7M8, 7M9, 7M6,BORA 1J2,NEW BEETLE 9C1, 1C1<\/p>\n","protected":false},"featured_media":0,"template":"","meta":{"site-sidebar-layout":"default","site-content-layout":"default","ast-global-header-display":"","ast-main-header-display":"","ast-hfb-above-header-display":"","ast-hfb-below-header-display":"","ast-hfb-mobile-header-display":"","site-post-title":"","ast-breadcrumbs-content":"","ast-featured-img":"","footer-sml-layout":"","theme-transparent-header-meta":"","adv-header-id-meta":"","stick-header-meta":"","header-above-stick-meta":"","header-main-stick-meta":"","header-below-stick-meta":""},"pwb-brand":[103],"product_cat":[205],"product_tag":[],"class_list":{"0":"post-35750","1":"product","2":"type-product","3":"status-publish","5":"pwb-brand-swag","6":"product_cat-painemuunnin","7":"desktop-align-left","8":"tablet-align-left","9":"mobile-align-left","11":"first","12":"instock","13":"product-type-external"},"brands":[{"id":103,"name":"SWAG","slug":"swag"}],"_links":{"self":[{"href":"https:\/\/www.autonvaraosahaku.fi\/index.php?rest_route=\/wp\/v2\/product\/35750","targetHints":{"allow":["GET"]}}],"collection":[{"href":"https:\/\/www.autonvaraosahaku.fi\/index.php?rest_route=\/wp\/v2\/product"}],"about":[{"href":"https:\/\/www.autonvaraosahaku.fi\/index.php?rest_route=\/wp\/v2\/types\/product"}],"wp:attachment":[{"href":"https:\/\/www.autonvaraosahaku.fi\/index.php?rest_route=%2Fwp%2Fv2%2Fmedia&parent=35750"}],"wp:term":[{"taxonomy":"pwb-brand","embeddable":true,"href":"https:\/\/www.autonvaraosahaku.fi\/index.php?rest_route=%2Fwp%2Fv2%2Fpwb-brand&post=35750"},{"taxonomy":"product_cat","embeddable":true,"href":"https:\/\/www.autonvaraosahaku.fi\/index.php?rest_route=%2Fwp%2Fv2%2Fproduct_cat&post=35750"},{"taxonomy":"product_tag","embeddable":true,"href":"https:\/\/www.autonvaraosahaku.fi\/index.php?rest_route=%2Fwp%2Fv2%2Fproduct_tag&post=35750"}],"curies":[{"name":"wp","href":"https:\/\/api.w.org\/{rel}","templated":true}]}}