{"id":35753,"date":"2021-02-21T16:26:44","date_gmt":"2021-02-21T16:26:44","guid":{"rendered":"https:\/\/www.autonvaraosahaku.fi\/?product=meyle-314-152-2106-hd-kardaanin-kuminivel"},"modified":"2021-02-21T16:26:46","modified_gmt":"2021-02-21T16:26:46","slug":"meyle-314-152-2106-hd-kardaanin-kuminivel","status":"publish","type":"product","link":"https:\/\/www.autonvaraosahaku.fi\/?product=meyle-314-152-2106-hd-kardaanin-kuminivel","title":{"rendered":"MEYLE 314 152 2106\/HD Kardaanin kuminivel"},"content":{"rendered":"<p>Asennuspuoli: Edess\u00e4; L\u00e4pimitta [mm]: 155; Lis\u00e4tarvike\/lis\u00e4tieto: Asennusmateriaalilla; Nivelmalli: Kumi-\/Hardynivel; Reikien m\u00e4\u00e4r\u00e4: 6; Reik\u00e4ympyr\u00e4-\u00d8 [mm]: 110; M\u00e4\u00e4r\u00e4yksikk\u00f6: Sarja; Vahvistettu malli: ; lis\u00e4tieto: Quality; Vaihteistomalli: f\u00fcr Automatikgetriebe; BMW: 3 E46,5 E39,3 Touring E46,X3 E83,5 Touring E39,3 Coupe E46,3 Cabriolet E46,7 E38,7 E65, E66, E67; 26111229754, 26117572664; R\u00e4ttinivel,Nivel, Pitkitt\u00e4isakseli<\/p>\n","protected":false},"excerpt":{"rendered":"<p>MEYLE Kardaanin Kuminivel 314 152 2106\/HD R\u00e4ttinivel,Nivel, Pitkitt\u00e4isakseli BMW,3 E46,5 E39,3 Touring E46,X3 E83,5 Touring E39,3 Coupe E46<\/p>\n","protected":false},"featured_media":0,"template":"","meta":{"site-sidebar-layout":"default","site-content-layout":"default","ast-global-header-display":"","ast-main-header-display":"","ast-hfb-above-header-display":"","ast-hfb-below-header-display":"","ast-hfb-mobile-header-display":"","site-post-title":"","ast-breadcrumbs-content":"","ast-featured-img":"","footer-sml-layout":"","theme-transparent-header-meta":"","adv-header-id-meta":"","stick-header-meta":"","header-above-stick-meta":"","header-main-stick-meta":"","header-below-stick-meta":""},"pwb-brand":[84],"product_cat":[56],"product_tag":[],"class_list":{"0":"post-35753","1":"product","2":"type-product","3":"status-publish","5":"pwb-brand-meyle","6":"product_cat-kardaanin-kuminivel","7":"desktop-align-left","8":"tablet-align-left","9":"mobile-align-left","11":"first","12":"instock","13":"product-type-external"},"brands":[{"id":84,"name":"MEYLE","slug":"meyle"}],"_links":{"self":[{"href":"https:\/\/www.autonvaraosahaku.fi\/index.php?rest_route=\/wp\/v2\/product\/35753","targetHints":{"allow":["GET"]}}],"collection":[{"href":"https:\/\/www.autonvaraosahaku.fi\/index.php?rest_route=\/wp\/v2\/product"}],"about":[{"href":"https:\/\/www.autonvaraosahaku.fi\/index.php?rest_route=\/wp\/v2\/types\/product"}],"wp:attachment":[{"href":"https:\/\/www.autonvaraosahaku.fi\/index.php?rest_route=%2Fwp%2Fv2%2Fmedia&parent=35753"}],"wp:term":[{"taxonomy":"pwb-brand","embeddable":true,"href":"https:\/\/www.autonvaraosahaku.fi\/index.php?rest_route=%2Fwp%2Fv2%2Fpwb-brand&post=35753"},{"taxonomy":"product_cat","embeddable":true,"href":"https:\/\/www.autonvaraosahaku.fi\/index.php?rest_route=%2Fwp%2Fv2%2Fproduct_cat&post=35753"},{"taxonomy":"product_tag","embeddable":true,"href":"https:\/\/www.autonvaraosahaku.fi\/index.php?rest_route=%2Fwp%2Fv2%2Fproduct_tag&post=35753"}],"curies":[{"name":"wp","href":"https:\/\/api.w.org\/{rel}","templated":true}]}}