{"id":35781,"date":"2021-02-21T16:26:53","date_gmt":"2021-02-21T16:26:53","guid":{"rendered":"https:\/\/www.autonvaraosahaku.fi\/?product=diederichs-1457028-sivupeilin-lasi"},"modified":"2021-02-21T16:26:54","modified_gmt":"2021-02-21T16:26:54","slug":"diederichs-1457028-sivupeilin-lasi","status":"publish","type":"product","link":"https:\/\/www.autonvaraosahaku.fi\/?product=diederichs-1457028-sivupeilin-lasi","title":{"rendered":"DIEDERICHS 1457028 Sivupeilin lasi"},"content":{"rendered":"<p>Asennuspuoli: Oikea; Ulko-\/sis\u00e4peili: Kupera, Kuollut-kulmapeili ei l\u00e4mmitetty; Rekister\u00f6ity tyyppi: E-hyv\u00e4ksytty; FORD: TRANSIT MK-7 Kasten,TRANSIT MK-7 Bus,TRANSIT MK-7 Pritsche\/Fahrgestell,TRANSIT CUSTOM Kasten,TRANSIT Custom  Bus,TRANSIT Custom Pritsche\/Fahrgestell; 1823988, 1823997, 1855102, 1855103, BK3117A700AA, BK3117A700AB, BK3117C718AB; Peililasi, Ulkopeili<\/p>\n","protected":false},"excerpt":{"rendered":"<p>DIEDERICHS Sivupeilin Lasi 1457028 Peililasi, Ulkopeili FORD,TRANSIT MK-7 Kasten,TRANSIT MK-7 Bus,TRANSIT MK-7 Pritsche\/Fahrgestell<\/p>\n","protected":false},"featured_media":0,"template":"","meta":{"site-sidebar-layout":"default","site-content-layout":"default","ast-global-header-display":"","ast-main-header-display":"","ast-hfb-above-header-display":"","ast-hfb-below-header-display":"","ast-hfb-mobile-header-display":"","site-post-title":"","ast-breadcrumbs-content":"","ast-featured-img":"","footer-sml-layout":"","theme-transparent-header-meta":"","adv-header-id-meta":"","stick-header-meta":"","header-above-stick-meta":"","header-main-stick-meta":"","header-below-stick-meta":""},"pwb-brand":[227],"product_cat":[196],"product_tag":[],"class_list":{"0":"post-35781","1":"product","2":"type-product","3":"status-publish","5":"pwb-brand-diederichs","6":"product_cat-sivupeilin-lasi","7":"desktop-align-left","8":"tablet-align-left","9":"mobile-align-left","11":"first","12":"instock","13":"product-type-external"},"brands":[{"id":227,"name":"DIEDERICHS","slug":"diederichs"}],"_links":{"self":[{"href":"https:\/\/www.autonvaraosahaku.fi\/index.php?rest_route=\/wp\/v2\/product\/35781","targetHints":{"allow":["GET"]}}],"collection":[{"href":"https:\/\/www.autonvaraosahaku.fi\/index.php?rest_route=\/wp\/v2\/product"}],"about":[{"href":"https:\/\/www.autonvaraosahaku.fi\/index.php?rest_route=\/wp\/v2\/types\/product"}],"wp:attachment":[{"href":"https:\/\/www.autonvaraosahaku.fi\/index.php?rest_route=%2Fwp%2Fv2%2Fmedia&parent=35781"}],"wp:term":[{"taxonomy":"pwb-brand","embeddable":true,"href":"https:\/\/www.autonvaraosahaku.fi\/index.php?rest_route=%2Fwp%2Fv2%2Fpwb-brand&post=35781"},{"taxonomy":"product_cat","embeddable":true,"href":"https:\/\/www.autonvaraosahaku.fi\/index.php?rest_route=%2Fwp%2Fv2%2Fproduct_cat&post=35781"},{"taxonomy":"product_tag","embeddable":true,"href":"https:\/\/www.autonvaraosahaku.fi\/index.php?rest_route=%2Fwp%2Fv2%2Fproduct_tag&post=35781"}],"curies":[{"name":"wp","href":"https:\/\/api.w.org\/{rel}","templated":true}]}}