{"id":35782,"date":"2021-02-21T16:26:53","date_gmt":"2021-02-21T16:26:53","guid":{"rendered":"https:\/\/www.autonvaraosahaku.fi\/?product=et-engineteam-pm004900et-manta"},"modified":"2021-02-21T16:26:54","modified_gmt":"2021-02-21T16:26:54","slug":"et-engineteam-pm004900et-manta","status":"publish","type":"product","link":"https:\/\/www.autonvaraosahaku.fi\/?product=et-engineteam-pm004900et-manta","title":{"rendered":"ET ENGINETEAM PM004900ET M\u00e4nt\u00e4"},"content":{"rendered":"<p>Sylinterin halkaisija [mm]: 76,5; Vakiomitta (STD): ; Puristuskorkeus [mm]: 29; Pituus (mm): 48; Ruuvi-\u00d8 [mm]: 19; Pultinpituus [mm]: 54; tuotenumerolle: PM004900; T\u00e4yssarja: ; Lis\u00e4tarvike\/lis\u00e4tieto: M\u00e4nn\u00e4nrenkailla; TECDOC-moottorinumero: 24449; VW: GOLF V 1K1,TOURAN 1T1, 1T2,GOLF VI 5K1,GOLF PLUS 5M1, 521,POLO 6R, 6C,TIGUAN 5N_,PASSAT Variant 365,TOURAN 1T3,GOLF VI Variant AJ5,GOLF V Variant 1K5,EOS 1F7, 1F8,SCIROCCO 137, 138,SHARAN 7N1, 7N2,JETTA III 1K2,PASSAT 362,CC 358,GOLF VI Cabriolet 517,BEETLE 5C1,JETTA IV 162, 163,BEETLE Cabriolet 5C7; AUDI: A1 8X1, 8XF,A1 Sportback 8XA, 8XK; SKODA: FABIA,FABIA Combi; SEAT: IBIZA V 6J5, 6P5,IBIZA V ST 6J8, 6P8,ALHAMBRA 710, 711,IBIZA V SPORTCOUPE 6J1, 6P1; 03C107065AH, 03C107065AQ, 03C107065AS, 03C107065BF, 03C107065BL, 03C107065CE, 03C107065CF, 03C107065CK; M\u00e4nn\u00e4t<\/p>\n","protected":false},"excerpt":{"rendered":"<p>ET ENGINETEAM M\u00e4nt\u00e4 PM004900ET M\u00e4nn\u00e4t VW,AUDI,SKODA,GOLF V 1K1,TOURAN 1T1, 1T2,GOLF VI 5K1,GOLF PLUS 5M1, 521,POLO 6R, 6C,TIGUAN 5N_<\/p>\n","protected":false},"featured_media":0,"template":"","meta":{"site-sidebar-layout":"default","site-content-layout":"default","ast-global-header-display":"","ast-main-header-display":"","ast-hfb-above-header-display":"","ast-hfb-below-header-display":"","ast-hfb-mobile-header-display":"","site-post-title":"","ast-breadcrumbs-content":"","ast-featured-img":"","footer-sml-layout":"","theme-transparent-header-meta":"","adv-header-id-meta":"","stick-header-meta":"","header-above-stick-meta":"","header-main-stick-meta":"","header-below-stick-meta":""},"pwb-brand":[407],"product_cat":[434],"product_tag":[],"class_list":{"0":"post-35782","1":"product","2":"type-product","3":"status-publish","5":"pwb-brand-et-engineteam","6":"product_cat-manta","7":"desktop-align-left","8":"tablet-align-left","9":"mobile-align-left","11":"first","12":"instock","13":"product-type-external"},"brands":[{"id":407,"name":"ET ENGINETEAM","slug":"et-engineteam"}],"_links":{"self":[{"href":"https:\/\/www.autonvaraosahaku.fi\/index.php?rest_route=\/wp\/v2\/product\/35782","targetHints":{"allow":["GET"]}}],"collection":[{"href":"https:\/\/www.autonvaraosahaku.fi\/index.php?rest_route=\/wp\/v2\/product"}],"about":[{"href":"https:\/\/www.autonvaraosahaku.fi\/index.php?rest_route=\/wp\/v2\/types\/product"}],"wp:attachment":[{"href":"https:\/\/www.autonvaraosahaku.fi\/index.php?rest_route=%2Fwp%2Fv2%2Fmedia&parent=35782"}],"wp:term":[{"taxonomy":"pwb-brand","embeddable":true,"href":"https:\/\/www.autonvaraosahaku.fi\/index.php?rest_route=%2Fwp%2Fv2%2Fpwb-brand&post=35782"},{"taxonomy":"product_cat","embeddable":true,"href":"https:\/\/www.autonvaraosahaku.fi\/index.php?rest_route=%2Fwp%2Fv2%2Fproduct_cat&post=35782"},{"taxonomy":"product_tag","embeddable":true,"href":"https:\/\/www.autonvaraosahaku.fi\/index.php?rest_route=%2Fwp%2Fv2%2Fproduct_tag&post=35782"}],"curies":[{"name":"wp","href":"https:\/\/api.w.org\/{rel}","templated":true}]}}