{"id":35791,"date":"2021-02-21T16:26:53","date_gmt":"2021-02-21T16:26:53","guid":{"rendered":"https:\/\/www.autonvaraosahaku.fi\/?product=maxgear-19-3332-muut-luokat"},"modified":"2021-02-21T16:26:56","modified_gmt":"2021-02-21T16:26:56","slug":"maxgear-19-3332-muut-luokat","status":"publish","type":"product","link":"https:\/\/www.autonvaraosahaku.fi\/?product=maxgear-19-3332-muut-luokat","title":{"rendered":"MAXGEAR 19-3332 Muut luokat"},"content":{"rendered":"<p>L\u00e4pimitta [mm]: 180; Leveys (mm): 30; J\u00e4lkis\u00e4\u00e4t\u00f6: Manuaalisella s\u00e4\u00e4d\u00f6ll\u00e4; Valmistusmaa: Ranska; Asennuspuoli: Hinterachse; NISSAN: PIXO UA0; DAIHATSU: CHARADE III G100, G101, G102,APPLAUSE II A101,APPLAUSE I A101, A111; SUZUKI: SWIFT III MZ, EZ,SPLASH,SWIFT II Schr\u00e4gheck EA, MA,ALTO HA25, HA35,LIANA Schr\u00e4gheck,LIANA ER,BALENO Kombi EG,BALENO EG,BALENO Schr\u00e4gheck EG,SWIFT II Stufenheck AH, AJ; SUBARU: JUSTY II JMA, MS; TOYOTA: YARIS SCP9_, NSP9_, KSP9_, NCP9_, ZSP9_,YARIS SCP1_, NLP1_, NCP1_,AYGO WNB1_, KGB1_,AYGO PAB4_, KGB4_; CITRO\u00cbN: C1 PM_, PN_; PEUGEOT: 107<\/p>\n","protected":false},"excerpt":{"rendered":"<p>MAXGEAR J\u00e4lkiasennussarja, Rumpujarru 19-3332  NISSAN,DAIHATSU,SUZUKI,PIXO UA0,CHARADE III G100, G101, G102,APPLAUSE II A101,APPLAUSE I A101, A111<\/p>\n","protected":false},"featured_media":0,"template":"","meta":{"site-sidebar-layout":"default","site-content-layout":"default","ast-global-header-display":"","ast-main-header-display":"","ast-hfb-above-header-display":"","ast-hfb-below-header-display":"","ast-hfb-mobile-header-display":"","site-post-title":"","ast-breadcrumbs-content":"","ast-featured-img":"","footer-sml-layout":"","theme-transparent-header-meta":"","adv-header-id-meta":"","stick-header-meta":"","header-above-stick-meta":"","header-main-stick-meta":"","header-below-stick-meta":""},"pwb-brand":[48],"product_cat":[37],"product_tag":[],"class_list":{"0":"post-35791","1":"product","2":"type-product","3":"status-publish","5":"pwb-brand-maxgear","6":"product_cat-muut-luokat","7":"desktop-align-left","8":"tablet-align-left","9":"mobile-align-left","11":"first","12":"instock","13":"product-type-external"},"brands":[{"id":48,"name":"MAXGEAR","slug":"maxgear"}],"_links":{"self":[{"href":"https:\/\/www.autonvaraosahaku.fi\/index.php?rest_route=\/wp\/v2\/product\/35791","targetHints":{"allow":["GET"]}}],"collection":[{"href":"https:\/\/www.autonvaraosahaku.fi\/index.php?rest_route=\/wp\/v2\/product"}],"about":[{"href":"https:\/\/www.autonvaraosahaku.fi\/index.php?rest_route=\/wp\/v2\/types\/product"}],"wp:attachment":[{"href":"https:\/\/www.autonvaraosahaku.fi\/index.php?rest_route=%2Fwp%2Fv2%2Fmedia&parent=35791"}],"wp:term":[{"taxonomy":"pwb-brand","embeddable":true,"href":"https:\/\/www.autonvaraosahaku.fi\/index.php?rest_route=%2Fwp%2Fv2%2Fpwb-brand&post=35791"},{"taxonomy":"product_cat","embeddable":true,"href":"https:\/\/www.autonvaraosahaku.fi\/index.php?rest_route=%2Fwp%2Fv2%2Fproduct_cat&post=35791"},{"taxonomy":"product_tag","embeddable":true,"href":"https:\/\/www.autonvaraosahaku.fi\/index.php?rest_route=%2Fwp%2Fv2%2Fproduct_tag&post=35791"}],"curies":[{"name":"wp","href":"https:\/\/api.w.org\/{rel}","templated":true}]}}