{"id":35806,"date":"2021-02-21T16:26:58","date_gmt":"2021-02-21T16:26:58","guid":{"rendered":"https:\/\/www.autonvaraosahaku.fi\/?product=quaro-qd7442-jarrulevyt"},"modified":"2021-02-21T16:27:00","modified_gmt":"2021-02-21T16:27:00","slug":"quaro-qd7442-jarrulevyt","status":"publish","type":"product","link":"https:\/\/www.autonvaraosahaku.fi\/?product=quaro-qd7442-jarrulevyt","title":{"rendered":"QUARO QD7442 Jarrulevyt"},"content":{"rendered":"<p>Jarrulevytyyppi: Tuuletettu, sis\u00e4; Ulkol\u00e4pimitta [mm]: 280; Jarrulevyn paksuus (mm): 22,0; V\u00e4himm\u00e4ispaksuus (mm): 19,0; Korkeus (mm): 49,7; Reik\u00e4kuvio\/-m\u00e4\u00e4r\u00e4: 05\/10; Reik\u00e4ympyr\u00e4-\u00d8 [mm]: 112,0; keskitt\u00e4misl\u00e4pimitta [mm]: 65,0; Paino [kg]: 5,7; Korvaava tuote\/korvaava tiedote 2: Ilman py\u00f6r\u00e4nnapaa, Ilman py\u00f6r\u00e4nkiinnityspultteja; Pinta: pinnoitettu; Pakkauspituus [cm]: 33; Pakkausleveys [cm]: 31,5; Pakkauskorkeus [mm]: 12, 12; Asennuspuoli: Etuakseli, Vorderachse; VW: GOLF V 1K1,GOLF VI 5K1,GOLF PLUS 5M1, 521,CADDY III Kombi 2KB, 2KJ, 2CB, 2CJ,GOLF VI Variant AJ5,GOLF V Variant 1K5,CADDY III Kasten 2KA, 2KH, 2CA, 2CH,JETTA III 1K2,BEETLE 5C1,JETTA IV 162, 163,BEETLE Cabriolet 5C7; AUDI: A3 8P1,A3 Sportback 8PA,A3 Cabriolet 8P7; SKODA: OCTAVIA Combi 1Z5,YETI 5L,OCTAVIA 1Z3; SEAT: LEON 1P1,ALTEA 5P1,ALTEA XL 5P5, 5P8,TOLEDO III 5P2; 1K0615301AC, 1K0615301AK, 1K0615301AQ, 1K0615301AS, 1K0615301S, 5C0615301, 5C0615301C, JZW615301A, 1K0615301AC, 1K0615301AK, 1K0615301AQ, 1K0615301AS, 1K0615301S, 5C0615301, 5C0615301C, JZW615301A, 1K0615301AC, 1K0615301AK, 1K0615301AQ, 1K0615301AS, 1K0615301S, 5C0615301, 5C0615301C, JZW615301A, 1K0615301AC, 1K0615301AK, 1K0615301AQ, 1K0615301AS, 1K0615301S, 5C0615301, 5C0615301C, 8E0098301AA, 8E0098301S, 8P0098301A, 8P0698302, JZW615301A; Jarrulevy<\/p>\n","protected":false},"excerpt":{"rendered":"<p>QUARO Jarrulevyt QD7442 Jarrulevy VW,AUDI,SKODA,GOLF V 1K1,GOLF VI 5K1,GOLF PLUS 5M1, 521,CADDY III Kombi 2KB, 2KJ, 2CB, 2CJ,GOLF VI Variant AJ5<\/p>\n","protected":false},"featured_media":0,"template":"","meta":{"site-sidebar-layout":"default","site-content-layout":"default","ast-global-header-display":"","ast-main-header-display":"","ast-hfb-above-header-display":"","ast-hfb-below-header-display":"","ast-hfb-mobile-header-display":"","site-post-title":"","ast-breadcrumbs-content":"","ast-featured-img":"","footer-sml-layout":"","theme-transparent-header-meta":"","adv-header-id-meta":"","stick-header-meta":"","header-above-stick-meta":"","header-main-stick-meta":"","header-below-stick-meta":""},"pwb-brand":[464],"product_cat":[66],"product_tag":[],"class_list":{"0":"post-35806","1":"product","2":"type-product","3":"status-publish","5":"pwb-brand-quaro","6":"product_cat-jarrulevyt","7":"desktop-align-left","8":"tablet-align-left","9":"mobile-align-left","11":"first","12":"instock","13":"product-type-external"},"brands":[{"id":464,"name":"QUARO","slug":"quaro"}],"_links":{"self":[{"href":"https:\/\/www.autonvaraosahaku.fi\/index.php?rest_route=\/wp\/v2\/product\/35806","targetHints":{"allow":["GET"]}}],"collection":[{"href":"https:\/\/www.autonvaraosahaku.fi\/index.php?rest_route=\/wp\/v2\/product"}],"about":[{"href":"https:\/\/www.autonvaraosahaku.fi\/index.php?rest_route=\/wp\/v2\/types\/product"}],"wp:attachment":[{"href":"https:\/\/www.autonvaraosahaku.fi\/index.php?rest_route=%2Fwp%2Fv2%2Fmedia&parent=35806"}],"wp:term":[{"taxonomy":"pwb-brand","embeddable":true,"href":"https:\/\/www.autonvaraosahaku.fi\/index.php?rest_route=%2Fwp%2Fv2%2Fpwb-brand&post=35806"},{"taxonomy":"product_cat","embeddable":true,"href":"https:\/\/www.autonvaraosahaku.fi\/index.php?rest_route=%2Fwp%2Fv2%2Fproduct_cat&post=35806"},{"taxonomy":"product_tag","embeddable":true,"href":"https:\/\/www.autonvaraosahaku.fi\/index.php?rest_route=%2Fwp%2Fv2%2Fproduct_tag&post=35806"}],"curies":[{"name":"wp","href":"https:\/\/api.w.org\/{rel}","templated":true}]}}