{"id":35807,"date":"2021-02-21T16:26:58","date_gmt":"2021-02-21T16:26:58","guid":{"rendered":"https:\/\/www.autonvaraosahaku.fi\/?product=quaro-qd6766-jarrulevyt"},"modified":"2021-02-21T16:27:00","modified_gmt":"2021-02-21T16:27:00","slug":"quaro-qd6766-jarrulevyt","status":"publish","type":"product","link":"https:\/\/www.autonvaraosahaku.fi\/?product=quaro-qd6766-jarrulevyt","title":{"rendered":"QUARO QD6766 Jarrulevyt"},"content":{"rendered":"<p>Jarrulevytyyppi: Tuuletettu, sis\u00e4; Ulkol\u00e4pimitta [mm]: 300; Jarrulevyn paksuus (mm): 28,0; V\u00e4himm\u00e4ispaksuus (mm): 26,0; Korkeus (mm): 52,1; Reik\u00e4kuvio\/-m\u00e4\u00e4r\u00e4: 05\/06; Reik\u00e4ympyr\u00e4-\u00d8 [mm]: 108,0; keskitt\u00e4misl\u00e4pimitta [mm]: 63,6; Py\u00f6r\u00e4npulttireik\u00e4-\u00d8 [mm]: 15,75; Paino [kg]: 8,8; Korvaava tuote\/korvaava tiedote 2: Ilman py\u00f6r\u00e4nnapaa, Ilman py\u00f6r\u00e4nkiinnityspultteja; Pinta: pinnoitettu; Pakkauspituus [cm]: 33; Pakkausleveys [cm]: 31,5; Pakkauskorkeus [mm]: 12, 12; Asennuspuoli: Vorderachse; LAND ROVER: FREELANDER 2 FA_,RANGE ROVER EVOQUE LV,RANGE ROVER EVOQUE Cabriolet LV_; VOLVO: V70 III BW,V60,XC70 II,S80 II AS,S60 II; FORD: S-MAX WA6,GALAXY WA6; 1379965, 1384689, 1405510, 1420600, 1420601, 1469085, 1500158, 1500159, 1514427, 6G912C375CB, 6G912C375CC, 6G912C375CD, 6G912C375F1B, 6G912C375FA, 6G912C375FB, 7G911125BA, 7G911125EA, LR000571, LR007055, 30736311, 30769056, 31202327, 31202331, 31341382; Jarrulevy<\/p>\n","protected":false},"excerpt":{"rendered":"<p>QUARO Jarrulevyt QD6766 Jarrulevy LAND ROVER,VOLVO,FORD,FREELANDER 2 FA_,RANGE ROVER EVOQUE LV,RANGE ROVER EVOQUE Cabriolet LV_,V70 III BW,V60,XC70 II<\/p>\n","protected":false},"featured_media":0,"template":"","meta":{"site-sidebar-layout":"default","site-content-layout":"default","ast-global-header-display":"","ast-main-header-display":"","ast-hfb-above-header-display":"","ast-hfb-below-header-display":"","ast-hfb-mobile-header-display":"","site-post-title":"","ast-breadcrumbs-content":"","ast-featured-img":"","footer-sml-layout":"","theme-transparent-header-meta":"","adv-header-id-meta":"","stick-header-meta":"","header-above-stick-meta":"","header-main-stick-meta":"","header-below-stick-meta":""},"pwb-brand":[464],"product_cat":[66],"product_tag":[],"class_list":{"0":"post-35807","1":"product","2":"type-product","3":"status-publish","5":"pwb-brand-quaro","6":"product_cat-jarrulevyt","7":"desktop-align-left","8":"tablet-align-left","9":"mobile-align-left","11":"first","12":"instock","13":"product-type-external"},"brands":[{"id":464,"name":"QUARO","slug":"quaro"}],"_links":{"self":[{"href":"https:\/\/www.autonvaraosahaku.fi\/index.php?rest_route=\/wp\/v2\/product\/35807","targetHints":{"allow":["GET"]}}],"collection":[{"href":"https:\/\/www.autonvaraosahaku.fi\/index.php?rest_route=\/wp\/v2\/product"}],"about":[{"href":"https:\/\/www.autonvaraosahaku.fi\/index.php?rest_route=\/wp\/v2\/types\/product"}],"wp:attachment":[{"href":"https:\/\/www.autonvaraosahaku.fi\/index.php?rest_route=%2Fwp%2Fv2%2Fmedia&parent=35807"}],"wp:term":[{"taxonomy":"pwb-brand","embeddable":true,"href":"https:\/\/www.autonvaraosahaku.fi\/index.php?rest_route=%2Fwp%2Fv2%2Fpwb-brand&post=35807"},{"taxonomy":"product_cat","embeddable":true,"href":"https:\/\/www.autonvaraosahaku.fi\/index.php?rest_route=%2Fwp%2Fv2%2Fproduct_cat&post=35807"},{"taxonomy":"product_tag","embeddable":true,"href":"https:\/\/www.autonvaraosahaku.fi\/index.php?rest_route=%2Fwp%2Fv2%2Fproduct_tag&post=35807"}],"curies":[{"name":"wp","href":"https:\/\/api.w.org\/{rel}","templated":true}]}}