{"id":35808,"date":"2021-02-21T16:26:58","date_gmt":"2021-02-21T16:26:58","guid":{"rendered":"https:\/\/www.autonvaraosahaku.fi\/?product=quaro-qd5131-jarrulevyt"},"modified":"2021-02-21T16:27:00","modified_gmt":"2021-02-21T16:27:00","slug":"quaro-qd5131-jarrulevyt","status":"publish","type":"product","link":"https:\/\/www.autonvaraosahaku.fi\/?product=quaro-qd5131-jarrulevyt","title":{"rendered":"QUARO QD5131 Jarrulevyt"},"content":{"rendered":"<p>Jarrulevytyyppi: Tuuletettu, sis\u00e4; Ulkol\u00e4pimitta [mm]: 300; Jarrulevyn paksuus (mm): 26,0; V\u00e4himm\u00e4ispaksuus (mm): 23,0; Korkeus (mm): 45,5; Reik\u00e4kuvio\/-m\u00e4\u00e4r\u00e4: 05\/06; Reik\u00e4ympyr\u00e4-\u00d8 [mm]: 115,0; keskitt\u00e4misl\u00e4pimitta [mm]: 70,7; Paino [kg]: 8,5; Korvaava tuote\/korvaava tiedote 2: Ilman py\u00f6r\u00e4nnapaa, Ilman py\u00f6r\u00e4nkiinnityspultteja; Pinta: pinnoitettu; Pakkauspituus [cm]: 33; Pakkausleveys [cm]: 31,5; Pakkauskorkeus [mm]: 12, 12; Asennuspuoli: Etuakseli, Vorderachse; CHEVROLET: ORLANDO J309,CRUZE J300,CRUZE Station Wagon J308,CRUZE Schr\u00e4gheck J305,VOLT; OPEL: ASTRA J Sports Tourer,ASTRA J,ZAFIRA TOURER C P12,ASTRA GTC J,ASTRA J Stufenheck,AMPERA,INSIGNIA Caravan,INSIGNIA CC,ASTRA CLASSIC Caravan,ASTRA CLASSIC L48,INSIGNIA B Country Tourer Z18; VAUXHALL: ZAFIRA Mk III P12,ASTRA Mk VI J CC,ASTRA Mk VI J,AMPERA,ASTRA Mk VI J Sedan,ASTRA Mk VI J Estate,INSIGNIA Mk II B Country Tourer Z18; 13502057, 13502051, 13502052, 1350252, 13503988, 13517846, 13521004, 23118060, 569070, 569076, 569082, 569098, 95527031, 13502051, 13502052, 1350252, 13503988, 13517846, 13521004, 23118060, 569070, 569082; Jarrulevy<\/p>\n","protected":false},"excerpt":{"rendered":"<p>QUARO Jarrulevyt QD5131 Jarrulevy CHEVROLET,OPEL,VAUXHALL,ORLANDO J309,CRUZE J300,CRUZE Station Wagon J308,CRUZE Schr\u00e4gheck J305,VOLT<\/p>\n","protected":false},"featured_media":0,"template":"","meta":{"site-sidebar-layout":"default","site-content-layout":"default","ast-global-header-display":"","ast-main-header-display":"","ast-hfb-above-header-display":"","ast-hfb-below-header-display":"","ast-hfb-mobile-header-display":"","site-post-title":"","ast-breadcrumbs-content":"","ast-featured-img":"","footer-sml-layout":"","theme-transparent-header-meta":"","adv-header-id-meta":"","stick-header-meta":"","header-above-stick-meta":"","header-main-stick-meta":"","header-below-stick-meta":""},"pwb-brand":[464],"product_cat":[66],"product_tag":[],"class_list":{"0":"post-35808","1":"product","2":"type-product","3":"status-publish","5":"pwb-brand-quaro","6":"product_cat-jarrulevyt","7":"desktop-align-left","8":"tablet-align-left","9":"mobile-align-left","11":"first","12":"instock","13":"product-type-external"},"brands":[{"id":464,"name":"QUARO","slug":"quaro"}],"_links":{"self":[{"href":"https:\/\/www.autonvaraosahaku.fi\/index.php?rest_route=\/wp\/v2\/product\/35808","targetHints":{"allow":["GET"]}}],"collection":[{"href":"https:\/\/www.autonvaraosahaku.fi\/index.php?rest_route=\/wp\/v2\/product"}],"about":[{"href":"https:\/\/www.autonvaraosahaku.fi\/index.php?rest_route=\/wp\/v2\/types\/product"}],"wp:attachment":[{"href":"https:\/\/www.autonvaraosahaku.fi\/index.php?rest_route=%2Fwp%2Fv2%2Fmedia&parent=35808"}],"wp:term":[{"taxonomy":"pwb-brand","embeddable":true,"href":"https:\/\/www.autonvaraosahaku.fi\/index.php?rest_route=%2Fwp%2Fv2%2Fpwb-brand&post=35808"},{"taxonomy":"product_cat","embeddable":true,"href":"https:\/\/www.autonvaraosahaku.fi\/index.php?rest_route=%2Fwp%2Fv2%2Fproduct_cat&post=35808"},{"taxonomy":"product_tag","embeddable":true,"href":"https:\/\/www.autonvaraosahaku.fi\/index.php?rest_route=%2Fwp%2Fv2%2Fproduct_tag&post=35808"}],"curies":[{"name":"wp","href":"https:\/\/api.w.org\/{rel}","templated":true}]}}