{"id":35826,"date":"2021-02-21T16:27:03","date_gmt":"2021-02-21T16:27:03","guid":{"rendered":"https:\/\/www.autonvaraosahaku.fi\/?product=as-pl-s5005-starttimoottori"},"modified":"2021-02-21T16:27:04","modified_gmt":"2021-02-21T16:27:04","slug":"as-pl-s5005-starttimoottori","status":"publish","type":"product","link":"https:\/\/www.autonvaraosahaku.fi\/?product=as-pl-s5005-starttimoottori","title":{"rendered":"AS-PL S5005 Starttimoottori"},"content":{"rendered":"<p>Pituus 1 (mm): 77,00; Pituus 2 (mm): 3,00; K\u00e4ynnistinmoottori teho (kW): 2,00; J\u00e4nnite (V): 12; Kiinnitysreikien lukum\u00e4\u00e4r\u00e4: 2; kierrereiki\u00e4 [kpl]: 2; Py\u00f6rimissuunta: Py\u00f6rimissuunta my\u00f6t\u00e4p\u00e4iv\u00e4\u00e4n; Hammasluku: 10; Valmistusvuoteen: 05\/1992; HYUNDAI: TERRACAN HP,GALLOPER II JK-01,H-1 Kasten,H-1 \/ STAREX,GALLOPER I,H100 Bus P,H100 Kasten,H-1 Pritsche\/Fahrgestell,H100 Pick-up,H100 Pritsche\/Fahrgestell,PORTER Pick-up; MITSUBISHI: PAJERO III V7_W, V6_W,GALANT VI Station Wagon EA_,PAJERO II V3_W, V2_W, V4_W,L 300 Bus P0_W, P1_W, P2_W,PAJERO I L04_G, L14_G,SPACE RUNNER N1_W, N2_W,COLT III C5_A,GALLOPER JK-01,L 300 Pritsche\/Fahrgestell L03_P,L 300 Kasten L03_P,LANCER V Station Wagon CB_W, CD_W,GALANT IV E3_A,LANCER V CB\/D_A,SPACE WAGON N3_W, N4_W,GALANT IV Stufenheck E3_A,LANCER IV C6_A, C7_A,PAJERO III Gel\u00e4ndewagen offen V6_W, V7_W,L 300 Kasten P0_W, P1_W,L 300 Bus LO3_P\/G, L0_2P,PAJERO I Canvas Top L04_G,L 200 K3_T, K2_T, K1_T, K0_T,GALANT V Stufenheck E5_A, E7_A, E8_A,GALANT V E5_A, E7_A, E8_A,PAJERO II Canvas Top V2_W, V4_W,COLT II C1_A,LANCER III Station Wagon C1_V, C3_V,GALANT III E1_A,LANCER IV Stufenheck C6_A,SPACE WAGON D0_V\/W,GALANT II A16_,L 300 Pritsche\/Fahrgestell P1_T,LANCER III C1_A, C6_A,GALANT II Station Wagon A16_V; M002T56171, M002T56181, M002T56182, M002T56185, M002T57271, M002T57273, M002T57771, M2T56171, M2T56181, M2T56182, M2T56185, M2T57271, M2T57273, M2T57771, M2T62971, M3T61071, MD050205, MD061154, MD069166, MD070934, MD084414, MD156986, MD162975, MD164975, MD191433, MD191435; Startti,K\u00e4ynnistinmoottori<\/p>\n","protected":false},"excerpt":{"rendered":"<p>AS-PL Starttimoottori Brand new AS-PL Alternator freewheel pulley S5005 Startti,K\u00e4ynnistinmoottori HYUNDAI,MITSUBISHI,TERRACAN HP,GALLOPER II JK-01<\/p>\n","protected":false},"featured_media":0,"template":"","meta":{"site-sidebar-layout":"default","site-content-layout":"default","ast-global-header-display":"","ast-main-header-display":"","ast-hfb-above-header-display":"","ast-hfb-below-header-display":"","ast-hfb-mobile-header-display":"","site-post-title":"","ast-breadcrumbs-content":"","ast-featured-img":"","footer-sml-layout":"","theme-transparent-header-meta":"","adv-header-id-meta":"","stick-header-meta":"","header-above-stick-meta":"","header-main-stick-meta":"","header-below-stick-meta":""},"pwb-brand":[347],"product_cat":[295],"product_tag":[],"class_list":{"0":"post-35826","1":"product","2":"type-product","3":"status-publish","5":"pwb-brand-as-pl","6":"product_cat-starttimoottori","7":"desktop-align-left","8":"tablet-align-left","9":"mobile-align-left","11":"first","12":"instock","13":"product-type-external"},"brands":[{"id":347,"name":"AS-PL","slug":"as-pl"}],"_links":{"self":[{"href":"https:\/\/www.autonvaraosahaku.fi\/index.php?rest_route=\/wp\/v2\/product\/35826","targetHints":{"allow":["GET"]}}],"collection":[{"href":"https:\/\/www.autonvaraosahaku.fi\/index.php?rest_route=\/wp\/v2\/product"}],"about":[{"href":"https:\/\/www.autonvaraosahaku.fi\/index.php?rest_route=\/wp\/v2\/types\/product"}],"wp:attachment":[{"href":"https:\/\/www.autonvaraosahaku.fi\/index.php?rest_route=%2Fwp%2Fv2%2Fmedia&parent=35826"}],"wp:term":[{"taxonomy":"pwb-brand","embeddable":true,"href":"https:\/\/www.autonvaraosahaku.fi\/index.php?rest_route=%2Fwp%2Fv2%2Fpwb-brand&post=35826"},{"taxonomy":"product_cat","embeddable":true,"href":"https:\/\/www.autonvaraosahaku.fi\/index.php?rest_route=%2Fwp%2Fv2%2Fproduct_cat&post=35826"},{"taxonomy":"product_tag","embeddable":true,"href":"https:\/\/www.autonvaraosahaku.fi\/index.php?rest_route=%2Fwp%2Fv2%2Fproduct_tag&post=35826"}],"curies":[{"name":"wp","href":"https:\/\/api.w.org\/{rel}","templated":true}]}}