{"id":35829,"date":"2021-02-21T16:27:03","date_gmt":"2021-02-21T16:27:03","guid":{"rendered":"https:\/\/www.autonvaraosahaku.fi\/?product=monroe-sp4113-jouset"},"modified":"2021-02-21T16:27:05","modified_gmt":"2021-02-21T16:27:05","slug":"monroe-sp4113-jouset","status":"publish","type":"product","link":"https:\/\/www.autonvaraosahaku.fi\/?product=monroe-sp4113-jouset","title":{"rendered":"MONROE SP4113 Jouset"},"content":{"rendered":"<p>Pituus (mm): 353; Paino [kg]: 3,040; Ulkol\u00e4pimitta [mm]: 133; Sis\u00e4l\u00e4pimitta 1 [mm]: 102; Sis\u00e4l\u00e4pimitta 2 [mm]: 102; Kierroslukum\u00e4\u00e4r\u00e4: 6,2; Pakkauspituus [cm]: 40,6; Pakkausleveys [cm]: 16,7; Pakkauskorkeus [mm]: 16,8; Johtimen l\u00e4pimitta [mm]: 14; Valmistusvuosi alkaen: 10\/2010; VOLVO: XC70 II; 31280483, 31300137, 31304157; Kierrejousi<\/p>\n","protected":false},"excerpt":{"rendered":"<p>MONROE Jousi MONROE OESpectrum SPRINGS SP4113 Kierrejousi VOLVO,XC70 II<\/p>\n","protected":false},"featured_media":0,"template":"","meta":{"site-sidebar-layout":"default","site-content-layout":"default","ast-global-header-display":"","ast-main-header-display":"","ast-hfb-above-header-display":"","ast-hfb-below-header-display":"","ast-hfb-mobile-header-display":"","site-post-title":"","ast-breadcrumbs-content":"","ast-featured-img":"","footer-sml-layout":"","theme-transparent-header-meta":"","adv-header-id-meta":"","stick-header-meta":"","header-above-stick-meta":"","header-main-stick-meta":"","header-below-stick-meta":""},"pwb-brand":[79],"product_cat":[171],"product_tag":[],"class_list":{"0":"post-35829","1":"product","2":"type-product","3":"status-publish","5":"pwb-brand-monroe","6":"product_cat-jouset","7":"desktop-align-left","8":"tablet-align-left","9":"mobile-align-left","11":"first","12":"instock","13":"product-type-external"},"brands":[{"id":79,"name":"MONROE","slug":"monroe"}],"_links":{"self":[{"href":"https:\/\/www.autonvaraosahaku.fi\/index.php?rest_route=\/wp\/v2\/product\/35829","targetHints":{"allow":["GET"]}}],"collection":[{"href":"https:\/\/www.autonvaraosahaku.fi\/index.php?rest_route=\/wp\/v2\/product"}],"about":[{"href":"https:\/\/www.autonvaraosahaku.fi\/index.php?rest_route=\/wp\/v2\/types\/product"}],"wp:attachment":[{"href":"https:\/\/www.autonvaraosahaku.fi\/index.php?rest_route=%2Fwp%2Fv2%2Fmedia&parent=35829"}],"wp:term":[{"taxonomy":"pwb-brand","embeddable":true,"href":"https:\/\/www.autonvaraosahaku.fi\/index.php?rest_route=%2Fwp%2Fv2%2Fpwb-brand&post=35829"},{"taxonomy":"product_cat","embeddable":true,"href":"https:\/\/www.autonvaraosahaku.fi\/index.php?rest_route=%2Fwp%2Fv2%2Fproduct_cat&post=35829"},{"taxonomy":"product_tag","embeddable":true,"href":"https:\/\/www.autonvaraosahaku.fi\/index.php?rest_route=%2Fwp%2Fv2%2Fproduct_tag&post=35829"}],"curies":[{"name":"wp","href":"https:\/\/api.w.org\/{rel}","templated":true}]}}