{"id":35835,"date":"2021-02-21T16:27:03","date_gmt":"2021-02-21T16:27:03","guid":{"rendered":"https:\/\/www.autonvaraosahaku.fi\/?product=as-pl-a4117-laturi"},"modified":"2021-02-21T16:27:06","modified_gmt":"2021-02-21T16:27:06","slug":"as-pl-a4117-laturi","status":"publish","type":"product","link":"https:\/\/www.autonvaraosahaku.fi\/?product=as-pl-a4117-laturi","title":{"rendered":"AS-PL A4117 Laturi"},"content":{"rendered":"<p>Pituus 1 (mm): 33,00; Pituus 2 (mm): 10,00; Pituus 3 [mm]: 86,50; J\u00e4nnite (V): 12; Laturi varausvirta (A): 36; Hihnapy\u00f6r\u00e4t: Hihnapy\u00f6r\u00e4ll\u00e4; Valmistusvuoteen: 07\/1983; FORD: FIESTA I GFBT,ESCORT II ATH,ESCORT I AFH, ATH,TRANSIT Pritsche\/Fahrgestell V_ _,TRANSIT Kasten 81E,GRANADA GU,TRANSIT Bus 72E, 73E,TRANSIT Kasten 72E, 71E,GRANADA Kombi GNU,GRANADA GGTL, GGFL,TRANSIT Pritsche\/Fahrgestell 74E,FIESTA Kasten WFVT,ESCORT II Kombi,ESCORT I Kombi ADH,GRANADA Kombi GGNL; LAND ROVER: 88\/109,88\/109 Hardtop; JAGUAR: XJ; ROVER: MINI,2000-3500 P6; MG: MGB Cabriolet,MIDGET,MGB GT; LOTUS: ESPRIT S3,ECLAT,EXCEL,ESPRIT S2,ELITE; VAUXHALL: CHEVETTE,CHEVETTE CC; TRIUMPH: SPITFIRE,TR 6; TALBOT: SIMCA SUNBEAM; DAIMLER: 2.8 &#8211; 5.3; 71804286, 75066038, 1504563, 1537179, 5003897, 5010555, 703F10346AA, 74DB10436A, 76BB10300ED, D2000E10346A, AH2040B14, AH2140B14, GEU205, GEU207, GEU211, GEU221, GXE2211, GXE8211, PRC2667, PRC4285; Generaattori<\/p>\n","protected":false},"excerpt":{"rendered":"<p>AS-PL Laturi Brand new AS-PL Bearing A4117 Generaattori FORD,LAND ROVER,JAGUAR,FIESTA I GFBT,ESCORT II ATH,ESCORT I AFH, ATH<\/p>\n","protected":false},"featured_media":0,"template":"","meta":{"site-sidebar-layout":"default","site-content-layout":"default","ast-global-header-display":"","ast-main-header-display":"","ast-hfb-above-header-display":"","ast-hfb-below-header-display":"","ast-hfb-mobile-header-display":"","site-post-title":"","ast-breadcrumbs-content":"","ast-featured-img":"","footer-sml-layout":"","theme-transparent-header-meta":"","adv-header-id-meta":"","stick-header-meta":"","header-above-stick-meta":"","header-main-stick-meta":"","header-below-stick-meta":""},"pwb-brand":[347],"product_cat":[357],"product_tag":[],"class_list":{"0":"post-35835","1":"product","2":"type-product","3":"status-publish","5":"pwb-brand-as-pl","6":"product_cat-laturi","7":"desktop-align-left","8":"tablet-align-left","9":"mobile-align-left","11":"first","12":"instock","13":"product-type-external"},"brands":[{"id":347,"name":"AS-PL","slug":"as-pl"}],"_links":{"self":[{"href":"https:\/\/www.autonvaraosahaku.fi\/index.php?rest_route=\/wp\/v2\/product\/35835","targetHints":{"allow":["GET"]}}],"collection":[{"href":"https:\/\/www.autonvaraosahaku.fi\/index.php?rest_route=\/wp\/v2\/product"}],"about":[{"href":"https:\/\/www.autonvaraosahaku.fi\/index.php?rest_route=\/wp\/v2\/types\/product"}],"wp:attachment":[{"href":"https:\/\/www.autonvaraosahaku.fi\/index.php?rest_route=%2Fwp%2Fv2%2Fmedia&parent=35835"}],"wp:term":[{"taxonomy":"pwb-brand","embeddable":true,"href":"https:\/\/www.autonvaraosahaku.fi\/index.php?rest_route=%2Fwp%2Fv2%2Fpwb-brand&post=35835"},{"taxonomy":"product_cat","embeddable":true,"href":"https:\/\/www.autonvaraosahaku.fi\/index.php?rest_route=%2Fwp%2Fv2%2Fproduct_cat&post=35835"},{"taxonomy":"product_tag","embeddable":true,"href":"https:\/\/www.autonvaraosahaku.fi\/index.php?rest_route=%2Fwp%2Fv2%2Fproduct_tag&post=35835"}],"curies":[{"name":"wp","href":"https:\/\/api.w.org\/{rel}","templated":true}]}}