{"id":35836,"date":"2021-02-21T16:27:03","date_gmt":"2021-02-21T16:27:03","guid":{"rendered":"https:\/\/www.autonvaraosahaku.fi\/?product=kyb-sm9913-jousijalan-tukilaakeri"},"modified":"2021-02-21T16:27:06","modified_gmt":"2021-02-21T16:27:06","slug":"kyb-sm9913-jousijalan-tukilaakeri","status":"publish","type":"product","link":"https:\/\/www.autonvaraosahaku.fi\/?product=kyb-sm9913-jousijalan-tukilaakeri","title":{"rendered":"KYB SM9913 Jousijalan tukilaakeri"},"content":{"rendered":"<p>Asennuspuoli: Taka-akseli; lis\u00e4tieto: Suspension Mounting Kit; TOYOTA: AYGO WNB1_, KGB1_,AYGO PAB4_, KGB4_; CITRO\u00cbN: C1 PM_, PN_,C1 II; PEUGEOT: 107,108; 521035, 522075, 6822K1, 521035, 522075, 6822K1; Iskarin Yl\u00e4p\u00e4\u00e4,Iskunvaimentimen Yl\u00e4p\u00e4\u00e4<\/p>\n","protected":false},"excerpt":{"rendered":"<p>KYB Jousijalan Tukilaakeri SM9913 Iskarin Yl\u00e4p\u00e4\u00e4,Iskunvaimentimen Yl\u00e4p\u00e4\u00e4 TOYOTA,CITRO\u00cbN,PEUGEOT,AYGO WNB1_, KGB1_,AYGO PAB4_, KGB4_,C1 PM_, PN_,C1 II<\/p>\n","protected":false},"featured_media":0,"template":"","meta":{"site-sidebar-layout":"default","site-content-layout":"default","ast-global-header-display":"","ast-main-header-display":"","ast-hfb-above-header-display":"","ast-hfb-below-header-display":"","ast-hfb-mobile-header-display":"","site-post-title":"","ast-breadcrumbs-content":"","ast-featured-img":"","footer-sml-layout":"","theme-transparent-header-meta":"","adv-header-id-meta":"","stick-header-meta":"","header-above-stick-meta":"","header-main-stick-meta":"","header-below-stick-meta":""},"pwb-brand":[226],"product_cat":[45],"product_tag":[],"class_list":{"0":"post-35836","1":"product","2":"type-product","3":"status-publish","5":"pwb-brand-kyb","6":"product_cat-jousijalan-tukilaakeri","7":"desktop-align-left","8":"tablet-align-left","9":"mobile-align-left","11":"first","12":"instock","13":"product-type-external"},"brands":[{"id":226,"name":"KYB","slug":"kyb"}],"_links":{"self":[{"href":"https:\/\/www.autonvaraosahaku.fi\/index.php?rest_route=\/wp\/v2\/product\/35836","targetHints":{"allow":["GET"]}}],"collection":[{"href":"https:\/\/www.autonvaraosahaku.fi\/index.php?rest_route=\/wp\/v2\/product"}],"about":[{"href":"https:\/\/www.autonvaraosahaku.fi\/index.php?rest_route=\/wp\/v2\/types\/product"}],"wp:attachment":[{"href":"https:\/\/www.autonvaraosahaku.fi\/index.php?rest_route=%2Fwp%2Fv2%2Fmedia&parent=35836"}],"wp:term":[{"taxonomy":"pwb-brand","embeddable":true,"href":"https:\/\/www.autonvaraosahaku.fi\/index.php?rest_route=%2Fwp%2Fv2%2Fpwb-brand&post=35836"},{"taxonomy":"product_cat","embeddable":true,"href":"https:\/\/www.autonvaraosahaku.fi\/index.php?rest_route=%2Fwp%2Fv2%2Fproduct_cat&post=35836"},{"taxonomy":"product_tag","embeddable":true,"href":"https:\/\/www.autonvaraosahaku.fi\/index.php?rest_route=%2Fwp%2Fv2%2Fproduct_tag&post=35836"}],"curies":[{"name":"wp","href":"https:\/\/api.w.org\/{rel}","templated":true}]}}