{"id":35876,"date":"2021-02-21T16:27:13","date_gmt":"2021-02-21T16:27:13","guid":{"rendered":"https:\/\/www.autonvaraosahaku.fi\/?product=ridex-686s0046-sytytystulpat"},"modified":"2021-02-21T16:27:16","modified_gmt":"2021-02-21T16:27:16","slug":"ridex-686s0046-sytytystulpat","status":"publish","type":"product","link":"https:\/\/www.autonvaraosahaku.fi\/?product=ridex-686s0046-sytytystulpat","title":{"rendered":"RIDEX 686S0046 Sytytystulpat"},"content":{"rendered":"<p>K\u00e4rkiv\u00e4li (mm): 1,2; Kiristysmomentti: 20; Kiristyskulma [Grad]: 15; Ulkokierre [mm]: 14; Kierrenousu (mm): 1,25; Kierteen pituus (mm): 17,5; Avainv\u00e4li: 16; Kipin\u00e4et\u00e4isyys [mm]: 4; Napojen m\u00e4\u00e4r\u00e4: 1; Moottorinumero: AJ-V6; MAZDA: 5 CR19,3 BK,6 Station Wagon GY,6 Kombi GH,PREMACY CP,6 Hatchback GG,6 GG,TRIBUTE EP,5 CW,MX-5 III NC,6 Schr\u00e4gheck GH,3 Stufenheck BK,6 GH,MPV II LW; CHEVROLET: BLAZER S10,S10 Pick-up,SILVERADO 1500; VOLVO: V50 MW,C30,S40 II MS,S80 II AS; JAGUAR: S-TYPE CCX,XF _J05_, CC9,X-TYPE CF1,X-TYPE Estate,XJ X350, X358,XJ X35_, _J12_, _J24_; FORD: FIESTA V JH_, JD_,MONDEO III Kombi BWY,FOCUS II Kombi DA_,FIESTA VI,FOCUS II DA_,FOCUS C-MAX,FIESTA IV JA_, JB_,MONDEO III B5Y,C-MAX DM2,MAVERICK,C-MAX II,MONDEO III Stufenheck B4Y,MONDEO II Kombi BNP,FOCUS II Stufenheck DA_,B-MAX JK,FOCUS II Cabriolet,COUGAR EC_,MONDEO II BAP,RANGER ER, EQ,ECOSPORT,MONDEO II Stufenheck BFP,MONDEO I Kombi BNP,MONDEO I GBP,MONDEO I Stufenheck GBP; LINCOLN: LS; ASTON MARTIN: DB9 Vantage,VANTAGE Vantage,DB9 Volante,DB7 Vantage,RAPIDE,DBS Vantage,VANQUISH R2_,VIRAGE Volante,VIRAGE Vantage; MORGAN: PLUS FOUR,ROADSTER Cabriolet; 1128053, 1204572, 1307093, 1S7J12405DA, 1S7J12405EB, 5M5G12405AA, L30318110, 32017028, 32017029; Tulpat,Sytytystulppa<\/p>\n","protected":false},"excerpt":{"rendered":"<p>RIDEX Sytytystulpat 686S0046 Tulpat,Sytytystulppa MAZDA,CHEVROLET,VOLVO,5 CR19,3 BK,6 Station Wagon GY,6 Kombi GH,PREMACY CP,6 Hatchback GG,6 GG<\/p>\n","protected":false},"featured_media":0,"template":"","meta":{"site-sidebar-layout":"default","site-content-layout":"default","ast-global-header-display":"","ast-main-header-display":"","ast-hfb-above-header-display":"","ast-hfb-below-header-display":"","ast-hfb-mobile-header-display":"","site-post-title":"","ast-breadcrumbs-content":"","ast-featured-img":"","footer-sml-layout":"","theme-transparent-header-meta":"","adv-header-id-meta":"","stick-header-meta":"","header-above-stick-meta":"","header-main-stick-meta":"","header-below-stick-meta":""},"pwb-brand":[157],"product_cat":[165],"product_tag":[],"class_list":{"0":"post-35876","1":"product","2":"type-product","3":"status-publish","5":"pwb-brand-ridex","6":"product_cat-sytytystulpat","7":"desktop-align-left","8":"tablet-align-left","9":"mobile-align-left","11":"first","12":"instock","13":"product-type-external"},"brands":[{"id":157,"name":"RIDEX","slug":"ridex"}],"_links":{"self":[{"href":"https:\/\/www.autonvaraosahaku.fi\/index.php?rest_route=\/wp\/v2\/product\/35876","targetHints":{"allow":["GET"]}}],"collection":[{"href":"https:\/\/www.autonvaraosahaku.fi\/index.php?rest_route=\/wp\/v2\/product"}],"about":[{"href":"https:\/\/www.autonvaraosahaku.fi\/index.php?rest_route=\/wp\/v2\/types\/product"}],"wp:attachment":[{"href":"https:\/\/www.autonvaraosahaku.fi\/index.php?rest_route=%2Fwp%2Fv2%2Fmedia&parent=35876"}],"wp:term":[{"taxonomy":"pwb-brand","embeddable":true,"href":"https:\/\/www.autonvaraosahaku.fi\/index.php?rest_route=%2Fwp%2Fv2%2Fpwb-brand&post=35876"},{"taxonomy":"product_cat","embeddable":true,"href":"https:\/\/www.autonvaraosahaku.fi\/index.php?rest_route=%2Fwp%2Fv2%2Fproduct_cat&post=35876"},{"taxonomy":"product_tag","embeddable":true,"href":"https:\/\/www.autonvaraosahaku.fi\/index.php?rest_route=%2Fwp%2Fv2%2Fproduct_tag&post=35876"}],"curies":[{"name":"wp","href":"https:\/\/api.w.org\/{rel}","templated":true}]}}