{"id":35880,"date":"2021-02-21T16:27:18","date_gmt":"2021-02-21T16:27:18","guid":{"rendered":"https:\/\/www.autonvaraosahaku.fi\/?product=vaico-v30-80098-jarrulevyt"},"modified":"2021-02-21T16:27:18","modified_gmt":"2021-02-21T16:27:18","slug":"vaico-v30-80098-jarrulevyt","status":"publish","type":"product","link":"https:\/\/www.autonvaraosahaku.fi\/?product=vaico-v30-80098-jarrulevyt","title":{"rendered":"VAICO V30-80098 Jarrulevyt"},"content":{"rendered":"<p>Jarrulevyn navan korkeus [mm]: 21,9; Asennuspuoli: Etuakseli; V\u00e4himm\u00e4ispaksuus (mm): 19,8; Vanne, aukkoja: 4; Korkeus (mm): 44; Jarrulevytyyppi: Tuuletettu; Jarrulevyn paksuus (mm): 22; Ulkol\u00e4pimitta [mm]: 258; keskitt\u00e4misl\u00e4pimitta [mm]: 61; Reik\u00e4ympyr\u00e4-\u00d8 [mm]: 100; Pakkausleveys [cm]: 26; Pakkauskorkeus [mm]: 5; Pakkaussyvyys [cm]: 26; lis\u00e4tieto: CST99; Jarruj\u00e4rjestelm\u00e4: 14; MERCEDES-BENZ: CITAN Kasten 415,CITAN Kombi 415,CITAN Mixto 415; RENAULT: CLIO IV,KANGOO \/ GRAND KANGOO KW0\/1_,KANGOO Express FC0\/1_,CAPTUR,KANGOO Express FW0\/1_,CLIO Grandtour IV,KANGOO BE BOP KW0\/1_,ZOE,SANDERO\/STEPWAY I,TWINGO III,LOGAN I LS_,CLIO IV Kasten,SANDERO\/STEPWAY II,LOGAN II Kombi,LOGAN II; DACIA: SANDERO,SANDERO II,LODGY,LOGAN MCV II,DOKKER,LOGAN LS_,DOKKER Express,LOGAN II; SMART: FORTWO Coupe 453,FORFOUR Schr\u00e4gheck 453,FORTWO Cabriolet 453; 402061200R, 402067016R, 4154200101, A4154200101, 402061200R, 402067016R, 402067501R, 7701210081; Jarrulevy<\/p>\n","protected":false},"excerpt":{"rendered":"<p>VAICO Jarrulevyt V30-80098 Jarrulevy MERCEDES-BENZ,RENAULT,DACIA,CITAN Kasten 415,CITAN Kombi 415,CITAN Mixto 415,CLIO IV,KANGOO \/ GRAND KANGOO KW0\/1_<\/p>\n","protected":false},"featured_media":0,"template":"","meta":{"site-sidebar-layout":"default","site-content-layout":"default","ast-global-header-display":"","ast-main-header-display":"","ast-hfb-above-header-display":"","ast-hfb-below-header-display":"","ast-hfb-mobile-header-display":"","site-post-title":"","ast-breadcrumbs-content":"","ast-featured-img":"","footer-sml-layout":"","theme-transparent-header-meta":"","adv-header-id-meta":"","stick-header-meta":"","header-above-stick-meta":"","header-main-stick-meta":"","header-below-stick-meta":""},"pwb-brand":[330],"product_cat":[66],"product_tag":[],"class_list":{"0":"post-35880","1":"product","2":"type-product","3":"status-publish","5":"pwb-brand-vaico","6":"product_cat-jarrulevyt","7":"desktop-align-left","8":"tablet-align-left","9":"mobile-align-left","11":"first","12":"instock","13":"product-type-external"},"brands":[{"id":330,"name":"VAICO","slug":"vaico"}],"_links":{"self":[{"href":"https:\/\/www.autonvaraosahaku.fi\/index.php?rest_route=\/wp\/v2\/product\/35880","targetHints":{"allow":["GET"]}}],"collection":[{"href":"https:\/\/www.autonvaraosahaku.fi\/index.php?rest_route=\/wp\/v2\/product"}],"about":[{"href":"https:\/\/www.autonvaraosahaku.fi\/index.php?rest_route=\/wp\/v2\/types\/product"}],"wp:attachment":[{"href":"https:\/\/www.autonvaraosahaku.fi\/index.php?rest_route=%2Fwp%2Fv2%2Fmedia&parent=35880"}],"wp:term":[{"taxonomy":"pwb-brand","embeddable":true,"href":"https:\/\/www.autonvaraosahaku.fi\/index.php?rest_route=%2Fwp%2Fv2%2Fpwb-brand&post=35880"},{"taxonomy":"product_cat","embeddable":true,"href":"https:\/\/www.autonvaraosahaku.fi\/index.php?rest_route=%2Fwp%2Fv2%2Fproduct_cat&post=35880"},{"taxonomy":"product_tag","embeddable":true,"href":"https:\/\/www.autonvaraosahaku.fi\/index.php?rest_route=%2Fwp%2Fv2%2Fproduct_tag&post=35880"}],"curies":[{"name":"wp","href":"https:\/\/api.w.org\/{rel}","templated":true}]}}