{"id":35882,"date":"2021-02-21T16:27:18","date_gmt":"2021-02-21T16:27:18","guid":{"rendered":"https:\/\/www.autonvaraosahaku.fi\/?product=vaico-v30-2526-muut-luokat"},"modified":"2021-02-21T16:27:18","modified_gmt":"2021-02-21T16:27:18","slug":"vaico-v30-2526-muut-luokat","status":"publish","type":"product","link":"https:\/\/www.autonvaraosahaku.fi\/?product=vaico-v30-2526-muut-luokat","title":{"rendered":"VAICO V30-2526 Muut luokat"},"content":{"rendered":"<p>Paksuus [mm]: 1,76; Ulkol\u00e4pimitta [mm]: 15; Paino [kg]: 0,007; Pakkausleveys [cm]: 1,5; Pakkauskorkeus [mm]: 0,2; Pakkaussyvyys [cm]: 1,5; lis\u00e4tieto: CST99; Materiaali: Kupfer; MERCEDES-BENZ: E-CLASS W212,VIANO W639,B-CLASS W246, W242,E-CLASS T-Model S212,VITO Bus W639,VITO \/ MIXTO Kasten W639,SPRINTER 3,5-t Kasten 906,E-CLASS Coupe C207,CLA Coupe C117,SPRINTER 3,5-t Bus 906,SPRINTER 3-t Kasten 906,SLK R172,CLS C218,SPRINTER 3,5-t Pritsche\/Fahrgestell 906,SPRINTER 3-t Bus 906,CLS Shooting Brake X218,S-CLASS W222, V222, X222,SPRINTER 5-t Kasten 906,SPRINTER 5-t Pritsche\/Fahrgestell 906,SPRINTER 3-t Pritsche\/Fahrgestell 906,SPRINTER 4,6-t Pritsche\/Fahrgestell 906,C-CLASS T-Model S205,SPRINTER 4,6-t Kasten 906,C-CLASS W205,GLA-CLASS X156,CLA Shooting Brake X117,GLC X253,C-CLASS Coupe C205,SLC R172; 6110170660, A6110170660, A6110170660part<\/p>\n","protected":false},"excerpt":{"rendered":"<p>VAICO L\u00e4mp\u00f6suojalevy, Ruiskutusj\u00e4rj. V30-2526  MERCEDES-BENZ,E-CLASS W212,VIANO W639,B-CLASS W246, W242,E-CLASS T-Model S212,VITO Bus W639<\/p>\n","protected":false},"featured_media":0,"template":"","meta":{"site-sidebar-layout":"default","site-content-layout":"default","ast-global-header-display":"","ast-main-header-display":"","ast-hfb-above-header-display":"","ast-hfb-below-header-display":"","ast-hfb-mobile-header-display":"","site-post-title":"","ast-breadcrumbs-content":"","ast-featured-img":"","footer-sml-layout":"","theme-transparent-header-meta":"","adv-header-id-meta":"","stick-header-meta":"","header-above-stick-meta":"","header-main-stick-meta":"","header-below-stick-meta":""},"pwb-brand":[330],"product_cat":[37],"product_tag":[],"class_list":{"0":"post-35882","1":"product","2":"type-product","3":"status-publish","5":"pwb-brand-vaico","6":"product_cat-muut-luokat","7":"desktop-align-left","8":"tablet-align-left","9":"mobile-align-left","11":"first","12":"instock","13":"product-type-external"},"brands":[{"id":330,"name":"VAICO","slug":"vaico"}],"_links":{"self":[{"href":"https:\/\/www.autonvaraosahaku.fi\/index.php?rest_route=\/wp\/v2\/product\/35882","targetHints":{"allow":["GET"]}}],"collection":[{"href":"https:\/\/www.autonvaraosahaku.fi\/index.php?rest_route=\/wp\/v2\/product"}],"about":[{"href":"https:\/\/www.autonvaraosahaku.fi\/index.php?rest_route=\/wp\/v2\/types\/product"}],"wp:attachment":[{"href":"https:\/\/www.autonvaraosahaku.fi\/index.php?rest_route=%2Fwp%2Fv2%2Fmedia&parent=35882"}],"wp:term":[{"taxonomy":"pwb-brand","embeddable":true,"href":"https:\/\/www.autonvaraosahaku.fi\/index.php?rest_route=%2Fwp%2Fv2%2Fpwb-brand&post=35882"},{"taxonomy":"product_cat","embeddable":true,"href":"https:\/\/www.autonvaraosahaku.fi\/index.php?rest_route=%2Fwp%2Fv2%2Fproduct_cat&post=35882"},{"taxonomy":"product_tag","embeddable":true,"href":"https:\/\/www.autonvaraosahaku.fi\/index.php?rest_route=%2Fwp%2Fv2%2Fproduct_tag&post=35882"}],"curies":[{"name":"wp","href":"https:\/\/api.w.org\/{rel}","templated":true}]}}