{"id":35898,"date":"2021-02-21T16:27:18","date_gmt":"2021-02-21T16:27:18","guid":{"rendered":"https:\/\/www.autonvaraosahaku.fi\/?product=vaico-v20-2809-muut-luokat"},"modified":"2021-02-21T16:27:21","modified_gmt":"2021-02-21T16:27:21","slug":"vaico-v20-2809-muut-luokat","status":"publish","type":"product","link":"https:\/\/www.autonvaraosahaku.fi\/?product=vaico-v20-2809-muut-luokat","title":{"rendered":"VAICO V20-2809 Muut luokat"},"content":{"rendered":"<p>M\u00e4\u00e4r\u00e4yksikk\u00f6: Sarja; OE-numerolle: 31 12 6 761 410; Asennuspuoli: Etuakseli, oikea; Ohjausmalli: Poikittaistukivarrelle; Korvaava tuote\/korvaava tiedote 2: Alapallo-\/pallonivelell\u00e4, Kumilaakerilla; Akselimittaus asennuksen j\u00e4lkeen: ; Paino [kg]: 3,321; Pakkausleveys [cm]: 14; Pakkauskorkeus [mm]: 10,5; Pakkaussyvyys [cm]: 50; lis\u00e4tieto: CST98; MINI: MINI R50, R53,MINI Cabriolet R52; 1489293, 1492143, 31106779438, 31121492143, 31124015708, 31126753990, 31126753992, 31126757562, 31126761410, 31126761410kit, 31131489293, 4015708, 6753990, 6753992, 6757562, 6761410, 6779438, 31106779438, 31126753992, 31126757562, 31131489293; Korjaussarja, Poikittaistukivarsi<\/p>\n","protected":false},"excerpt":{"rendered":"<p>VAICO Alatukivarren Korjaussarja V20-2809 Korjaussarja, Poikittaistukivarsi MINI,MINI R50, R53,MINI Cabriolet R52<\/p>\n","protected":false},"featured_media":0,"template":"","meta":{"site-sidebar-layout":"default","site-content-layout":"default","ast-global-header-display":"","ast-main-header-display":"","ast-hfb-above-header-display":"","ast-hfb-below-header-display":"","ast-hfb-mobile-header-display":"","site-post-title":"","ast-breadcrumbs-content":"","ast-featured-img":"","footer-sml-layout":"","theme-transparent-header-meta":"","adv-header-id-meta":"","stick-header-meta":"","header-above-stick-meta":"","header-main-stick-meta":"","header-below-stick-meta":""},"pwb-brand":[330],"product_cat":[37],"product_tag":[],"class_list":{"0":"post-35898","1":"product","2":"type-product","3":"status-publish","5":"pwb-brand-vaico","6":"product_cat-muut-luokat","7":"desktop-align-left","8":"tablet-align-left","9":"mobile-align-left","11":"first","12":"instock","13":"product-type-external"},"brands":[{"id":330,"name":"VAICO","slug":"vaico"}],"_links":{"self":[{"href":"https:\/\/www.autonvaraosahaku.fi\/index.php?rest_route=\/wp\/v2\/product\/35898","targetHints":{"allow":["GET"]}}],"collection":[{"href":"https:\/\/www.autonvaraosahaku.fi\/index.php?rest_route=\/wp\/v2\/product"}],"about":[{"href":"https:\/\/www.autonvaraosahaku.fi\/index.php?rest_route=\/wp\/v2\/types\/product"}],"wp:attachment":[{"href":"https:\/\/www.autonvaraosahaku.fi\/index.php?rest_route=%2Fwp%2Fv2%2Fmedia&parent=35898"}],"wp:term":[{"taxonomy":"pwb-brand","embeddable":true,"href":"https:\/\/www.autonvaraosahaku.fi\/index.php?rest_route=%2Fwp%2Fv2%2Fpwb-brand&post=35898"},{"taxonomy":"product_cat","embeddable":true,"href":"https:\/\/www.autonvaraosahaku.fi\/index.php?rest_route=%2Fwp%2Fv2%2Fproduct_cat&post=35898"},{"taxonomy":"product_tag","embeddable":true,"href":"https:\/\/www.autonvaraosahaku.fi\/index.php?rest_route=%2Fwp%2Fv2%2Fproduct_tag&post=35898"}],"curies":[{"name":"wp","href":"https:\/\/api.w.org\/{rel}","templated":true}]}}