{"id":35945,"date":"2021-02-21T16:27:33","date_gmt":"2021-02-21T16:27:33","guid":{"rendered":"https:\/\/www.autonvaraosahaku.fi\/?product=jp-group-4114600710-termostaatti"},"modified":"2021-02-21T16:27:34","modified_gmt":"2021-02-21T16:27:34","slug":"jp-group-4114600710-termostaatti","status":"publish","type":"product","link":"https:\/\/www.autonvaraosahaku.fi\/?product=jp-group-4114600710-termostaatti","title":{"rendered":"JP GROUP 4114600710 Termostaatti"},"content":{"rendered":"<p>Kytkent\u00e4piste (\u00b0C): 83; Lis\u00e4tarvike\/lis\u00e4tieto: Tiivisteill\u00e4; Paino [kg]: 0,1; Huomioi huolto-ohjeet: ; Tarvittava kappalem\u00e4\u00e4r\u00e4: 1; Organisaationumerosta: 05651; SUZUKI: SAMURAI SJ,VITARA ET, TA,VITARA Cabrio ET, TA; LANCIA: PHEDRA 179,ZETA 220; TOYOTA: COROLLA Liftback _E11_,COROLLA Compact _E11_,COROLLA _E11_,COROLLA Wagon __E11_; HYUNDAI: LANTRA II Wagon J-2,LANTRA II J-2; FIAT: DUCATO Pritsche\/Fahrgestell 230,DUCATO Bus 230,DUCATO Kasten 244,DUCATO Pritsche\/Fahrgestell 244,DUCATO Kasten 230L,ULYSSE 179AX,DUCATO Bus 244, Z_,ULYSSE 220,SCUDO Kasten 220L,SCUDO Combinato 220P,SCUDO Pritsche\/Fahrgestell 220_; CITRO\u00cbN: BERLINGO MF,XSARA PICASSO N68,BERLINGO Kasten M_,C5 I DC_,C5 I Break DE_,XSARA N1,XSARA Break N2,JUMPER Kasten 244,XANTIA X2,XSARA Coupe N0,XANTIA X1,EVASION 22, U6,XANTIA Break X2,ZX N2,JUMPY U6U,JUMPY Kasten BS_, BT_, BY_, BZ_,ZX Break N2,C15 VD-_,JUMPY Pritsche\/Fahrgestell BU_, BV_, BW_, BX_,C15 Kombi,XSARA Kasten; PEUGEOT: 206 Schr\u00e4gheck 2A\/C,307 SW 3H,307 3A\/C,206 SW 2E\/K,807 E,307 Break 3E,306 Schr\u00e4gheck 7A, 7C, N3, N5,607 9D, 9U,406 Break 8E\/F,PARTNER Combispace 5F,PARTNER Kasten 5,406 Coupe 8C,306 Break 7E, N3, N5,406 8B,806 221,BOXER Kasten 230L,BOXER Kasten 244,306 7B, N3, N5,EXPERT Kasten 222,309 II 3C, 3A,405 I 15B,BOXER Bus 230P,BOXER Bus 244, Z_,206 Van,EXPERT 224,405 II 4B,BOXER Pritsche\/Fahrgestell 244,405 II Break 4E,405 I Break 15E,EXPERT Pritsche\/Fahrgestell 223,306 Kasten\/Schr\u00e4gheck; 133823, 9616090180, 063337, 63337, 2551129000, 212151306015, 133823, 7700868274, 7701038494, 1757086CA0, 1767066G00000, SU00100223; Termostaatti, J\u00e4\u00e4hdytysneste<\/p>\n","protected":false},"excerpt":{"rendered":"<p>JP GROUP Termostaatti JP Group 4114600710 Termostaatti, J\u00e4\u00e4hdytysneste SUZUKI,LANCIA,TOYOTA,SAMURAI SJ,VITARA ET, TA,VITARA Cabrio ET, TA,PHEDRA 179<\/p>\n","protected":false},"featured_media":0,"template":"","meta":{"site-sidebar-layout":"default","site-content-layout":"default","ast-global-header-display":"","ast-main-header-display":"","ast-hfb-above-header-display":"","ast-hfb-below-header-display":"","ast-hfb-mobile-header-display":"","site-post-title":"","ast-breadcrumbs-content":"","ast-featured-img":"","footer-sml-layout":"","theme-transparent-header-meta":"","adv-header-id-meta":"","stick-header-meta":"","header-above-stick-meta":"","header-main-stick-meta":"","header-below-stick-meta":""},"pwb-brand":[131],"product_cat":[174],"product_tag":[],"class_list":{"0":"post-35945","1":"product","2":"type-product","3":"status-publish","5":"pwb-brand-jp-group","6":"product_cat-termostaatti","7":"desktop-align-left","8":"tablet-align-left","9":"mobile-align-left","11":"first","12":"instock","13":"product-type-external"},"brands":[{"id":131,"name":"JP GROUP","slug":"jp-group"}],"_links":{"self":[{"href":"https:\/\/www.autonvaraosahaku.fi\/index.php?rest_route=\/wp\/v2\/product\/35945","targetHints":{"allow":["GET"]}}],"collection":[{"href":"https:\/\/www.autonvaraosahaku.fi\/index.php?rest_route=\/wp\/v2\/product"}],"about":[{"href":"https:\/\/www.autonvaraosahaku.fi\/index.php?rest_route=\/wp\/v2\/types\/product"}],"wp:attachment":[{"href":"https:\/\/www.autonvaraosahaku.fi\/index.php?rest_route=%2Fwp%2Fv2%2Fmedia&parent=35945"}],"wp:term":[{"taxonomy":"pwb-brand","embeddable":true,"href":"https:\/\/www.autonvaraosahaku.fi\/index.php?rest_route=%2Fwp%2Fv2%2Fpwb-brand&post=35945"},{"taxonomy":"product_cat","embeddable":true,"href":"https:\/\/www.autonvaraosahaku.fi\/index.php?rest_route=%2Fwp%2Fv2%2Fproduct_cat&post=35945"},{"taxonomy":"product_tag","embeddable":true,"href":"https:\/\/www.autonvaraosahaku.fi\/index.php?rest_route=%2Fwp%2Fv2%2Fproduct_tag&post=35945"}],"curies":[{"name":"wp","href":"https:\/\/api.w.org\/{rel}","templated":true}]}}