{"id":35950,"date":"2021-02-21T16:27:33","date_gmt":"2021-02-21T16:27:33","guid":{"rendered":"https:\/\/www.autonvaraosahaku.fi\/?product=jp-group-3563201500-jarrulevyt"},"modified":"2021-02-21T16:27:35","modified_gmt":"2021-02-21T16:27:35","slug":"jp-group-3563201500-jarrulevyt","status":"publish","type":"product","link":"https:\/\/www.autonvaraosahaku.fi\/?product=jp-group-3563201500-jarrulevyt","title":{"rendered":"JP GROUP 3563201500 Jarrulevyt"},"content":{"rendered":"<p>Asennuspuoli: Taka-akseli; Jarrulevytyyppi: Vakiomalli; Ulkol\u00e4pimitta [mm]: 258; Jarrulevyn paksuus (mm): 10; Reikien m\u00e4\u00e4r\u00e4: 4; Pinta: pinnoitettu; Jarru- \/ ajo-ominaisuus: f\u00fcr ABS; HYUNDAI: COUPE RD,ELANTRA XD,ELANTRA Stufenheck XD,LANTRA II Wagon J-2,LANTRA II J-2,LANTRA I J-1; 5841128300, 5841129300, 5841129310; Jarrulevy<\/p>\n","protected":false},"excerpt":{"rendered":"<p>JP GROUP Jarrulevyt JP Group 3563201500 Jarrulevy HYUNDAI,COUPE RD,ELANTRA XD,ELANTRA Stufenheck XD,LANTRA II Wagon J-2,LANTRA II J-2,LANTRA I J-1<\/p>\n","protected":false},"featured_media":0,"template":"","meta":{"site-sidebar-layout":"default","site-content-layout":"default","ast-global-header-display":"","ast-main-header-display":"","ast-hfb-above-header-display":"","ast-hfb-below-header-display":"","ast-hfb-mobile-header-display":"","site-post-title":"","ast-breadcrumbs-content":"","ast-featured-img":"","footer-sml-layout":"","theme-transparent-header-meta":"","adv-header-id-meta":"","stick-header-meta":"","header-above-stick-meta":"","header-main-stick-meta":"","header-below-stick-meta":""},"pwb-brand":[131],"product_cat":[66],"product_tag":[],"class_list":{"0":"post-35950","1":"product","2":"type-product","3":"status-publish","5":"pwb-brand-jp-group","6":"product_cat-jarrulevyt","7":"desktop-align-left","8":"tablet-align-left","9":"mobile-align-left","11":"first","12":"instock","13":"product-type-external"},"brands":[{"id":131,"name":"JP GROUP","slug":"jp-group"}],"_links":{"self":[{"href":"https:\/\/www.autonvaraosahaku.fi\/index.php?rest_route=\/wp\/v2\/product\/35950","targetHints":{"allow":["GET"]}}],"collection":[{"href":"https:\/\/www.autonvaraosahaku.fi\/index.php?rest_route=\/wp\/v2\/product"}],"about":[{"href":"https:\/\/www.autonvaraosahaku.fi\/index.php?rest_route=\/wp\/v2\/types\/product"}],"wp:attachment":[{"href":"https:\/\/www.autonvaraosahaku.fi\/index.php?rest_route=%2Fwp%2Fv2%2Fmedia&parent=35950"}],"wp:term":[{"taxonomy":"pwb-brand","embeddable":true,"href":"https:\/\/www.autonvaraosahaku.fi\/index.php?rest_route=%2Fwp%2Fv2%2Fpwb-brand&post=35950"},{"taxonomy":"product_cat","embeddable":true,"href":"https:\/\/www.autonvaraosahaku.fi\/index.php?rest_route=%2Fwp%2Fv2%2Fproduct_cat&post=35950"},{"taxonomy":"product_tag","embeddable":true,"href":"https:\/\/www.autonvaraosahaku.fi\/index.php?rest_route=%2Fwp%2Fv2%2Fproduct_tag&post=35950"}],"curies":[{"name":"wp","href":"https:\/\/api.w.org\/{rel}","templated":true}]}}