{"id":35952,"date":"2021-02-21T16:27:33","date_gmt":"2021-02-21T16:27:33","guid":{"rendered":"https:\/\/www.autonvaraosahaku.fi\/?product=elwis-royal-8422414-nokka-akselin-tiiviste"},"modified":"2021-02-21T16:27:36","modified_gmt":"2021-02-21T16:27:36","slug":"elwis-royal-8422414-nokka-akselin-tiiviste","status":"publish","type":"product","link":"https:\/\/www.autonvaraosahaku.fi\/?product=elwis-royal-8422414-nokka-akselin-tiiviste","title":{"rendered":"ELWIS ROYAL 8422414 Nokka akselin tiiviste"},"content":{"rendered":"<p>Tarvittava kappalem\u00e4\u00e4r\u00e4: 1; Leveys (mm): 8; Sis\u00e4l\u00e4pimitta [mm]: 34; Ulkol\u00e4pimitta [mm]: 48; NISSAN: PRIMERA P11,TERRANO II R20,PRIMERA Traveller WP11,PRIMERA Hatchback P11,PATROL GR II Wagon Y61,ALMERA I Hatchback N15,PICK UP D22,NAVARA D22,PATHFINDER R50,ALMERA I N15,SERENA C23M,PATROL GR I Y60, GR,PRIMERA P10,TERRANO I WD21,300 ZX Z31,PATROL Station Wagon W260,PATROL Hardtop K260,SUNNY III N14,PULSAR V Schr\u00e4gheck N14,SUNNY III Liftback N14,PRIMERA Hatchback P10,PRIMERA Traveller W10,SUNNY II Hatchback N13,SILVIA S12,BLUEBIRD T72 , T12,LAUREL JC32,SUNNY III Traveller Y10,BLUEBIRD Hatchback T72, T12,MAXIMA II J30,SUNNY II N13,BLUEBIRD Station Wagon WU11,PRAIRIE PRO M11,BLUEBIRD U11,SUNNY Kasten Y10,PRAIRIE M10, NM10,SUNNY II Traveller B12,CHERRY III N12,SUNNY I B11,PATHFINDER,SUNNY I Traveller B11,STANZA Hatchback T11,STANZA T11; INFINITI: QX4; 1304216A05, 1304216A06, 13042D0101; Akselitiiviste, Nokka-Akseli<\/p>\n","protected":false},"excerpt":{"rendered":"<p>ELWIS ROYAL Nokka Akselin Tiiviste 8422414 Akselitiiviste, Nokka-Akseli NISSAN,INFINITI,PRIMERA P11,TERRANO II R20,PRIMERA Traveller WP11<\/p>\n","protected":false},"featured_media":0,"template":"","meta":{"site-sidebar-layout":"default","site-content-layout":"default","ast-global-header-display":"","ast-main-header-display":"","ast-hfb-above-header-display":"","ast-hfb-below-header-display":"","ast-hfb-mobile-header-display":"","site-post-title":"","ast-breadcrumbs-content":"","ast-featured-img":"","footer-sml-layout":"","theme-transparent-header-meta":"","adv-header-id-meta":"","stick-header-meta":"","header-above-stick-meta":"","header-main-stick-meta":"","header-below-stick-meta":""},"pwb-brand":[120],"product_cat":[122],"product_tag":[],"class_list":{"0":"post-35952","1":"product","2":"type-product","3":"status-publish","5":"pwb-brand-elwis-royal","6":"product_cat-nokka-akselin-tiiviste","7":"desktop-align-left","8":"tablet-align-left","9":"mobile-align-left","11":"first","12":"instock","13":"product-type-external"},"brands":[{"id":120,"name":"ELWIS ROYAL","slug":"elwis-royal"}],"_links":{"self":[{"href":"https:\/\/www.autonvaraosahaku.fi\/index.php?rest_route=\/wp\/v2\/product\/35952","targetHints":{"allow":["GET"]}}],"collection":[{"href":"https:\/\/www.autonvaraosahaku.fi\/index.php?rest_route=\/wp\/v2\/product"}],"about":[{"href":"https:\/\/www.autonvaraosahaku.fi\/index.php?rest_route=\/wp\/v2\/types\/product"}],"wp:attachment":[{"href":"https:\/\/www.autonvaraosahaku.fi\/index.php?rest_route=%2Fwp%2Fv2%2Fmedia&parent=35952"}],"wp:term":[{"taxonomy":"pwb-brand","embeddable":true,"href":"https:\/\/www.autonvaraosahaku.fi\/index.php?rest_route=%2Fwp%2Fv2%2Fpwb-brand&post=35952"},{"taxonomy":"product_cat","embeddable":true,"href":"https:\/\/www.autonvaraosahaku.fi\/index.php?rest_route=%2Fwp%2Fv2%2Fproduct_cat&post=35952"},{"taxonomy":"product_tag","embeddable":true,"href":"https:\/\/www.autonvaraosahaku.fi\/index.php?rest_route=%2Fwp%2Fv2%2Fproduct_tag&post=35952"}],"curies":[{"name":"wp","href":"https:\/\/api.w.org\/{rel}","templated":true}]}}