{"id":35955,"date":"2021-02-21T16:27:33","date_gmt":"2021-02-21T16:27:33","guid":{"rendered":"https:\/\/www.autonvaraosahaku.fi\/?product=valeo-834272-kytkinpaketti"},"modified":"2021-02-21T16:27:36","modified_gmt":"2021-02-21T16:27:36","slug":"valeo-834272-kytkinpaketti","status":"publish","type":"product","link":"https:\/\/www.autonvaraosahaku.fi\/?product=valeo-834272-kytkinpaketti","title":{"rendered":"VALEO 834272 Kytkinpaketti"},"content":{"rendered":"<p>Uusi osa: ; Lis\u00e4tarvike\/lis\u00e4tieto: Painelevyll\u00e4, Irroitusmekanismilla; Ulkol\u00e4pimitta [mm]: 235; Korvaava tuote\/korvaava tiedote 2: Kytkinlevyll\u00e4, Anturilla; Ulkol\u00e4pimitta 1 [mm]: 235; Hammasluku: 26; Napaprofiili: 21,6 x 20; Kiinnitysreikien m\u00e4\u00e4r\u00e4 irroitinmekanismissa: 3; Reik\u00e4-\u00d8 [mm]: 24; Materiaali: Muovi; Paino [kg]: 6,5; Tuotelinja: KIT3P (CSC); Valmistusvuosi alkaen: 01\/2011; CITRO\u00cbN: C5 III Break TD_,C4 Picasso I UD_,C4 Grand Picasso I UA_,C5 III RD_,C4 Grand Picasso II,C4 Picasso II,DS5; PEUGEOT: 5008,508 SW,3008,508; 204185, 204198, 2041A2, 2041A3, 2052Z1, 9661718680, 9685583180, 9686732280, 9688476680, 2041A3, 2041A3, 2052Z1, 9661718680, 9685583180, 9686732280, 9688476680; Kytkinsarja<\/p>\n","protected":false},"excerpt":{"rendered":"<p>VALEO Kytkinpaketti 834272 Kytkinsarja CITRO\u00cbN,PEUGEOT,C5 III Break TD_,C4 Picasso I UD_,C4 Grand Picasso I UA_,C5 III RD_,C4 Grand Picasso II<\/p>\n","protected":false},"featured_media":0,"template":"","meta":{"site-sidebar-layout":"default","site-content-layout":"default","ast-global-header-display":"","ast-main-header-display":"","ast-hfb-above-header-display":"","ast-hfb-below-header-display":"","ast-hfb-mobile-header-display":"","site-post-title":"","ast-breadcrumbs-content":"","ast-featured-img":"","footer-sml-layout":"","theme-transparent-header-meta":"","adv-header-id-meta":"","stick-header-meta":"","header-above-stick-meta":"","header-main-stick-meta":"","header-below-stick-meta":""},"pwb-brand":[28],"product_cat":[21],"product_tag":[],"class_list":{"0":"post-35955","1":"product","2":"type-product","3":"status-publish","5":"pwb-brand-valeo","6":"product_cat-kytkinpaketti","7":"desktop-align-left","8":"tablet-align-left","9":"mobile-align-left","11":"first","12":"instock","13":"product-type-external"},"brands":[{"id":28,"name":"VALEO","slug":"valeo"}],"_links":{"self":[{"href":"https:\/\/www.autonvaraosahaku.fi\/index.php?rest_route=\/wp\/v2\/product\/35955","targetHints":{"allow":["GET"]}}],"collection":[{"href":"https:\/\/www.autonvaraosahaku.fi\/index.php?rest_route=\/wp\/v2\/product"}],"about":[{"href":"https:\/\/www.autonvaraosahaku.fi\/index.php?rest_route=\/wp\/v2\/types\/product"}],"wp:attachment":[{"href":"https:\/\/www.autonvaraosahaku.fi\/index.php?rest_route=%2Fwp%2Fv2%2Fmedia&parent=35955"}],"wp:term":[{"taxonomy":"pwb-brand","embeddable":true,"href":"https:\/\/www.autonvaraosahaku.fi\/index.php?rest_route=%2Fwp%2Fv2%2Fpwb-brand&post=35955"},{"taxonomy":"product_cat","embeddable":true,"href":"https:\/\/www.autonvaraosahaku.fi\/index.php?rest_route=%2Fwp%2Fv2%2Fproduct_cat&post=35955"},{"taxonomy":"product_tag","embeddable":true,"href":"https:\/\/www.autonvaraosahaku.fi\/index.php?rest_route=%2Fwp%2Fv2%2Fproduct_tag&post=35955"}],"curies":[{"name":"wp","href":"https:\/\/api.w.org\/{rel}","templated":true}]}}