{"id":36031,"date":"2021-02-21T16:27:55","date_gmt":"2021-02-21T16:27:55","guid":{"rendered":"https:\/\/www.autonvaraosahaku.fi\/?product=spidan-190821-muut-luokat"},"modified":"2021-02-21T16:27:57","modified_gmt":"2021-02-21T16:27:57","slug":"spidan-190821-muut-luokat","status":"publish","type":"product","link":"https:\/\/www.autonvaraosahaku.fi\/?product=spidan-190821-muut-luokat","title":{"rendered":"SPIDAN 190821 Muut luokat"},"content":{"rendered":"<p>Materiaali: Ruostumaton ter\u00e4s; Versio: 92,5; Sis\u00e4l\u00e4pimitta 1 [mm]: 89,7; Sis\u00e4l\u00e4pimitta 2 [mm]: 81,20; Asennusmalli: puristettu; Paksuus [mm]: 1,0; Leveys (mm): 10; Leveys 2 (mm): 10; Kiristimen malli: 1-korvainen puristin; Uusi osa: ; 9181662, N90772401<\/p>\n","protected":false},"excerpt":{"rendered":"<p>SPIDAN Kiinnike 190821<\/p>\n","protected":false},"featured_media":0,"template":"","meta":{"site-sidebar-layout":"default","site-content-layout":"default","ast-global-header-display":"","ast-main-header-display":"","ast-hfb-above-header-display":"","ast-hfb-below-header-display":"","ast-hfb-mobile-header-display":"","site-post-title":"","ast-breadcrumbs-content":"","ast-featured-img":"","footer-sml-layout":"","theme-transparent-header-meta":"","adv-header-id-meta":"","stick-header-meta":"","header-above-stick-meta":"","header-main-stick-meta":"","header-below-stick-meta":""},"pwb-brand":[411],"product_cat":[37],"product_tag":[],"class_list":{"0":"post-36031","1":"product","2":"type-product","3":"status-publish","5":"pwb-brand-spidan","6":"product_cat-muut-luokat","7":"desktop-align-left","8":"tablet-align-left","9":"mobile-align-left","11":"first","12":"instock","13":"product-type-external"},"brands":[{"id":411,"name":"SPIDAN","slug":"spidan"}],"_links":{"self":[{"href":"https:\/\/www.autonvaraosahaku.fi\/index.php?rest_route=\/wp\/v2\/product\/36031","targetHints":{"allow":["GET"]}}],"collection":[{"href":"https:\/\/www.autonvaraosahaku.fi\/index.php?rest_route=\/wp\/v2\/product"}],"about":[{"href":"https:\/\/www.autonvaraosahaku.fi\/index.php?rest_route=\/wp\/v2\/types\/product"}],"wp:attachment":[{"href":"https:\/\/www.autonvaraosahaku.fi\/index.php?rest_route=%2Fwp%2Fv2%2Fmedia&parent=36031"}],"wp:term":[{"taxonomy":"pwb-brand","embeddable":true,"href":"https:\/\/www.autonvaraosahaku.fi\/index.php?rest_route=%2Fwp%2Fv2%2Fpwb-brand&post=36031"},{"taxonomy":"product_cat","embeddable":true,"href":"https:\/\/www.autonvaraosahaku.fi\/index.php?rest_route=%2Fwp%2Fv2%2Fproduct_cat&post=36031"},{"taxonomy":"product_tag","embeddable":true,"href":"https:\/\/www.autonvaraosahaku.fi\/index.php?rest_route=%2Fwp%2Fv2%2Fproduct_tag&post=36031"}],"curies":[{"name":"wp","href":"https:\/\/api.w.org\/{rel}","templated":true}]}}