{"id":36042,"date":"2021-02-21T16:28:00","date_gmt":"2021-02-21T16:28:00","guid":{"rendered":"https:\/\/www.autonvaraosahaku.fi\/?product=mannol-mn7906-4-moottorioljy"},"modified":"2021-02-21T16:28:00","modified_gmt":"2021-02-21T16:28:00","slug":"mannol-mn7906-4-moottorioljy","status":"publish","type":"product","link":"https:\/\/www.autonvaraosahaku.fi\/?product=mannol-mn7906-4-moottorioljy","title":{"rendered":"MANNOL MN7906-4 Moottori\u00f6ljy"},"content":{"rendered":"<p>Viskositeettiluokka SAE: 5W-20; Erittely: API SN, ILSAC GF-5; Tilavuus (litra): 4; Valmistajan hyv\u00e4ksym\u00e4: dexos1, Ford WSS-M2C945-A, Ford WSS-M2C945-B, Ford WSS-M2C930-A, Ford WSS-M2C925-A, GM Dexos1; \u00d6ljy: Synteettinen \u00f6ljy; Tuotelinja: ENERGY ULTRA JP; API-m\u00e4\u00e4rittely: ilman sis\u00e4\u00e4nrakennettua \u00f6ljyl\u00e4mp\u00f6tilan sensoria; TOYOTA: AYGO WNB1_, KGB1_,YARIS NHP13_, NSP13_, NCP13_, KSP13_, NLP13_,AURIS NZE18_, ZRE18_,AURIS TOURING SPORTS ADE18_, ZWE18_, ZRE18_,IQ KPJ1_, NGJ1_, KGJ1_, NUJ1_,PRIUS ZVW3_,GT 86 Coupe ZN6_,RAV 4 IV ZSA4_, ALA4_,LAND CRUISER VDJ20_, UZJ20_,COROLLA Stufenheck NRE18_, ZRE17_, ZRE18_, NDE18_,AYGO PAB4_, KGB4_,C-HR _X1_,PRIUS _W5_; HYUNDAI: i10 IA,i10 Stufenheck; NISSAN: MICRA IV K13; MAZDA: CX-5 KE, GH,3 BM,3 Stufenheck BM; KIA: CEE&#8217;D SW ED,CEE&#8217;D Schr\u00e4gheck ED,PRO CEE&#8217;D ED; MITSUBISHI: COLT VI Z3_A, Z2_A,SPACE STAR DG_A,ASX GA_W_,OUTLANDER XL II CW_W,CARISMA DA_,OUTLANDER III GG_W, GF_W, ZJ,GRANDIS NA_W,MIRAGE Schr\u00e4gheck,COLT V CJ_, CP_,OUTLANDER I CU_W,LANCER Kombi CS_W,LANCER SPORTBACK CX_A,PAJERO PININ H6_W, H7_W,COLT CZC Cabriolet RG,LANCER Stufenheck CY\/Z_A,CARISMA Stufenheck DA_,PAJERO III V7_W, V6_W,GALANT VI Station Wagon EA_,GALANT VI EA_,PAJERO IV V8_W, V9_W,SPACE WAGON N9_W, N8_W,L 200 K7_T, K6_T,PAJERO II V3_W, V2_W, V4_W,LANCER Stufenheck CS_A, CT0,L 300 Bus P0_W, P1_W, P2_W,PAJERO SPORT K90,COLT IV CA_A,ECLIPSE II D3_A,ECLIPSE I D2_A,SPACE RUNNER N6_W,SPACE RUNNER N1_W, N2_W,L 400 \/ SPACE GEAR Bus PD_W, PC_W, PA_V, PB_V,COLT III C5_A,GALLOPER JK-01,LANCER VI CJ-CP_,3000 GT Z16A,SIGMA F2_A, F1_A,LANCER V Station Wagon CB_W, CD_W,LANCER V CB\/D_A,SPACE WAGON N3_W, N4_W,LANCER IV C6_A, C7_A,L 300 Kasten P0_W, P1_W,GALANT V Stufenheck E5_A, E7_A, E8_A,SIGMA Station Wagon F0_W,GALANT V E5_A, E7_A, E8_A,PAJERO II Canvas Top V2_W, V4_W,LA; SUZUKI: SX4 S-Cross,IGNIS MF,SWIFT V AZ,BALENO FW, EW; LAND ROVER: RANGE ROVER SPORT LS,RANGE ROVER III LM,DISCOVERY IV LA,RANGE ROVER SPORT LW,RANGE ROVER IV LG; DAIHATSU: CHARADE; JAGUAR: XF _J05_, CC9,XF SPORTBRAKE CC9,XK Coupe QQ6_, _J43_,XK Cabriolet _J43_,XJ X35_, _J12_, _J24_,F-TYPE Cabriolet,F-TYPE Coupe; MS6395, 955535CR1, WSSM2C925A, WSSM2C930A, WSSM2C930B, WSSM2C945A, WSSM2C945B, WSSM2C948B, HTO6<\/p>\n","protected":false},"excerpt":{"rendered":"<p>MANNOL Moottori\u00f6ljy MN7906-4<\/p>\n","protected":false},"featured_media":0,"template":"","meta":{"site-sidebar-layout":"default","site-content-layout":"default","ast-global-header-display":"","ast-main-header-display":"","ast-hfb-above-header-display":"","ast-hfb-below-header-display":"","ast-hfb-mobile-header-display":"","site-post-title":"","ast-breadcrumbs-content":"","ast-featured-img":"","footer-sml-layout":"","theme-transparent-header-meta":"","adv-header-id-meta":"","stick-header-meta":"","header-above-stick-meta":"","header-main-stick-meta":"","header-below-stick-meta":""},"pwb-brand":[167],"product_cat":[129],"product_tag":[],"class_list":{"0":"post-36042","1":"product","2":"type-product","3":"status-publish","5":"pwb-brand-mannol","6":"product_cat-moottorioljy","7":"desktop-align-left","8":"tablet-align-left","9":"mobile-align-left","11":"first","12":"instock","13":"product-type-external"},"brands":[{"id":167,"name":"MANNOL","slug":"mannol"}],"_links":{"self":[{"href":"https:\/\/www.autonvaraosahaku.fi\/index.php?rest_route=\/wp\/v2\/product\/36042","targetHints":{"allow":["GET"]}}],"collection":[{"href":"https:\/\/www.autonvaraosahaku.fi\/index.php?rest_route=\/wp\/v2\/product"}],"about":[{"href":"https:\/\/www.autonvaraosahaku.fi\/index.php?rest_route=\/wp\/v2\/types\/product"}],"wp:attachment":[{"href":"https:\/\/www.autonvaraosahaku.fi\/index.php?rest_route=%2Fwp%2Fv2%2Fmedia&parent=36042"}],"wp:term":[{"taxonomy":"pwb-brand","embeddable":true,"href":"https:\/\/www.autonvaraosahaku.fi\/index.php?rest_route=%2Fwp%2Fv2%2Fpwb-brand&post=36042"},{"taxonomy":"product_cat","embeddable":true,"href":"https:\/\/www.autonvaraosahaku.fi\/index.php?rest_route=%2Fwp%2Fv2%2Fproduct_cat&post=36042"},{"taxonomy":"product_tag","embeddable":true,"href":"https:\/\/www.autonvaraosahaku.fi\/index.php?rest_route=%2Fwp%2Fv2%2Fproduct_tag&post=36042"}],"curies":[{"name":"wp","href":"https:\/\/api.w.org\/{rel}","templated":true}]}}