{"id":36067,"date":"2021-02-21T16:28:04","date_gmt":"2021-02-21T16:28:04","guid":{"rendered":"https:\/\/www.autonvaraosahaku.fi\/?product=vaico-v30-2257-xxl-muut-luokat"},"modified":"2021-02-21T16:28:06","modified_gmt":"2021-02-21T16:28:06","slug":"vaico-v30-2257-xxl-muut-luokat","status":"publish","type":"product","link":"https:\/\/www.autonvaraosahaku.fi\/?product=vaico-v30-2257-xxl-muut-luokat","title":{"rendered":"VAICO V30-2257-XXL Muut luokat"},"content":{"rendered":"<p>Suositeltu vaihtov\u00e4li [vuotta]: 3; Suositeltu vaihtov\u00e4li [km]: 50000; Vaihteistomalli: Kaksoiskytkinvaihteisto, Automaattivaihteisto, 7-vaiht., f\u00fcr Getriebeautomatik 7 Gang; Lis\u00e4ksi tarvittavat tuotteet ks. tarvikeluettelo: ; Tilavuus (litra): 8; Vaihteistomalli: 7G-DCT, K7A350, K7X350, K7A240, K7X400, 724,0; M\u00e4\u00e4r\u00e4yksikk\u00f6: Sarja; Korvaava tuote\/korvaava tiedote 2: Tiivisterenkaalla, \u00f6ljym\u00e4\u00e4r\u00e4 \u00f6ljyhuuhtelulle; Kytkin: ajon. kaksoiskytkimell\u00e4; Lis\u00e4tarvike\/lis\u00e4tieto: Tiivisteill\u00e4; Paino [kg]: 10,915; Pakkausleveys [cm]: 35,2; Pakkauskorkeus [mm]: 24,8; Pakkaussyvyys [cm]: 54,6; MERCEDES-BENZ: B-CLASS W246, W242,A-CLASS W176,CLA Coupe C117,GLA-CLASS X156,CLA Shooting Brake X117; 2463710780, 2463770395, 2463770495, 2463771400, 2463772300, 2463772400, 2463772400kit3, A2463710780, A2463770395, A2463770495, A2463771400, A2463772300, A2463772400, A2463772400kit3<\/p>\n","protected":false},"excerpt":{"rendered":"<p>VAICO Tarvikesarja, \u00d6ljynvaihto-Automaattivaihteisto V30-2257-XXL  MERCEDES-BENZ,B-CLASS W246, W242,A-CLASS W176,CLA Coupe C117,GLA-CLASS X156<\/p>\n","protected":false},"featured_media":0,"template":"","meta":{"site-sidebar-layout":"default","site-content-layout":"default","ast-global-header-display":"","ast-main-header-display":"","ast-hfb-above-header-display":"","ast-hfb-below-header-display":"","ast-hfb-mobile-header-display":"","site-post-title":"","ast-breadcrumbs-content":"","ast-featured-img":"","footer-sml-layout":"","theme-transparent-header-meta":"","adv-header-id-meta":"","stick-header-meta":"","header-above-stick-meta":"","header-main-stick-meta":"","header-below-stick-meta":""},"pwb-brand":[330],"product_cat":[37],"product_tag":[],"class_list":{"0":"post-36067","1":"product","2":"type-product","3":"status-publish","5":"pwb-brand-vaico","6":"product_cat-muut-luokat","7":"desktop-align-left","8":"tablet-align-left","9":"mobile-align-left","11":"first","12":"instock","13":"product-type-external"},"brands":[{"id":330,"name":"VAICO","slug":"vaico"}],"_links":{"self":[{"href":"https:\/\/www.autonvaraosahaku.fi\/index.php?rest_route=\/wp\/v2\/product\/36067","targetHints":{"allow":["GET"]}}],"collection":[{"href":"https:\/\/www.autonvaraosahaku.fi\/index.php?rest_route=\/wp\/v2\/product"}],"about":[{"href":"https:\/\/www.autonvaraosahaku.fi\/index.php?rest_route=\/wp\/v2\/types\/product"}],"wp:attachment":[{"href":"https:\/\/www.autonvaraosahaku.fi\/index.php?rest_route=%2Fwp%2Fv2%2Fmedia&parent=36067"}],"wp:term":[{"taxonomy":"pwb-brand","embeddable":true,"href":"https:\/\/www.autonvaraosahaku.fi\/index.php?rest_route=%2Fwp%2Fv2%2Fpwb-brand&post=36067"},{"taxonomy":"product_cat","embeddable":true,"href":"https:\/\/www.autonvaraosahaku.fi\/index.php?rest_route=%2Fwp%2Fv2%2Fproduct_cat&post=36067"},{"taxonomy":"product_tag","embeddable":true,"href":"https:\/\/www.autonvaraosahaku.fi\/index.php?rest_route=%2Fwp%2Fv2%2Fproduct_tag&post=36067"}],"curies":[{"name":"wp","href":"https:\/\/api.w.org\/{rel}","templated":true}]}}