{"id":36081,"date":"2021-02-21T16:28:09","date_gmt":"2021-02-21T16:28:09","guid":{"rendered":"https:\/\/www.autonvaraosahaku.fi\/?product=hr-1252303-pyoranpultit"},"modified":"2021-02-21T16:28:10","modified_gmt":"2021-02-21T16:28:10","slug":"hr-1252303-pyoranpultit","status":"publish","type":"product","link":"https:\/\/www.autonvaraosahaku.fi\/?product=hr-1252303-pyoranpultit","title":{"rendered":"H&#038;R 1252303 Py\u00f6r\u00e4npultit"},"content":{"rendered":"<p>Avainv\u00e4li: 17, 17 mm; Kierteen pituus (mm): 23; Kierremitta: M12; Kierrenousu (mm): 1.5; Py\u00f6r\u00e4n kiinnitys: Kuula istukka A\/G; S\u00e4de (mm): 13; Tuning: 1; Alustanumerosta: 81-B-000 001; VW: LUPO 6X1, 6E1,GOLF III 1H1,POLO 6N2,POLO 6N1,CADDY III Kombi 2KB, 2KJ, 2CB, 2CJ,GOLF II 19E, 1G1,PASSAT Variant 3A5, 35I,GOLF I Cabriolet 155,GOLF III Cabriolet 1E7,GOLF Mk III Cabriolet 1E7,GOLF III Variant 1H5,POLO 86C, 80,POLO Coupe 86C, 80,PASSAT 3A2, 35I,CORRADO 53I,CADDY II Kasten 9K9A,POLO Variant 6KV5,POLO CLASSIC 6KV2,SCIROCCO 53B,VENTO 1H2,GOLF I 17,CADDY I 14,JETTA II 19E, 1G2, 165,PASSAT Variant 32B,POLO CLASSIC 86C, 80,CADDY II Kombi 9K9B,PASSAT 32B,POLO 86,SCIROCCO 53,JETTA I 16,PASSAT 32,PASSAT Stufenheck 32B,PASSAT Variant 33,AMAROK Pritsche\/Fahrgestell S1B; AUDI: A2 8Z0,80 81, 85, B2,COUPE 81, 85,80 80, 82, B1; SEAT: AROSA 6H,IBIZA II 6K1,CORDOBA 6K1, 6K2,CORDOBA Vario 6K1,TOLEDO I 1L,INCA 6K9; Py\u00f6r\u00e4nruuvi<\/p>\n","protected":false},"excerpt":{"rendered":"<p>H&#038;R Py\u00f6r\u00e4npultit 1252303 Py\u00f6r\u00e4nruuvi VW,AUDI,SEAT,LUPO 6X1, 6E1,GOLF III 1H1,POLO 6N2,POLO 6N1,CADDY III Kombi 2KB, 2KJ, 2CB, 2CJ,GOLF II 19E, 1G1<\/p>\n","protected":false},"featured_media":0,"template":"","meta":{"site-sidebar-layout":"default","site-content-layout":"default","ast-global-header-display":"","ast-main-header-display":"","ast-hfb-above-header-display":"","ast-hfb-below-header-display":"","ast-hfb-mobile-header-display":"","site-post-title":"","ast-breadcrumbs-content":"","ast-featured-img":"","footer-sml-layout":"","theme-transparent-header-meta":"","adv-header-id-meta":"","stick-header-meta":"","header-above-stick-meta":"","header-main-stick-meta":"","header-below-stick-meta":""},"pwb-brand":[423],"product_cat":[51],"product_tag":[],"class_list":{"0":"post-36081","1":"product","2":"type-product","3":"status-publish","5":"pwb-brand-hr","6":"product_cat-pyoranpultit","7":"desktop-align-left","8":"tablet-align-left","9":"mobile-align-left","11":"first","12":"instock","13":"product-type-external"},"brands":[{"id":423,"name":"H&amp;R","slug":"hr"}],"_links":{"self":[{"href":"https:\/\/www.autonvaraosahaku.fi\/index.php?rest_route=\/wp\/v2\/product\/36081","targetHints":{"allow":["GET"]}}],"collection":[{"href":"https:\/\/www.autonvaraosahaku.fi\/index.php?rest_route=\/wp\/v2\/product"}],"about":[{"href":"https:\/\/www.autonvaraosahaku.fi\/index.php?rest_route=\/wp\/v2\/types\/product"}],"wp:attachment":[{"href":"https:\/\/www.autonvaraosahaku.fi\/index.php?rest_route=%2Fwp%2Fv2%2Fmedia&parent=36081"}],"wp:term":[{"taxonomy":"pwb-brand","embeddable":true,"href":"https:\/\/www.autonvaraosahaku.fi\/index.php?rest_route=%2Fwp%2Fv2%2Fpwb-brand&post=36081"},{"taxonomy":"product_cat","embeddable":true,"href":"https:\/\/www.autonvaraosahaku.fi\/index.php?rest_route=%2Fwp%2Fv2%2Fproduct_cat&post=36081"},{"taxonomy":"product_tag","embeddable":true,"href":"https:\/\/www.autonvaraosahaku.fi\/index.php?rest_route=%2Fwp%2Fv2%2Fproduct_tag&post=36081"}],"curies":[{"name":"wp","href":"https:\/\/api.w.org\/{rel}","templated":true}]}}