{"id":36094,"date":"2021-02-21T16:28:09","date_gmt":"2021-02-21T16:28:09","guid":{"rendered":"https:\/\/www.autonvaraosahaku.fi\/?product=esen-skv-29skv009-pyoranlaakerit"},"modified":"2021-02-21T16:28:12","modified_gmt":"2021-02-21T16:28:12","slug":"esen-skv-29skv009-pyoranlaakerit","status":"publish","type":"product","link":"https:\/\/www.autonvaraosahaku.fi\/?product=esen-skv-29skv009-pyoranlaakerit","title":{"rendered":"ESEN SKV 29SKV009 Py\u00f6r\u00e4nlaakerit"},"content":{"rendered":"<p>Asennuspuoli: Takana; Paino [kg]: 3,30; Ulkol\u00e4pimitta [mm]: 131; Reikien m\u00e4\u00e4r\u00e4: 5; Jarru-\/ajodynamiikka: Autoihin, joissa ABS, Autoihin, joissa ABS; Valmistusvuosi alkaen: 04\/1997; VW: PASSAT Variant 3B6,PASSAT Variant 3B5,PASSAT 3B2,PASSAT 3B3,SANTANA; AUDI: A6 Avant 4B5, C5,A6 4B2, C5,A6 Avant 4A, C4; RENAULT: KANGOO KC0\/1_,MEGANE Scenic JA0\/1_,KANGOO Express FC0\/1_,LAGUNA I B56_, 556_,LAGUNA I Grandtour K56_,ESPACE I J11_; SKODA: SUPERB 3U4; 8E0501611, 8E0501611J, 8E0501611, 8E0501611J, 8E0501611, 8E0501611J; Py\u00f6r\u00e4nlaakerisarja<\/p>\n","protected":false},"excerpt":{"rendered":"<p>ESEN SKV Py\u00f6r\u00e4nlaakerit 29SKV009 Py\u00f6r\u00e4nlaakerisarja VW,AUDI,RENAULT,PASSAT Variant 3B6,PASSAT Variant 3B5,PASSAT 3B2,PASSAT 3B3,SANTANA<\/p>\n","protected":false},"featured_media":0,"template":"","meta":{"site-sidebar-layout":"default","site-content-layout":"default","ast-global-header-display":"","ast-main-header-display":"","ast-hfb-above-header-display":"","ast-hfb-below-header-display":"","ast-hfb-mobile-header-display":"","site-post-title":"","ast-breadcrumbs-content":"","ast-featured-img":"","footer-sml-layout":"","theme-transparent-header-meta":"","adv-header-id-meta":"","stick-header-meta":"","header-above-stick-meta":"","header-main-stick-meta":"","header-below-stick-meta":""},"pwb-brand":[384],"product_cat":[83],"product_tag":[],"class_list":{"0":"post-36094","1":"product","2":"type-product","3":"status-publish","5":"pwb-brand-esen-skv","6":"product_cat-pyoranlaakerit","7":"desktop-align-left","8":"tablet-align-left","9":"mobile-align-left","11":"first","12":"instock","13":"product-type-external"},"brands":[{"id":384,"name":"ESEN SKV","slug":"esen-skv"}],"_links":{"self":[{"href":"https:\/\/www.autonvaraosahaku.fi\/index.php?rest_route=\/wp\/v2\/product\/36094","targetHints":{"allow":["GET"]}}],"collection":[{"href":"https:\/\/www.autonvaraosahaku.fi\/index.php?rest_route=\/wp\/v2\/product"}],"about":[{"href":"https:\/\/www.autonvaraosahaku.fi\/index.php?rest_route=\/wp\/v2\/types\/product"}],"wp:attachment":[{"href":"https:\/\/www.autonvaraosahaku.fi\/index.php?rest_route=%2Fwp%2Fv2%2Fmedia&parent=36094"}],"wp:term":[{"taxonomy":"pwb-brand","embeddable":true,"href":"https:\/\/www.autonvaraosahaku.fi\/index.php?rest_route=%2Fwp%2Fv2%2Fpwb-brand&post=36094"},{"taxonomy":"product_cat","embeddable":true,"href":"https:\/\/www.autonvaraosahaku.fi\/index.php?rest_route=%2Fwp%2Fv2%2Fproduct_cat&post=36094"},{"taxonomy":"product_tag","embeddable":true,"href":"https:\/\/www.autonvaraosahaku.fi\/index.php?rest_route=%2Fwp%2Fv2%2Fproduct_tag&post=36094"}],"curies":[{"name":"wp","href":"https:\/\/api.w.org\/{rel}","templated":true}]}}