{"id":36116,"date":"2021-02-21T16:28:14","date_gmt":"2021-02-21T16:28:14","guid":{"rendered":"https:\/\/www.autonvaraosahaku.fi\/?product=meyle-614-498-0035-vetoakseli"},"modified":"2021-02-21T16:28:18","modified_gmt":"2021-02-21T16:28:18","slug":"meyle-614-498-0035-vetoakseli","status":"publish","type":"product","link":"https:\/\/www.autonvaraosahaku.fi\/?product=meyle-614-498-0035-vetoakseli","title":{"rendered":"MEYLE 614 498 0035 Vetoakseli"},"content":{"rendered":"<p>Asennuspuoli: Etuakseli, oikea; Ulkohammastus, py\u00f6r\u00e4npuoli: 31; Pituus (mm): 1075; Tiivisteen l\u00e4pimitta [mm]: 70; Ulkohammastus tasauspy\u00f6r\u00e4st\u00f6puoli: 39; Pantiton uusi osa: ; parilliset tuotenumerot: 16-14 498 0038; lis\u00e4tieto: ORIGINAL Quality; Vaihteistomalli: MT; NISSAN: NV400 Kasten,NV400 Bus,NV400 Pritsche\/Fahrgestell; OPEL: MOVANO B Kasten,MOVANO B Bus,MOVANO B Pritsche\/Fahrgestell; RENAULT: MASTER III Kasten FV,MASTER III Bus JV,MASTER III Pritsche\/Fahrgestell EV, HV, UV; 3910000Q3M, 3910000Q4G, 3910000Q4H, 4406235, 4406519, 4420054, 4422057, 391004255R, 391005187R, 391009620R, 8200842369<\/p>\n","protected":false},"excerpt":{"rendered":"<p>MEYLE Vetoakseli 614 498 0035  NISSAN,OPEL,RENAULT,NV400 Kasten,NV400 Bus,NV400 Pritsche\/Fahrgestell,MOVANO B Kasten,MOVANO B Bus<\/p>\n","protected":false},"featured_media":0,"template":"","meta":{"site-sidebar-layout":"default","site-content-layout":"default","ast-global-header-display":"","ast-main-header-display":"","ast-hfb-above-header-display":"","ast-hfb-below-header-display":"","ast-hfb-mobile-header-display":"","site-post-title":"","ast-breadcrumbs-content":"","ast-featured-img":"","footer-sml-layout":"","theme-transparent-header-meta":"","adv-header-id-meta":"","stick-header-meta":"","header-above-stick-meta":"","header-main-stick-meta":"","header-below-stick-meta":""},"pwb-brand":[84],"product_cat":[215],"product_tag":[],"class_list":{"0":"post-36116","1":"product","2":"type-product","3":"status-publish","5":"pwb-brand-meyle","6":"product_cat-vetoakseli","7":"desktop-align-left","8":"tablet-align-left","9":"mobile-align-left","11":"first","12":"instock","13":"product-type-external"},"brands":[{"id":84,"name":"MEYLE","slug":"meyle"}],"_links":{"self":[{"href":"https:\/\/www.autonvaraosahaku.fi\/index.php?rest_route=\/wp\/v2\/product\/36116","targetHints":{"allow":["GET"]}}],"collection":[{"href":"https:\/\/www.autonvaraosahaku.fi\/index.php?rest_route=\/wp\/v2\/product"}],"about":[{"href":"https:\/\/www.autonvaraosahaku.fi\/index.php?rest_route=\/wp\/v2\/types\/product"}],"wp:attachment":[{"href":"https:\/\/www.autonvaraosahaku.fi\/index.php?rest_route=%2Fwp%2Fv2%2Fmedia&parent=36116"}],"wp:term":[{"taxonomy":"pwb-brand","embeddable":true,"href":"https:\/\/www.autonvaraosahaku.fi\/index.php?rest_route=%2Fwp%2Fv2%2Fpwb-brand&post=36116"},{"taxonomy":"product_cat","embeddable":true,"href":"https:\/\/www.autonvaraosahaku.fi\/index.php?rest_route=%2Fwp%2Fv2%2Fproduct_cat&post=36116"},{"taxonomy":"product_tag","embeddable":true,"href":"https:\/\/www.autonvaraosahaku.fi\/index.php?rest_route=%2Fwp%2Fv2%2Fproduct_tag&post=36116"}],"curies":[{"name":"wp","href":"https:\/\/api.w.org\/{rel}","templated":true}]}}