{"id":36127,"date":"2021-02-21T16:28:19","date_gmt":"2021-02-21T16:28:19","guid":{"rendered":"https:\/\/www.autonvaraosahaku.fi\/?product=hella-8eh-188-704-101-sytytystulpat"},"modified":"2021-02-21T16:28:21","modified_gmt":"2021-02-21T16:28:21","slug":"hella-8eh-188-704-101-sytytystulpat","status":"publish","type":"product","link":"https:\/\/www.autonvaraosahaku.fi\/?product=hella-8eh-188-704-101-sytytystulpat","title":{"rendered":"HELLA 8EH 188 704-101 Sytytystulpat"},"content":{"rendered":"<p>Kiristysmomentti: 22; K\u00e4rkiv\u00e4li (mm): 0,9; Kierteen pituus (mm): 19; Ulkokierre [mm]: 12; Avainv\u00e4li: 16; Sytytystulppa: 1-maaelektroodi; TECDOC-moottorinumero: 16469; DAIHATSU: SIRION M3_,MATERIA M4_,TERIOS J2_,YRV M2,TERIOS J1,COPEN L880_, L881_,SIRION M4_,EXTOL Bus S22_, S23_; SUBARU: JUSTY IV; TOYOTA: bB II QNC2_; 9004851196, 9004851197; Tulpat,Sytytystulppa<\/p>\n","protected":false},"excerpt":{"rendered":"<p>HELLA Sytytystulpat Energy Pro 8EH 188 704-101 Tulpat,Sytytystulppa DAIHATSU,SUBARU,TOYOTA,SIRION M3_,MATERIA M4_,TERIOS J2_,YRV M2,TERIOS J1<\/p>\n","protected":false},"featured_media":0,"template":"","meta":{"site-sidebar-layout":"default","site-content-layout":"default","ast-global-header-display":"","ast-main-header-display":"","ast-hfb-above-header-display":"","ast-hfb-below-header-display":"","ast-hfb-mobile-header-display":"","site-post-title":"","ast-breadcrumbs-content":"","ast-featured-img":"","footer-sml-layout":"","theme-transparent-header-meta":"","adv-header-id-meta":"","stick-header-meta":"","header-above-stick-meta":"","header-main-stick-meta":"","header-below-stick-meta":""},"pwb-brand":[24],"product_cat":[165],"product_tag":[],"class_list":{"0":"post-36127","1":"product","2":"type-product","3":"status-publish","5":"pwb-brand-hella","6":"product_cat-sytytystulpat","7":"desktop-align-left","8":"tablet-align-left","9":"mobile-align-left","11":"first","12":"instock","13":"product-type-external"},"brands":[{"id":24,"name":"HELLA","slug":"hella"}],"_links":{"self":[{"href":"https:\/\/www.autonvaraosahaku.fi\/index.php?rest_route=\/wp\/v2\/product\/36127","targetHints":{"allow":["GET"]}}],"collection":[{"href":"https:\/\/www.autonvaraosahaku.fi\/index.php?rest_route=\/wp\/v2\/product"}],"about":[{"href":"https:\/\/www.autonvaraosahaku.fi\/index.php?rest_route=\/wp\/v2\/types\/product"}],"wp:attachment":[{"href":"https:\/\/www.autonvaraosahaku.fi\/index.php?rest_route=%2Fwp%2Fv2%2Fmedia&parent=36127"}],"wp:term":[{"taxonomy":"pwb-brand","embeddable":true,"href":"https:\/\/www.autonvaraosahaku.fi\/index.php?rest_route=%2Fwp%2Fv2%2Fpwb-brand&post=36127"},{"taxonomy":"product_cat","embeddable":true,"href":"https:\/\/www.autonvaraosahaku.fi\/index.php?rest_route=%2Fwp%2Fv2%2Fproduct_cat&post=36127"},{"taxonomy":"product_tag","embeddable":true,"href":"https:\/\/www.autonvaraosahaku.fi\/index.php?rest_route=%2Fwp%2Fv2%2Fproduct_tag&post=36127"}],"curies":[{"name":"wp","href":"https:\/\/api.w.org\/{rel}","templated":true}]}}