{"id":36136,"date":"2021-02-21T16:28:19","date_gmt":"2021-02-21T16:28:19","guid":{"rendered":"https:\/\/www.autonvaraosahaku.fi\/?product=hella-8dd-355-106-051-jarrulevyt"},"modified":"2021-02-21T16:28:22","modified_gmt":"2021-02-21T16:28:22","slug":"hella-8dd-355-106-051-jarrulevyt","status":"publish","type":"product","link":"https:\/\/www.autonvaraosahaku.fi\/?product=hella-8dd-355-106-051-jarrulevyt","title":{"rendered":"HELLA 8DD 355 106-051 Jarrulevyt"},"content":{"rendered":"<p>Jarrulevytyyppi: Tuuletettu, sis\u00e4; Ulkol\u00e4pimitta [mm]: 256; Jarrulevyn paksuus (mm): 24; V\u00e4himm\u00e4ispaksuus (mm): 21; Korkeus (mm): 41; Reik\u00e4kuvio\/-m\u00e4\u00e4r\u00e4: 04\/07; Reik\u00e4ympyr\u00e4-\u00d8 [mm]: 100; keskitt\u00e4misl\u00e4pimitta [mm]: 60; Paino [kg]: 5,2; Korvaava tuote\/korvaava tiedote 2: Ilman py\u00f6r\u00e4nnapaa, Ilman py\u00f6r\u00e4nkiinnityspultteja; Pinta: pinnoitettu; Teknisten tietojen numero: 52430PRO; Tuotelinja: PRO; Tuning: 1; Asennuspuoli: Vorderachse; OPEL: ASTRA G CC F48_, F08_,ASTRA G Caravan F35_,ASTRA G Cabriolet F67,ASTRA G Stufenheck F69_,ASTRA G Kasten F70,ASTRA G CLASSIC Caravan F35,ASTRA G CLASSIC T98,ASTRA G CLASSIC Stufenheck T98; VAUXHALL: ASTRA Mk IV G CC,ASTRA Mk IV G Sedan,ASTRAVAN Mk IV G,ASTRA Mk IV G Convertible,ASTRA Mk IV G Estate; 569059, 95526647, 90497879, 9117677, 95526647; Jarrulevy<\/p>\n","protected":false},"excerpt":{"rendered":"<p>HELLA Jarrulevyt 8DD 355 106-051 Jarrulevy OPEL,VAUXHALL,ASTRA G CC F48_, F08_,ASTRA G Caravan F35_,ASTRA G Cabriolet F67,ASTRA G Stufenheck F69_<\/p>\n","protected":false},"featured_media":0,"template":"","meta":{"site-sidebar-layout":"default","site-content-layout":"default","ast-global-header-display":"","ast-main-header-display":"","ast-hfb-above-header-display":"","ast-hfb-below-header-display":"","ast-hfb-mobile-header-display":"","site-post-title":"","ast-breadcrumbs-content":"","ast-featured-img":"","footer-sml-layout":"","theme-transparent-header-meta":"","adv-header-id-meta":"","stick-header-meta":"","header-above-stick-meta":"","header-main-stick-meta":"","header-below-stick-meta":""},"pwb-brand":[24],"product_cat":[66],"product_tag":[],"class_list":{"0":"post-36136","1":"product","2":"type-product","3":"status-publish","5":"pwb-brand-hella","6":"product_cat-jarrulevyt","7":"desktop-align-left","8":"tablet-align-left","9":"mobile-align-left","11":"first","12":"instock","13":"product-type-external"},"brands":[{"id":24,"name":"HELLA","slug":"hella"}],"_links":{"self":[{"href":"https:\/\/www.autonvaraosahaku.fi\/index.php?rest_route=\/wp\/v2\/product\/36136","targetHints":{"allow":["GET"]}}],"collection":[{"href":"https:\/\/www.autonvaraosahaku.fi\/index.php?rest_route=\/wp\/v2\/product"}],"about":[{"href":"https:\/\/www.autonvaraosahaku.fi\/index.php?rest_route=\/wp\/v2\/types\/product"}],"wp:attachment":[{"href":"https:\/\/www.autonvaraosahaku.fi\/index.php?rest_route=%2Fwp%2Fv2%2Fmedia&parent=36136"}],"wp:term":[{"taxonomy":"pwb-brand","embeddable":true,"href":"https:\/\/www.autonvaraosahaku.fi\/index.php?rest_route=%2Fwp%2Fv2%2Fpwb-brand&post=36136"},{"taxonomy":"product_cat","embeddable":true,"href":"https:\/\/www.autonvaraosahaku.fi\/index.php?rest_route=%2Fwp%2Fv2%2Fproduct_cat&post=36136"},{"taxonomy":"product_tag","embeddable":true,"href":"https:\/\/www.autonvaraosahaku.fi\/index.php?rest_route=%2Fwp%2Fv2%2Fproduct_tag&post=36136"}],"curies":[{"name":"wp","href":"https:\/\/api.w.org\/{rel}","templated":true}]}}