{"id":36147,"date":"2021-02-21T16:28:24","date_gmt":"2021-02-21T16:28:24","guid":{"rendered":"https:\/\/www.autonvaraosahaku.fi\/?product=maxgear-66-0111-hehkutulppa"},"modified":"2021-02-21T16:28:26","modified_gmt":"2021-02-21T16:28:26","slug":"maxgear-66-0111-hehkutulppa","status":"publish","type":"product","link":"https:\/\/www.autonvaraosahaku.fi\/?product=maxgear-66-0111-hehkutulppa","title":{"rendered":"MAXGEAR 66-0111 Hehkutulppa"},"content":{"rendered":"<p>Pituus (mm): 95; Paino [kg]: 0,040; Huomioi huolto-ohjeet: ; Ulkokierre [mm]: M10 x 1,25, M4 x 0,7; Kierteen pituus (mm): 29,5, 13,5; Avainv\u00e4li: 12, 8; J\u00e4nnite (V): 12; V\u00e4ri: Vihre\u00e4; Moottorinumero: 4D56; MITSUBISHI: PAJERO II V3_W, V2_W, V4_W,L 300 Bus P0_W, P1_W, P2_W,PAJERO I L04_G, L14_G,SPACE RUNNER N1_W, N2_W,COLT III C5_A,L 300 Pritsche\/Fahrgestell L03_P,LANCER V Station Wagon CB_W, CD_W,GALANT IV E3_A,LANCER V CB\/D_A,SPACE WAGON N3_W, N4_W,GALANT IV Stufenheck E3_A,LANCER IV C6_A, C7_A,L 300 Kasten P0_W, P1_W,PAJERO I Canvas Top L04_G,L 200 K3_T, K2_T, K1_T, K0_T,GALANT V Stufenheck E5_A, E7_A, E8_A,GALANT V E5_A, E7_A, E8_A,PAJERO II Canvas Top V2_W, V4_W,COLT II C1_A,LANCER III Station Wagon C1_V, C3_V,GALANT III E1_A,LANCER IV Stufenheck C6_A,SPACE WAGON D0_V\/W,LANCER III C1_A, C6_A; MD077167, MD082832, MD092392<\/p>\n","protected":false},"excerpt":{"rendered":"<p>MAXGEAR Hehkutulppa 66-0111  MITSUBISHI,PAJERO II V3_W, V2_W, V4_W,L 300 Bus P0_W, P1_W, P2_W,PAJERO I L04_G, L14_G,SPACE RUNNER N1_W, N2_W<\/p>\n","protected":false},"featured_media":0,"template":"","meta":{"site-sidebar-layout":"default","site-content-layout":"default","ast-global-header-display":"","ast-main-header-display":"","ast-hfb-above-header-display":"","ast-hfb-below-header-display":"","ast-hfb-mobile-header-display":"","site-post-title":"","ast-breadcrumbs-content":"","ast-featured-img":"","footer-sml-layout":"","theme-transparent-header-meta":"","adv-header-id-meta":"","stick-header-meta":"","header-above-stick-meta":"","header-main-stick-meta":"","header-below-stick-meta":""},"pwb-brand":[48],"product_cat":[52],"product_tag":[],"class_list":{"0":"post-36147","1":"product","2":"type-product","3":"status-publish","5":"pwb-brand-maxgear","6":"product_cat-hehkutulppa","7":"desktop-align-left","8":"tablet-align-left","9":"mobile-align-left","11":"first","12":"instock","13":"product-type-external"},"brands":[{"id":48,"name":"MAXGEAR","slug":"maxgear"}],"_links":{"self":[{"href":"https:\/\/www.autonvaraosahaku.fi\/index.php?rest_route=\/wp\/v2\/product\/36147","targetHints":{"allow":["GET"]}}],"collection":[{"href":"https:\/\/www.autonvaraosahaku.fi\/index.php?rest_route=\/wp\/v2\/product"}],"about":[{"href":"https:\/\/www.autonvaraosahaku.fi\/index.php?rest_route=\/wp\/v2\/types\/product"}],"wp:attachment":[{"href":"https:\/\/www.autonvaraosahaku.fi\/index.php?rest_route=%2Fwp%2Fv2%2Fmedia&parent=36147"}],"wp:term":[{"taxonomy":"pwb-brand","embeddable":true,"href":"https:\/\/www.autonvaraosahaku.fi\/index.php?rest_route=%2Fwp%2Fv2%2Fpwb-brand&post=36147"},{"taxonomy":"product_cat","embeddable":true,"href":"https:\/\/www.autonvaraosahaku.fi\/index.php?rest_route=%2Fwp%2Fv2%2Fproduct_cat&post=36147"},{"taxonomy":"product_tag","embeddable":true,"href":"https:\/\/www.autonvaraosahaku.fi\/index.php?rest_route=%2Fwp%2Fv2%2Fproduct_tag&post=36147"}],"curies":[{"name":"wp","href":"https:\/\/api.w.org\/{rel}","templated":true}]}}