{"id":36153,"date":"2021-02-21T16:28:24","date_gmt":"2021-02-21T16:28:24","guid":{"rendered":"https:\/\/www.autonvaraosahaku.fi\/?product=maxgear-66-0089-hehkutulppa"},"modified":"2021-02-21T16:28:27","modified_gmt":"2021-02-21T16:28:27","slug":"maxgear-66-0089-hehkutulppa","status":"publish","type":"product","link":"https:\/\/www.autonvaraosahaku.fi\/?product=maxgear-66-0089-hehkutulppa","title":{"rendered":"MAXGEAR 66-0089 Hehkutulppa"},"content":{"rendered":"<p>Pituus (mm): 84,4, 19,5; Ulkokierre [mm]: M10 x 1,25; Avainv\u00e4li: 12; J\u00e4nnite (V): 11; V\u00e4ri: Hopea; Paino [kg]: 0,03; Hehkutulppatyyppi: j\u00e4lkihehkutuksenkest\u00e4v\u00e4; NISSAN: TERRANO II R20,SERENA C23M,VANETTE CARGO Kasten HC 23,VANETTE CARGO Bus HC 23,CABSTAR Pick-up; 110657C000<\/p>\n","protected":false},"excerpt":{"rendered":"<p>MAXGEAR Hehkutulppa 66-0089  NISSAN,TERRANO II R20,SERENA C23M,VANETTE CARGO Kasten HC 23,VANETTE CARGO Bus HC 23,CABSTAR Pick-up<\/p>\n","protected":false},"featured_media":0,"template":"","meta":{"site-sidebar-layout":"default","site-content-layout":"default","ast-global-header-display":"","ast-main-header-display":"","ast-hfb-above-header-display":"","ast-hfb-below-header-display":"","ast-hfb-mobile-header-display":"","site-post-title":"","ast-breadcrumbs-content":"","ast-featured-img":"","footer-sml-layout":"","theme-transparent-header-meta":"","adv-header-id-meta":"","stick-header-meta":"","header-above-stick-meta":"","header-main-stick-meta":"","header-below-stick-meta":""},"pwb-brand":[48],"product_cat":[52],"product_tag":[],"class_list":{"0":"post-36153","1":"product","2":"type-product","3":"status-publish","5":"pwb-brand-maxgear","6":"product_cat-hehkutulppa","7":"desktop-align-left","8":"tablet-align-left","9":"mobile-align-left","11":"first","12":"instock","13":"product-type-external"},"brands":[{"id":48,"name":"MAXGEAR","slug":"maxgear"}],"_links":{"self":[{"href":"https:\/\/www.autonvaraosahaku.fi\/index.php?rest_route=\/wp\/v2\/product\/36153","targetHints":{"allow":["GET"]}}],"collection":[{"href":"https:\/\/www.autonvaraosahaku.fi\/index.php?rest_route=\/wp\/v2\/product"}],"about":[{"href":"https:\/\/www.autonvaraosahaku.fi\/index.php?rest_route=\/wp\/v2\/types\/product"}],"wp:attachment":[{"href":"https:\/\/www.autonvaraosahaku.fi\/index.php?rest_route=%2Fwp%2Fv2%2Fmedia&parent=36153"}],"wp:term":[{"taxonomy":"pwb-brand","embeddable":true,"href":"https:\/\/www.autonvaraosahaku.fi\/index.php?rest_route=%2Fwp%2Fv2%2Fpwb-brand&post=36153"},{"taxonomy":"product_cat","embeddable":true,"href":"https:\/\/www.autonvaraosahaku.fi\/index.php?rest_route=%2Fwp%2Fv2%2Fproduct_cat&post=36153"},{"taxonomy":"product_tag","embeddable":true,"href":"https:\/\/www.autonvaraosahaku.fi\/index.php?rest_route=%2Fwp%2Fv2%2Fproduct_tag&post=36153"}],"curies":[{"name":"wp","href":"https:\/\/api.w.org\/{rel}","templated":true}]}}