{"id":36155,"date":"2021-02-21T16:28:24","date_gmt":"2021-02-21T16:28:24","guid":{"rendered":"https:\/\/www.autonvaraosahaku.fi\/?product=ridex-3545c0004-ohjainlaite-lammitys-tuuletus"},"modified":"2021-02-21T16:28:27","modified_gmt":"2021-02-21T16:28:27","slug":"ridex-3545c0004-ohjainlaite-lammitys-tuuletus","status":"publish","type":"product","link":"https:\/\/www.autonvaraosahaku.fi\/?product=ridex-3545c0004-ohjainlaite-lammitys-tuuletus","title":{"rendered":"RIDEX 3545C0004 Ohjainlaite l\u00e4mmitys tuuletus"},"content":{"rendered":"<p>Napojen m\u00e4\u00e4r\u00e4: 14; Nimellisj\u00e4nnite (V): 12; Reletoiminto: J\u00e4\u00e4hdytintuulettimen j\u00e4lkik\u00e4ynti, Puhallin, moottorij\u00e4\u00e4hdytys; TECDOC-moottorinumero: 5074; VW: GOLF IV 1J1,LUPO 6X1, 6E1,GOLF IV Variant 1J5,POLO 6N2,BORA 1J2,NEW BEETLE 9C1, 1C1,BORA Kombi 1J6,NEW BEETLE Cabriolet 1Y7; AUDI: A3 8L1,TT 8N3,TT Roadster 8N9; SKODA: OCTAVIA Combi 1U5,OCTAVIA 1U2; SEAT: LEON 1M1,AROSA 6H,TOLEDO II 1M2; 1J0919506K, 1J0919506K, 1J0919506K, 1J0919506K<\/p>\n","protected":false},"excerpt":{"rendered":"<p>RIDEX S\u00e4\u00e4din, S\u00e4hk\u00f6puhallin (Moottorij\u00e4\u00e4dytys) 3545C0004  VW,AUDI,SKODA,GOLF IV 1J1,LUPO 6X1, 6E1,GOLF IV Variant 1J5,POLO 6N2,BORA 1J2<\/p>\n","protected":false},"featured_media":0,"template":"","meta":{"site-sidebar-layout":"default","site-content-layout":"default","ast-global-header-display":"","ast-main-header-display":"","ast-hfb-above-header-display":"","ast-hfb-below-header-display":"","ast-hfb-mobile-header-display":"","site-post-title":"","ast-breadcrumbs-content":"","ast-featured-img":"","footer-sml-layout":"","theme-transparent-header-meta":"","adv-header-id-meta":"","stick-header-meta":"","header-above-stick-meta":"","header-main-stick-meta":"","header-below-stick-meta":""},"pwb-brand":[157],"product_cat":[262],"product_tag":[],"class_list":{"0":"post-36155","1":"product","2":"type-product","3":"status-publish","5":"pwb-brand-ridex","6":"product_cat-ohjainlaite-lammitys-tuuletus","7":"desktop-align-left","8":"tablet-align-left","9":"mobile-align-left","11":"first","12":"instock","13":"product-type-external"},"brands":[{"id":157,"name":"RIDEX","slug":"ridex"}],"_links":{"self":[{"href":"https:\/\/www.autonvaraosahaku.fi\/index.php?rest_route=\/wp\/v2\/product\/36155","targetHints":{"allow":["GET"]}}],"collection":[{"href":"https:\/\/www.autonvaraosahaku.fi\/index.php?rest_route=\/wp\/v2\/product"}],"about":[{"href":"https:\/\/www.autonvaraosahaku.fi\/index.php?rest_route=\/wp\/v2\/types\/product"}],"wp:attachment":[{"href":"https:\/\/www.autonvaraosahaku.fi\/index.php?rest_route=%2Fwp%2Fv2%2Fmedia&parent=36155"}],"wp:term":[{"taxonomy":"pwb-brand","embeddable":true,"href":"https:\/\/www.autonvaraosahaku.fi\/index.php?rest_route=%2Fwp%2Fv2%2Fpwb-brand&post=36155"},{"taxonomy":"product_cat","embeddable":true,"href":"https:\/\/www.autonvaraosahaku.fi\/index.php?rest_route=%2Fwp%2Fv2%2Fproduct_cat&post=36155"},{"taxonomy":"product_tag","embeddable":true,"href":"https:\/\/www.autonvaraosahaku.fi\/index.php?rest_route=%2Fwp%2Fv2%2Fproduct_tag&post=36155"}],"curies":[{"name":"wp","href":"https:\/\/api.w.org\/{rel}","templated":true}]}}