{"id":36157,"date":"2021-02-21T16:28:24","date_gmt":"2021-02-21T16:28:24","guid":{"rendered":"https:\/\/www.autonvaraosahaku.fi\/?product=filtron-pp-855-polttoainesuodatin"},"modified":"2021-02-21T16:28:27","modified_gmt":"2021-02-21T16:28:27","slug":"filtron-pp-855-polttoainesuodatin","status":"publish","type":"product","link":"https:\/\/www.autonvaraosahaku.fi\/?product=filtron-pp-855-polttoainesuodatin","title":{"rendered":"FILTRON PP 855 Polttoainesuodatin"},"content":{"rendered":"<p>Korkeus (mm): 145; Kierremitta: 3\/4-16 UNF, M 36&#215;1,5; Ulkol\u00e4pimitta 1 [mm]: 95; Kierre 1: M 36 X 1.5; Sis\u00e4l\u00e4pimitta 1 [mm]: 66; Sis\u00e4l\u00e4pimitta 2 [mm]: 58; Valmistusvuoteen: 02\/1996; VW: TARO; MAZDA: 5 CR19,3 BK,6 Station Wagon GY,CX-5 KE, GH,6 Kombi GH,CX-7 ER,6 Hatchback GG,6 GG,3 BL,3 BM,6 Kombi GJ, GH,6 Schr\u00e4gheck GH,3 Stufenheck BK,6 GH,6 Stufenheck GJ, GH,3 Stufenheck BL,3 Stufenheck BM,B-SERIE UN,BT-50 CD, UN,E-SERIE Kasten SR2,B-SERIE UF,BT-50 Pritsche\/Fahrgestell CD, UN,CX-5 KF; NISSAN: PICK UP D22; FORD: RANGER ES, ET,RANGER ER, EQ; TOYOTA: AVENSIS Kombi T25,COROLLA Verso ZER_, ZZE12_, R1_,COROLLA ZZE12_, NDE12_, ZDE12_,VERSO _AUR2_, _ZGR2_,AVENSIS T25_,COROLLA Kombi _E12J_, _E12T_,AVENSIS Stufenheck T25,COROLLA Liftback _E11_,COROLLA Compact _E11_,LAND CRUISER KDJ12_, GRJ12_,HILUX III Pick-up TGN1_, GGN2_, GGN1_, KUN2_, KUN1_,COROLLA Stufenheck _E12J_, _E12T_,LAND CRUISER 90 _J9_,COROLLA Compact _E10_,CARINA E _T19_,LAND CRUISER PZJ7_, KZJ7_, HZJ7_, BJ7_, LJ7_, RJ7_,LAND CRUISER 100 UZJ100,LAND CRUISER 80 _J8_,COROLLA _E11_,CARINA E Stufenheck _T19_,COROLLA Wagon __E11_,CARINA E Sportswagon _T19_,HILUX VI Pick-up _N1_,STARLET _P7_,HILUX V Pick-up LN_, KZN1_, VZN1_,4 RUNNER RN10_, VZN13_, VZN10_, RN13_,COROLLA Liftback _E10_,COROLLA Liftback _E9_,HIACE IV Bus LH1_,COROLLA _E10_,HIACE IV Kasten LXH1_, RZH1_, LH1_,CARINA II _T17_,LAND CRUISER Pick-up _J7_,4 RUNNER KZN18_, VZN18_, RZN18_,HIACE III Wagon LH1_, RZH1_,CARINA II Stufenheck _T17_,COROLLA Compact _E9_,LAND CRUISER Hardtop _J7_,HILUX IV Pick-up _N5_, ; XD171, 1861005420, 2330364010, 2330364010000, 2330383706, 1213456, 4024213, 4403318, 4962893, 5091986, 5119662, 9M349150BA, XM349150AA, XM349159EA, XM349450AA, XM3J9150AA, YL5Z9155AB, YL5Z9155AB, 2330364010, R2N13ZA5, R2N513ZA5, R2N513ZA59A, R2N513ZA5A, R2N513ZA5A9A, WE0113ZA5, WE0113ZA59A, WE0113ZA5A, WL8113ZA5, 1770A053, 1770A055, 164032SA00, 42072AG060, 0423476010, 2330356040, 2330364010, 2330364020, 2330376021, 2339024480, 2339030150, 2339030180, 2339064480, 23390YZZAB, 423476010, J2330364010<\/p>\n","protected":false},"excerpt":{"rendered":"<p>FILTRON Polttoainesuodatin PP 855  VW,MAZDA,NISSAN,TARO,5 CR19,3 BK,6 Station Wagon GY,CX-5 KE, GH,6 Kombi GH,CX-7 ER,6 Hatchback GG,6 GG,3 BL,3 BM<\/p>\n","protected":false},"featured_media":0,"template":"","meta":{"site-sidebar-layout":"default","site-content-layout":"default","ast-global-header-display":"","ast-main-header-display":"","ast-hfb-above-header-display":"","ast-hfb-below-header-display":"","ast-hfb-mobile-header-display":"","site-post-title":"","ast-breadcrumbs-content":"","ast-featured-img":"","footer-sml-layout":"","theme-transparent-header-meta":"","adv-header-id-meta":"","stick-header-meta":"","header-above-stick-meta":"","header-main-stick-meta":"","header-below-stick-meta":""},"pwb-brand":[359],"product_cat":[29],"product_tag":[],"class_list":{"0":"post-36157","1":"product","2":"type-product","3":"status-publish","5":"pwb-brand-filtron","6":"product_cat-polttoainesuodatin","7":"desktop-align-left","8":"tablet-align-left","9":"mobile-align-left","11":"first","12":"instock","13":"product-type-external"},"brands":[{"id":359,"name":"FILTRON","slug":"filtron"}],"_links":{"self":[{"href":"https:\/\/www.autonvaraosahaku.fi\/index.php?rest_route=\/wp\/v2\/product\/36157","targetHints":{"allow":["GET"]}}],"collection":[{"href":"https:\/\/www.autonvaraosahaku.fi\/index.php?rest_route=\/wp\/v2\/product"}],"about":[{"href":"https:\/\/www.autonvaraosahaku.fi\/index.php?rest_route=\/wp\/v2\/types\/product"}],"wp:attachment":[{"href":"https:\/\/www.autonvaraosahaku.fi\/index.php?rest_route=%2Fwp%2Fv2%2Fmedia&parent=36157"}],"wp:term":[{"taxonomy":"pwb-brand","embeddable":true,"href":"https:\/\/www.autonvaraosahaku.fi\/index.php?rest_route=%2Fwp%2Fv2%2Fpwb-brand&post=36157"},{"taxonomy":"product_cat","embeddable":true,"href":"https:\/\/www.autonvaraosahaku.fi\/index.php?rest_route=%2Fwp%2Fv2%2Fproduct_cat&post=36157"},{"taxonomy":"product_tag","embeddable":true,"href":"https:\/\/www.autonvaraosahaku.fi\/index.php?rest_route=%2Fwp%2Fv2%2Fproduct_tag&post=36157"}],"curies":[{"name":"wp","href":"https:\/\/api.w.org\/{rel}","templated":true}]}}