{"id":36158,"date":"2021-02-21T16:28:24","date_gmt":"2021-02-21T16:28:24","guid":{"rendered":"https:\/\/www.autonvaraosahaku.fi\/?product=maxgear-39-8400-pyyhkijansulat"},"modified":"2021-02-21T16:28:28","modified_gmt":"2021-02-21T16:28:28","slug":"maxgear-39-8400-pyyhkijansulat","status":"publish","type":"product","link":"https:\/\/www.autonvaraosahaku.fi\/?product=maxgear-39-8400-pyyhkijansulat","title":{"rendered":"MAXGEAR 39-8400 Pyyhkij\u00e4nsulat"},"content":{"rendered":"<p>Asennuspuoli: Edess\u00e4, beifahrerseitig; Pituus (mm): 400; Lis\u00e4adapteri: Multiadapter; Pituus (tuumaa): 16; M\u00e4\u00e4r\u00e4: 1; Pyyhkij\u00e4nsulkatyyppi: Flatblade-pyyhinsulka (rungoton); VW: GOLF I Cabriolet 155,POLO 86C, 80,POLO Coupe 86C, 80,GOLF I 17,CADDY I 14,POLO CLASSIC 86C, 80,TRANSPORTER II Bus,POLO 86,JETTA I 16,PASSAT 32,DERBY 86,TRANSPORTER II Kasten,PASSAT Variant 33,TRANSPORTER II Pritsche\/Fahrgestell; AUDI: 50 86; MAZDA: 5 CR19,2 DY,6 Kombi GH,PREMACY CP,CX-7 ER,DEMIO DW,6 Schr\u00e4gheck GH,6 GH,RX 7 II FC,121 II DB,RX 7 I SA,929 II Kombi HV,RX 5; SKODA: 105,120 742,130,RAPID 120G, 130G, 135G; SEAT: IBIZA V 6J5, 6P5,MARBELLA 28,TERRA Kasten 024A,MARBELLA Kasten 028A,MALAGA 023A,TERRA 24,RONDA 022A,PANDA 141A,FURA 025A; CHEVROLET: CAPTIVA C100, C140,AVEO Stufenheck T250, T255,KALOS Stufenheck; DAEWOO: KALOS KLAS,MATIZ KLYA; NISSAN: ALMERA II Hatchback N16,X-TRAIL T31,ALMERA Mk II N16,PICK UP D21,PATROL Hardtop K160,PATROL Station Wagon W160,VANETTE Bus KC120,SUNNY I Traveller B11,BLUEBIRD B610,BLUEBIRD Stufenheck 910,VANETTE Kasten C120; KIA: PICANTO BA,SPORTAGE SL,RIO II JB,CARENS III UN,CERATO LD,CERATO Stufenheck LD,RIO Stufenheck DC_; HONDA: CR-V III RE,LOGO GA3,HR-V GH,S2000 AP; Tuulilasinpyyhkimet,Pyyhkij\u00e4t,Pyyhkij\u00e4nsulka<\/p>\n","protected":false},"excerpt":{"rendered":"<p>MAXGEAR Pyyhkij\u00e4nsulat 39-8400 Tuulilasinpyyhkimet,Pyyhkij\u00e4t VW,AUDI,MAZDA,GOLF I Cabriolet 155,POLO 86C, 80,POLO Coupe 86C, 80,GOLF I 17,CADDY I 14<\/p>\n","protected":false},"featured_media":0,"template":"","meta":{"site-sidebar-layout":"default","site-content-layout":"default","ast-global-header-display":"","ast-main-header-display":"","ast-hfb-above-header-display":"","ast-hfb-below-header-display":"","ast-hfb-mobile-header-display":"","site-post-title":"","ast-breadcrumbs-content":"","ast-featured-img":"","footer-sml-layout":"","theme-transparent-header-meta":"","adv-header-id-meta":"","stick-header-meta":"","header-above-stick-meta":"","header-main-stick-meta":"","header-below-stick-meta":""},"pwb-brand":[48],"product_cat":[33],"product_tag":[],"class_list":{"0":"post-36158","1":"product","2":"type-product","3":"status-publish","5":"pwb-brand-maxgear","6":"product_cat-pyyhkijansulat","7":"desktop-align-left","8":"tablet-align-left","9":"mobile-align-left","11":"first","12":"instock","13":"product-type-external"},"brands":[{"id":48,"name":"MAXGEAR","slug":"maxgear"}],"_links":{"self":[{"href":"https:\/\/www.autonvaraosahaku.fi\/index.php?rest_route=\/wp\/v2\/product\/36158","targetHints":{"allow":["GET"]}}],"collection":[{"href":"https:\/\/www.autonvaraosahaku.fi\/index.php?rest_route=\/wp\/v2\/product"}],"about":[{"href":"https:\/\/www.autonvaraosahaku.fi\/index.php?rest_route=\/wp\/v2\/types\/product"}],"wp:attachment":[{"href":"https:\/\/www.autonvaraosahaku.fi\/index.php?rest_route=%2Fwp%2Fv2%2Fmedia&parent=36158"}],"wp:term":[{"taxonomy":"pwb-brand","embeddable":true,"href":"https:\/\/www.autonvaraosahaku.fi\/index.php?rest_route=%2Fwp%2Fv2%2Fpwb-brand&post=36158"},{"taxonomy":"product_cat","embeddable":true,"href":"https:\/\/www.autonvaraosahaku.fi\/index.php?rest_route=%2Fwp%2Fv2%2Fproduct_cat&post=36158"},{"taxonomy":"product_tag","embeddable":true,"href":"https:\/\/www.autonvaraosahaku.fi\/index.php?rest_route=%2Fwp%2Fv2%2Fproduct_tag&post=36158"}],"curies":[{"name":"wp","href":"https:\/\/api.w.org\/{rel}","templated":true}]}}