{"id":36207,"date":"2021-02-21T16:28:39","date_gmt":"2021-02-21T16:28:39","guid":{"rendered":"https:\/\/www.autonvaraosahaku.fi\/?product=bugiad-81970-ahdinletku"},"modified":"2021-02-21T16:28:41","modified_gmt":"2021-02-21T16:28:41","slug":"bugiad-81970-ahdinletku","status":"publish","type":"product","link":"https:\/\/www.autonvaraosahaku.fi\/?product=bugiad-81970-ahdinletku","title":{"rendered":"BUGIAD 81970 Ahdinletku"},"content":{"rendered":"<p>Tuotenumerolle: 1468764; Sis\u00e4l\u00e4pimitta 1 [mm]: 50; Sis\u00e4l\u00e4pimitta 2 [mm]: 58; Sein\u00e4paksuus [mm]: 5; Asennuspuoli: Ahtoilmaj\u00e4\u00e4hdytin, matkustajan puolella, Oikea; Korvaava tuote\/korvaava tiedote 2: Kuorilla; FORD: MONDEO IV Turnier BA7,S-MAX WA6,GALAXY WA6; 1383684, 1430292, 1459397, 1468764, 1693589, 6G916C646F, 6G916C646FB, 6G916C646FC, 7G916K683AA; Turbon Letkut,Turbon Putket<\/p>\n","protected":false},"excerpt":{"rendered":"<p>BUGIAD Ahdinletku 81970 Turbon Letkut,Turbon Putket FORD,MONDEO IV Turnier BA7,S-MAX WA6,GALAXY WA6<\/p>\n","protected":false},"featured_media":0,"template":"","meta":{"site-sidebar-layout":"default","site-content-layout":"default","ast-global-header-display":"","ast-main-header-display":"","ast-hfb-above-header-display":"","ast-hfb-below-header-display":"","ast-hfb-mobile-header-display":"","site-post-title":"","ast-breadcrumbs-content":"","ast-featured-img":"","footer-sml-layout":"","theme-transparent-header-meta":"","adv-header-id-meta":"","stick-header-meta":"","header-above-stick-meta":"","header-main-stick-meta":"","header-below-stick-meta":""},"pwb-brand":[373],"product_cat":[113],"product_tag":[],"class_list":{"0":"post-36207","1":"product","2":"type-product","3":"status-publish","5":"pwb-brand-bugiad","6":"product_cat-ahdinletku","7":"desktop-align-left","8":"tablet-align-left","9":"mobile-align-left","11":"first","12":"instock","13":"product-type-external"},"brands":[{"id":373,"name":"BUGIAD","slug":"bugiad"}],"_links":{"self":[{"href":"https:\/\/www.autonvaraosahaku.fi\/index.php?rest_route=\/wp\/v2\/product\/36207","targetHints":{"allow":["GET"]}}],"collection":[{"href":"https:\/\/www.autonvaraosahaku.fi\/index.php?rest_route=\/wp\/v2\/product"}],"about":[{"href":"https:\/\/www.autonvaraosahaku.fi\/index.php?rest_route=\/wp\/v2\/types\/product"}],"wp:attachment":[{"href":"https:\/\/www.autonvaraosahaku.fi\/index.php?rest_route=%2Fwp%2Fv2%2Fmedia&parent=36207"}],"wp:term":[{"taxonomy":"pwb-brand","embeddable":true,"href":"https:\/\/www.autonvaraosahaku.fi\/index.php?rest_route=%2Fwp%2Fv2%2Fpwb-brand&post=36207"},{"taxonomy":"product_cat","embeddable":true,"href":"https:\/\/www.autonvaraosahaku.fi\/index.php?rest_route=%2Fwp%2Fv2%2Fproduct_cat&post=36207"},{"taxonomy":"product_tag","embeddable":true,"href":"https:\/\/www.autonvaraosahaku.fi\/index.php?rest_route=%2Fwp%2Fv2%2Fproduct_tag&post=36207"}],"curies":[{"name":"wp","href":"https:\/\/api.w.org\/{rel}","templated":true}]}}