{"id":36233,"date":"2021-02-21T16:28:44","date_gmt":"2021-02-21T16:28:44","guid":{"rendered":"https:\/\/www.autonvaraosahaku.fi\/?product=sasic-2256109-alatukivarsi"},"modified":"2021-02-21T16:28:46","modified_gmt":"2021-02-21T16:28:46","slug":"sasic-2256109-alatukivarsi","status":"publish","type":"product","link":"https:\/\/www.autonvaraosahaku.fi\/?product=sasic-2256109-alatukivarsi","title":{"rendered":"SASIC 2256109 Alatukivarsi"},"content":{"rendered":"<p>Asennuspuoli: Taka-akseli, molemminpuolinen, Takana, Yl\u00e4puolella; Ohjausmalli: Poikittaistukivarrelle; Sis\u00e4l\u00e4pimitta [mm]: 14; Ulkol\u00e4pimitta [mm]: 47,3; Pituus, sis\u00e4 (mm): 54; Pituus, ulko (mm): 24,6; OE-numerolle: Part\/oe 423035; parilliset tuotenumerot: 2256141; SAAB: 9-3 YS3F,9-3 Kombi YS3F,9-3 YS3D,9-3 Cabriolet YS3F; OPEL: VECTRA C Caravan,SIGNUM,VECTRA C,VECTRA C GTS; FIAT: CROMA 194; 51748740, 51783009, 51803162, 13105744, 13204115, 13230274, 423008, 423033, 423035, 13105744, 13204115, 13230274, 423008, 423033, 423035; Tukivarsi,Tukivarsi, Py\u00f6r\u00e4ntuenta<\/p>\n","protected":false},"excerpt":{"rendered":"<p>SASIC Alatukivarsi 2256109 Tukivarsi,Tukivarsi, Py\u00f6r\u00e4ntuenta SAAB,OPEL,FIAT,9-3 YS3F,9-3 Kombi YS3F,9-3 YS3D,9-3 Cabriolet YS3F,VECTRA C Caravan<\/p>\n","protected":false},"featured_media":0,"template":"","meta":{"site-sidebar-layout":"default","site-content-layout":"default","ast-global-header-display":"","ast-main-header-display":"","ast-hfb-above-header-display":"","ast-hfb-below-header-display":"","ast-hfb-mobile-header-display":"","site-post-title":"","ast-breadcrumbs-content":"","ast-featured-img":"","footer-sml-layout":"","theme-transparent-header-meta":"","adv-header-id-meta":"","stick-header-meta":"","header-above-stick-meta":"","header-main-stick-meta":"","header-below-stick-meta":""},"pwb-brand":[110],"product_cat":[62],"product_tag":[],"class_list":{"0":"post-36233","1":"product","2":"type-product","3":"status-publish","5":"pwb-brand-sasic","6":"product_cat-alatukivarsi","7":"desktop-align-left","8":"tablet-align-left","9":"mobile-align-left","11":"first","12":"instock","13":"product-type-external"},"brands":[{"id":110,"name":"SASIC","slug":"sasic"}],"_links":{"self":[{"href":"https:\/\/www.autonvaraosahaku.fi\/index.php?rest_route=\/wp\/v2\/product\/36233","targetHints":{"allow":["GET"]}}],"collection":[{"href":"https:\/\/www.autonvaraosahaku.fi\/index.php?rest_route=\/wp\/v2\/product"}],"about":[{"href":"https:\/\/www.autonvaraosahaku.fi\/index.php?rest_route=\/wp\/v2\/types\/product"}],"wp:attachment":[{"href":"https:\/\/www.autonvaraosahaku.fi\/index.php?rest_route=%2Fwp%2Fv2%2Fmedia&parent=36233"}],"wp:term":[{"taxonomy":"pwb-brand","embeddable":true,"href":"https:\/\/www.autonvaraosahaku.fi\/index.php?rest_route=%2Fwp%2Fv2%2Fpwb-brand&post=36233"},{"taxonomy":"product_cat","embeddable":true,"href":"https:\/\/www.autonvaraosahaku.fi\/index.php?rest_route=%2Fwp%2Fv2%2Fproduct_cat&post=36233"},{"taxonomy":"product_tag","embeddable":true,"href":"https:\/\/www.autonvaraosahaku.fi\/index.php?rest_route=%2Fwp%2Fv2%2Fproduct_tag&post=36233"}],"curies":[{"name":"wp","href":"https:\/\/api.w.org\/{rel}","templated":true}]}}