{"id":36244,"date":"2021-02-21T16:28:49","date_gmt":"2021-02-21T16:28:49","guid":{"rendered":"https:\/\/www.autonvaraosahaku.fi\/?product=era-770010a-polttoainepumppu"},"modified":"2021-02-21T16:28:50","modified_gmt":"2021-02-21T16:28:50","slug":"era-770010a-polttoainepumppu","status":"publish","type":"product","link":"https:\/\/www.autonvaraosahaku.fi\/?product=era-770010a-polttoainepumppu","title":{"rendered":"ERA 770010A Polttoainepumppu"},"content":{"rendered":"<p>Paino [kg]: 0,324; Paine (bar): 1,2; K\u00e4ytt\u00f6: S\u00e4hk\u00f6inen; Liittimi\u00e4: 2; Siirtom\u00e4\u00e4r\u00e4 (l\/h): 110; Suositellun tarvikkeen tuotenumero: 775010, 775011, 775062, 775063, 775066; VOLVO: 240 P242, P244; MERCEDES-BENZ: SL R129,T1 Pritsche\/Fahrgestell 602; OPEL: ASCONA B 81_, 86_, 87_, 88_,REKORD C; SUBARU: LEONE I Station Wagon; LANCIA: Y 840A,DEDRA 835; FORD: FOCUS DAW, DBW,FOCUS Stufenheck DFW; FIAT: PUNTO 188,PANDA 169,SEICENTO 187,PUNTO 176,CINQUECENTO 170,PANDA 141A_,PUNTO Cabriolet 176C,SCUDO Kasten 220L,SCUDO Combinato 220P,PANDA Van 141_,500 C Berlina,PUNTO Van 176L; CITRO\u00cbN: SAXO S0, S1,JUMPY U6U,JUMPY Kasten BS_, BT_, BY_, BZ_,SM; PEUGEOT: 106 II 1,106 I 1A, 1C,EXPERT Kasten 222,605 6B,EXPERT 224,EXPERT Pritsche\/Fahrgestell 223; ISUZU: MIDI Kasten 98000N; 145504, 145507, 145508, 1525TZ, 46473397, 5257916, 7621261, 7747117, 145504, 145507, 145508, 1525TZ<\/p>\n","protected":false},"excerpt":{"rendered":"<p>ERA Polttoainepumppu 770010A  VOLVO,MERCEDES-BENZ,OPEL,240 P242, P244,SL R129,T1 Pritsche\/Fahrgestell 602,ASCONA B 81_, 86_, 87_, 88_,REKORD C<\/p>\n","protected":false},"featured_media":0,"template":"","meta":{"site-sidebar-layout":"default","site-content-layout":"default","ast-global-header-display":"","ast-main-header-display":"","ast-hfb-above-header-display":"","ast-hfb-below-header-display":"","ast-hfb-mobile-header-display":"","site-post-title":"","ast-breadcrumbs-content":"","ast-featured-img":"","footer-sml-layout":"","theme-transparent-header-meta":"","adv-header-id-meta":"","stick-header-meta":"","header-above-stick-meta":"","header-main-stick-meta":"","header-below-stick-meta":""},"pwb-brand":[64],"product_cat":[73],"product_tag":[],"class_list":{"0":"post-36244","1":"product","2":"type-product","3":"status-publish","5":"pwb-brand-era","6":"product_cat-polttoainepumppu","7":"desktop-align-left","8":"tablet-align-left","9":"mobile-align-left","11":"first","12":"instock","13":"product-type-external"},"brands":[{"id":64,"name":"ERA","slug":"era"}],"_links":{"self":[{"href":"https:\/\/www.autonvaraosahaku.fi\/index.php?rest_route=\/wp\/v2\/product\/36244","targetHints":{"allow":["GET"]}}],"collection":[{"href":"https:\/\/www.autonvaraosahaku.fi\/index.php?rest_route=\/wp\/v2\/product"}],"about":[{"href":"https:\/\/www.autonvaraosahaku.fi\/index.php?rest_route=\/wp\/v2\/types\/product"}],"wp:attachment":[{"href":"https:\/\/www.autonvaraosahaku.fi\/index.php?rest_route=%2Fwp%2Fv2%2Fmedia&parent=36244"}],"wp:term":[{"taxonomy":"pwb-brand","embeddable":true,"href":"https:\/\/www.autonvaraosahaku.fi\/index.php?rest_route=%2Fwp%2Fv2%2Fpwb-brand&post=36244"},{"taxonomy":"product_cat","embeddable":true,"href":"https:\/\/www.autonvaraosahaku.fi\/index.php?rest_route=%2Fwp%2Fv2%2Fproduct_cat&post=36244"},{"taxonomy":"product_tag","embeddable":true,"href":"https:\/\/www.autonvaraosahaku.fi\/index.php?rest_route=%2Fwp%2Fv2%2Fproduct_tag&post=36244"}],"curies":[{"name":"wp","href":"https:\/\/api.w.org\/{rel}","templated":true}]}}