{"id":36254,"date":"2021-02-21T16:28:49","date_gmt":"2021-02-21T16:28:49","guid":{"rendered":"https:\/\/www.autonvaraosahaku.fi\/?product=febi-bilstein-108096-iskunvaimentimen-suojakumi-pohjaanlyontikumi"},"modified":"2021-02-21T16:28:52","modified_gmt":"2021-02-21T16:28:52","slug":"febi-bilstein-108096-iskunvaimentimen-suojakumi-pohjaanlyontikumi","status":"publish","type":"product","link":"https:\/\/www.autonvaraosahaku.fi\/?product=febi-bilstein-108096-iskunvaimentimen-suojakumi-pohjaanlyontikumi","title":{"rendered":"FEBI BILSTEIN 108096 Iskunvaimentimen suojakumi &#038; pohjaanly\u00f6ntikumi"},"content":{"rendered":"<p>Pituus (mm): 241; Sis\u00e4l\u00e4pimitta [mm]: 72,0, 65,0; Asennuspuoli: etuakseli molemminpuoleinen; Paino [kg]: 0,170, 0,170; TECDOC-moottorinumero: 24427; VOLVO: V50 MW,XC60,V70 III BW,C30,V60,S40 II MS,C70 II Cabriolet,V40 Schr\u00e4gheck,XC70 II,S80 II AS,S60 II; FORD: FOCUS II Kombi DA_,FOCUS II DA_,FOCUS III Turnier,FOCUS C-MAX,KUGA I,C-MAX DM2,FOCUS III,C-MAX II,KUGA II DM2,GRAND C-MAX,FOCUS Stufenheck DFW,FOCUS II Stufenheck DA_,FOCUS II Cabriolet,FOCUS III Stufenheck,TOURNEO CONNECT \/ GRAND TOURNEO CONNECT Kombi,TRANSIT CONNECT Kasten,GRAND C-MAX Van,C-MAX II Van,TRANSIT CONNECT Kombi,KUGA II Van,FOCUS III Kasten\/Schr\u00e4gheck; 1223834, 1255570, 1305329, 3M513K036AA, 3M513K036AB, 3M513K036AC, 30666135, 30666842, 30683203, 30794011<\/p>\n","protected":false},"excerpt":{"rendered":"<p>FEBI BILSTEIN Suojus\/Palje, Iskunvaimentaja 108096  VOLVO,FORD,V50 MW,XC60,V70 III BW,C30,V60,S40 II MS,C70 II Cabriolet,V40 Schr\u00e4gheck,XC70 II<\/p>\n","protected":false},"featured_media":0,"template":"","meta":{"site-sidebar-layout":"default","site-content-layout":"default","ast-global-header-display":"","ast-main-header-display":"","ast-hfb-above-header-display":"","ast-hfb-below-header-display":"","ast-hfb-mobile-header-display":"","site-post-title":"","ast-breadcrumbs-content":"","ast-featured-img":"","footer-sml-layout":"","theme-transparent-header-meta":"","adv-header-id-meta":"","stick-header-meta":"","header-above-stick-meta":"","header-main-stick-meta":"","header-below-stick-meta":""},"pwb-brand":[50],"product_cat":[92],"product_tag":[],"class_list":{"0":"post-36254","1":"product","2":"type-product","3":"status-publish","5":"pwb-brand-febi-bilstein","6":"product_cat-iskunvaimentimen-suojakumi-pohjaanlyontikumi","7":"desktop-align-left","8":"tablet-align-left","9":"mobile-align-left","11":"first","12":"instock","13":"product-type-external"},"brands":[{"id":50,"name":"FEBI BILSTEIN","slug":"febi-bilstein"}],"_links":{"self":[{"href":"https:\/\/www.autonvaraosahaku.fi\/index.php?rest_route=\/wp\/v2\/product\/36254","targetHints":{"allow":["GET"]}}],"collection":[{"href":"https:\/\/www.autonvaraosahaku.fi\/index.php?rest_route=\/wp\/v2\/product"}],"about":[{"href":"https:\/\/www.autonvaraosahaku.fi\/index.php?rest_route=\/wp\/v2\/types\/product"}],"wp:attachment":[{"href":"https:\/\/www.autonvaraosahaku.fi\/index.php?rest_route=%2Fwp%2Fv2%2Fmedia&parent=36254"}],"wp:term":[{"taxonomy":"pwb-brand","embeddable":true,"href":"https:\/\/www.autonvaraosahaku.fi\/index.php?rest_route=%2Fwp%2Fv2%2Fpwb-brand&post=36254"},{"taxonomy":"product_cat","embeddable":true,"href":"https:\/\/www.autonvaraosahaku.fi\/index.php?rest_route=%2Fwp%2Fv2%2Fproduct_cat&post=36254"},{"taxonomy":"product_tag","embeddable":true,"href":"https:\/\/www.autonvaraosahaku.fi\/index.php?rest_route=%2Fwp%2Fv2%2Fproduct_tag&post=36254"}],"curies":[{"name":"wp","href":"https:\/\/api.w.org\/{rel}","templated":true}]}}