{"id":36255,"date":"2021-02-21T16:28:49","date_gmt":"2021-02-21T16:28:49","guid":{"rendered":"https:\/\/www.autonvaraosahaku.fi\/?product=gates-05-0703-jaahdyttimen-letku"},"modified":"2021-02-21T16:28:52","modified_gmt":"2021-02-21T16:28:52","slug":"gates-05-0703-jaahdyttimen-letku","status":"publish","type":"product","link":"https:\/\/www.autonvaraosahaku.fi\/?product=gates-05-0703-jaahdyttimen-letku","title":{"rendered":"GATES 05-0703 J\u00e4\u00e4hdyttimen letku"},"content":{"rendered":"<p>Materiaali: EPDM (eteenipropeeni-dieeni-kumi); V\u00e4ri: Musta; Letkupituus [mm]: 395; Sis\u00e4l\u00e4pimitta 1 [mm]: 33; Sis\u00e4l\u00e4pimitta 2 [mm]: 33; Asennuspuoli: unten; MERCEDES-BENZ: Stufenheck W124,S-CLASS W126,KOMBI Kombi S124,E-CLASS W124,COUPE C124,E-CLASS Kombi S124; MITSUBISHI: PAJERO I L04_G, L14_G,PAJERO I Canvas Top L04_G,L 200 K3_T, K2_T, K1_T, K0_T,FORTE; 1245013382, 1265016082, A1245013382, A1265016082, MB221725, MB221969<\/p>\n","protected":false},"excerpt":{"rendered":"<p>GATES J\u00e4\u00e4hdyttimen Letku 05-0703  MERCEDES-BENZ,MITSUBISHI,Stufenheck W124,S-CLASS W126,KOMBI Kombi S124,E-CLASS W124,COUPE C124,E-CLASS Kombi S124<\/p>\n","protected":false},"featured_media":0,"template":"","meta":{"site-sidebar-layout":"default","site-content-layout":"default","ast-global-header-display":"","ast-main-header-display":"","ast-hfb-above-header-display":"","ast-hfb-below-header-display":"","ast-hfb-mobile-header-display":"","site-post-title":"","ast-breadcrumbs-content":"","ast-featured-img":"","footer-sml-layout":"","theme-transparent-header-meta":"","adv-header-id-meta":"","stick-header-meta":"","header-above-stick-meta":"","header-main-stick-meta":"","header-below-stick-meta":""},"pwb-brand":[22],"product_cat":[206],"product_tag":[],"class_list":{"0":"post-36255","1":"product","2":"type-product","3":"status-publish","5":"pwb-brand-gates","6":"product_cat-jaahdyttimen-letku","7":"desktop-align-left","8":"tablet-align-left","9":"mobile-align-left","11":"first","12":"instock","13":"product-type-external"},"brands":[{"id":22,"name":"GATES","slug":"gates"}],"_links":{"self":[{"href":"https:\/\/www.autonvaraosahaku.fi\/index.php?rest_route=\/wp\/v2\/product\/36255","targetHints":{"allow":["GET"]}}],"collection":[{"href":"https:\/\/www.autonvaraosahaku.fi\/index.php?rest_route=\/wp\/v2\/product"}],"about":[{"href":"https:\/\/www.autonvaraosahaku.fi\/index.php?rest_route=\/wp\/v2\/types\/product"}],"wp:attachment":[{"href":"https:\/\/www.autonvaraosahaku.fi\/index.php?rest_route=%2Fwp%2Fv2%2Fmedia&parent=36255"}],"wp:term":[{"taxonomy":"pwb-brand","embeddable":true,"href":"https:\/\/www.autonvaraosahaku.fi\/index.php?rest_route=%2Fwp%2Fv2%2Fpwb-brand&post=36255"},{"taxonomy":"product_cat","embeddable":true,"href":"https:\/\/www.autonvaraosahaku.fi\/index.php?rest_route=%2Fwp%2Fv2%2Fproduct_cat&post=36255"},{"taxonomy":"product_tag","embeddable":true,"href":"https:\/\/www.autonvaraosahaku.fi\/index.php?rest_route=%2Fwp%2Fv2%2Fproduct_tag&post=36255"}],"curies":[{"name":"wp","href":"https:\/\/api.w.org\/{rel}","templated":true}]}}