{"id":36275,"date":"2021-02-21T16:28:54","date_gmt":"2021-02-21T16:28:54","guid":{"rendered":"https:\/\/www.autonvaraosahaku.fi\/?product=optimal-bs-8208hc-jarrulevyt"},"modified":"2021-02-21T16:28:57","modified_gmt":"2021-02-21T16:28:57","slug":"optimal-bs-8208hc-jarrulevyt","status":"publish","type":"product","link":"https:\/\/www.autonvaraosahaku.fi\/?product=optimal-bs-8208hc-jarrulevyt","title":{"rendered":"OPTIMAL BS-8208HC Jarrulevyt"},"content":{"rendered":"<p>Asennuspuoli: Etuakseli; Jarrulevytyyppi: Tuuletettu; Jarrulevyn paksuus (mm): 24; Ulkol\u00e4pimitta [mm]: 312; Korkeus (mm): 73,5; K\u00e4sittely: hiiliter\u00e4s; keskitt\u00e4misl\u00e4pimitta [mm]: 79; Pinta: pinnoitettu; V\u00e4himm\u00e4ispaksuus (mm): 22,4; Reik\u00e4kuvio\/-m\u00e4\u00e4r\u00e4: 5\/6; Jarrut: f\u00fcr Fahrzeuge ohne Performance Bremse; BMW: 3 Touring E91,3 E90,X1 E84,1 F20,3 Coupe E92,3 Touring F31,3 F30, F35, F80,3 Cabriolet E93,1 F21,3 Gran Turismo F34,4 Coupe F32, F82,2 Coupe F22,4 Cabriolet F33, F83,4 Gran Coupe F36,2 Cabriolet F23; 34116774875, 34116792219, 34116855006; Jarrulevy<\/p>\n","protected":false},"excerpt":{"rendered":"<p>OPTIMAL Jarrulevyt BS-8208HC Jarrulevy BMW,3 Touring E91,3 E90,X1 E84,1 F20,3 Coupe E92,3 Touring F31,3 F30, F35, F80,3 Cabriolet E93,1 F21<\/p>\n","protected":false},"featured_media":0,"template":"","meta":{"site-sidebar-layout":"default","site-content-layout":"default","ast-global-header-display":"","ast-main-header-display":"","ast-hfb-above-header-display":"","ast-hfb-below-header-display":"","ast-hfb-mobile-header-display":"","site-post-title":"","ast-breadcrumbs-content":"","ast-featured-img":"","footer-sml-layout":"","theme-transparent-header-meta":"","adv-header-id-meta":"","stick-header-meta":"","header-above-stick-meta":"","header-main-stick-meta":"","header-below-stick-meta":""},"pwb-brand":[307],"product_cat":[66],"product_tag":[],"class_list":{"0":"post-36275","1":"product","2":"type-product","3":"status-publish","5":"pwb-brand-optimal","6":"product_cat-jarrulevyt","7":"desktop-align-left","8":"tablet-align-left","9":"mobile-align-left","11":"first","12":"instock","13":"product-type-external"},"brands":[{"id":307,"name":"OPTIMAL","slug":"optimal"}],"_links":{"self":[{"href":"https:\/\/www.autonvaraosahaku.fi\/index.php?rest_route=\/wp\/v2\/product\/36275","targetHints":{"allow":["GET"]}}],"collection":[{"href":"https:\/\/www.autonvaraosahaku.fi\/index.php?rest_route=\/wp\/v2\/product"}],"about":[{"href":"https:\/\/www.autonvaraosahaku.fi\/index.php?rest_route=\/wp\/v2\/types\/product"}],"wp:attachment":[{"href":"https:\/\/www.autonvaraosahaku.fi\/index.php?rest_route=%2Fwp%2Fv2%2Fmedia&parent=36275"}],"wp:term":[{"taxonomy":"pwb-brand","embeddable":true,"href":"https:\/\/www.autonvaraosahaku.fi\/index.php?rest_route=%2Fwp%2Fv2%2Fpwb-brand&post=36275"},{"taxonomy":"product_cat","embeddable":true,"href":"https:\/\/www.autonvaraosahaku.fi\/index.php?rest_route=%2Fwp%2Fv2%2Fproduct_cat&post=36275"},{"taxonomy":"product_tag","embeddable":true,"href":"https:\/\/www.autonvaraosahaku.fi\/index.php?rest_route=%2Fwp%2Fv2%2Fproduct_tag&post=36275"}],"curies":[{"name":"wp","href":"https:\/\/api.w.org\/{rel}","templated":true}]}}