{"id":36279,"date":"2021-02-21T16:28:58","date_gmt":"2021-02-21T16:28:58","guid":{"rendered":"https:\/\/www.autonvaraosahaku.fi\/?product=hjs-82-22-4334-pakoputken-asennussarja"},"modified":"2021-02-21T16:28:59","modified_gmt":"2021-02-21T16:28:59","slug":"hjs-82-22-4334-pakoputken-asennussarja","status":"publish","type":"product","link":"https:\/\/www.autonvaraosahaku.fi\/?product=hjs-82-22-4334-pakoputken-asennussarja","title":{"rendered":"HJS 82 22 4334 Pakoputken asennussarja"},"content":{"rendered":"<p>Pakoputkisto: keski\u00e4\u00e4nenvaimentajalle; Vain jnk. yhteydess\u00e4: OE-Schalld\u00e4mpfer; Asennuspuoli: Edess\u00e4; Kuvan mukainen: ; Putken halkaisija v\u00e4h. [mm]: 40; Putken halkaisija kork. [mm]: 42; Moottorinumero: EB2; OPEL: CROSSLAND X; PEUGEOT: 208,2008,301; CITRO\u00cbN: DS3,C3 II,C-ELYSEE,C4 CACTUS,C3 III SX,C3 AIRCROSS II; DS: DS 3; 1608527880, 1608547280, 1613640680, 1613709080, 9818336780, PSA4356, 3648079, 1608547280, 1613640680, PSA4356; Pakoputken Kannatinkumi,Pidike, Vaimennin<\/p>\n","protected":false},"excerpt":{"rendered":"<p>HJS Pakoputken Kannatin 82 22 4334 Pakoputken Kannatinkumi,Pidike, Vaimennin OPEL,PEUGEOT,CITRO\u00cbN,CROSSLAND X,208,2008,301,DS3,C3 II,C-ELYSEE<\/p>\n","protected":false},"featured_media":0,"template":"","meta":{"site-sidebar-layout":"default","site-content-layout":"default","ast-global-header-display":"","ast-main-header-display":"","ast-hfb-above-header-display":"","ast-hfb-below-header-display":"","ast-hfb-mobile-header-display":"","site-post-title":"","ast-breadcrumbs-content":"","ast-featured-img":"","footer-sml-layout":"","theme-transparent-header-meta":"","adv-header-id-meta":"","stick-header-meta":"","header-above-stick-meta":"","header-main-stick-meta":"","header-below-stick-meta":""},"pwb-brand":[344],"product_cat":[101],"product_tag":[],"class_list":{"0":"post-36279","1":"product","2":"type-product","3":"status-publish","5":"pwb-brand-hjs","6":"product_cat-pakoputken-asennussarja","7":"desktop-align-left","8":"tablet-align-left","9":"mobile-align-left","11":"first","12":"instock","13":"product-type-external"},"brands":[{"id":344,"name":"HJS","slug":"hjs"}],"_links":{"self":[{"href":"https:\/\/www.autonvaraosahaku.fi\/index.php?rest_route=\/wp\/v2\/product\/36279","targetHints":{"allow":["GET"]}}],"collection":[{"href":"https:\/\/www.autonvaraosahaku.fi\/index.php?rest_route=\/wp\/v2\/product"}],"about":[{"href":"https:\/\/www.autonvaraosahaku.fi\/index.php?rest_route=\/wp\/v2\/types\/product"}],"wp:attachment":[{"href":"https:\/\/www.autonvaraosahaku.fi\/index.php?rest_route=%2Fwp%2Fv2%2Fmedia&parent=36279"}],"wp:term":[{"taxonomy":"pwb-brand","embeddable":true,"href":"https:\/\/www.autonvaraosahaku.fi\/index.php?rest_route=%2Fwp%2Fv2%2Fpwb-brand&post=36279"},{"taxonomy":"product_cat","embeddable":true,"href":"https:\/\/www.autonvaraosahaku.fi\/index.php?rest_route=%2Fwp%2Fv2%2Fproduct_cat&post=36279"},{"taxonomy":"product_tag","embeddable":true,"href":"https:\/\/www.autonvaraosahaku.fi\/index.php?rest_route=%2Fwp%2Fv2%2Fproduct_tag&post=36279"}],"curies":[{"name":"wp","href":"https:\/\/api.w.org\/{rel}","templated":true}]}}