{"id":36287,"date":"2021-02-21T16:28:58","date_gmt":"2021-02-21T16:28:58","guid":{"rendered":"https:\/\/www.autonvaraosahaku.fi\/?product=mapco-53800hps-kallistuksenvakaajan-puslat"},"modified":"2021-02-21T16:29:00","modified_gmt":"2021-02-21T16:29:00","slug":"mapco-53800hps-kallistuksenvakaajan-puslat","status":"publish","type":"product","link":"https:\/\/www.autonvaraosahaku.fi\/?product=mapco-53800hps-kallistuksenvakaajan-puslat","title":{"rendered":"MAPCO 53800HPS Kallistuksenvakaajan puslat"},"content":{"rendered":"<p>Laatu: HPS standard; Kiinnitysmalli: Kumilaakeri; M\u00e4\u00e4r\u00e4yksikk\u00f6: Sarja; Asennuspuoli: etuakseli molemminpuoleinen, Sisempi; Sis\u00e4l\u00e4pimitta [mm]: 27; Korvaava tuote\/korvaava tiedote 2: Kuulatapilla; Tarvittava kappalem\u00e4\u00e4r\u00e4: 1; Alustarakenne: f\u00fcr Fahrzeuge mit Sportfahrwerk; VW: PASSAT Variant 3B6,PASSAT Variant 3B5,PASSAT 3B2; AUDI: A4 8D2, B5,A6 Avant 4B5, C5,A4 Avant 8D5, B5,Q5 8R,A6 4B2, C5,A8 4D2, 4D8,ALLROAD 4BH, C5; SKODA: SUPERB 3U4; 4D0411327F, 4D0411327H<\/p>\n","protected":false},"excerpt":{"rendered":"<p>MAPCO Korjaussarja, Vakaajan Hela 53800HPS  VW,AUDI,SKODA,PASSAT Variant 3B6,PASSAT Variant 3B5,PASSAT 3B2,A4 8D2, B5,A6 Avant 4B5, C5<\/p>\n","protected":false},"featured_media":0,"template":"","meta":{"site-sidebar-layout":"default","site-content-layout":"default","ast-global-header-display":"","ast-main-header-display":"","ast-hfb-above-header-display":"","ast-hfb-below-header-display":"","ast-hfb-mobile-header-display":"","site-post-title":"","ast-breadcrumbs-content":"","ast-featured-img":"","footer-sml-layout":"","theme-transparent-header-meta":"","adv-header-id-meta":"","stick-header-meta":"","header-above-stick-meta":"","header-main-stick-meta":"","header-below-stick-meta":""},"pwb-brand":[36],"product_cat":[82],"product_tag":[],"class_list":{"0":"post-36287","1":"product","2":"type-product","3":"status-publish","5":"pwb-brand-mapco","6":"product_cat-kallistuksenvakaajan-puslat","7":"desktop-align-left","8":"tablet-align-left","9":"mobile-align-left","11":"first","12":"instock","13":"product-type-external"},"brands":[{"id":36,"name":"MAPCO","slug":"mapco"}],"_links":{"self":[{"href":"https:\/\/www.autonvaraosahaku.fi\/index.php?rest_route=\/wp\/v2\/product\/36287","targetHints":{"allow":["GET"]}}],"collection":[{"href":"https:\/\/www.autonvaraosahaku.fi\/index.php?rest_route=\/wp\/v2\/product"}],"about":[{"href":"https:\/\/www.autonvaraosahaku.fi\/index.php?rest_route=\/wp\/v2\/types\/product"}],"wp:attachment":[{"href":"https:\/\/www.autonvaraosahaku.fi\/index.php?rest_route=%2Fwp%2Fv2%2Fmedia&parent=36287"}],"wp:term":[{"taxonomy":"pwb-brand","embeddable":true,"href":"https:\/\/www.autonvaraosahaku.fi\/index.php?rest_route=%2Fwp%2Fv2%2Fpwb-brand&post=36287"},{"taxonomy":"product_cat","embeddable":true,"href":"https:\/\/www.autonvaraosahaku.fi\/index.php?rest_route=%2Fwp%2Fv2%2Fproduct_cat&post=36287"},{"taxonomy":"product_tag","embeddable":true,"href":"https:\/\/www.autonvaraosahaku.fi\/index.php?rest_route=%2Fwp%2Fv2%2Fproduct_tag&post=36287"}],"curies":[{"name":"wp","href":"https:\/\/api.w.org\/{rel}","templated":true}]}}