{"id":36301,"date":"2021-02-21T16:29:04","date_gmt":"2021-02-21T16:29:04","guid":{"rendered":"https:\/\/www.autonvaraosahaku.fi\/?product=optimal-g7-1611-koiranluu"},"modified":"2021-02-21T16:29:04","modified_gmt":"2021-02-21T16:29:04","slug":"optimal-g7-1611-koiranluu","status":"publish","type":"product","link":"https:\/\/www.autonvaraosahaku.fi\/?product=optimal-g7-1611-koiranluu","title":{"rendered":"OPTIMAL G7-1611 Koiranluu"},"content":{"rendered":"<p>Asennuspuoli: Etuakseli, Vasen; Tanko \/ tuki: Yhdystanko; L\u00e4pimitta [mm]: 12; Pituus (mm): 201; Materiaali: Ter\u00e4s; Ulkokierre 1 [mm]: M10 x 1,25 RHT M; Ulkokierre 2 [mm]: M10 x 1,25 RHT M; parilliset tuotenumerot: G7-1612; Tarvittava kappalem\u00e4\u00e4r\u00e4: 1; TESLA: MODEL S; 600709800A; Kallistuksenvakaajan Yhdystanko,Tanko, Kallistuksenvaimennin<\/p>\n","protected":false},"excerpt":{"rendered":"<p>OPTIMAL Koiranluu G7-1611 Kallistuksenvakaajan Yhdystanko,Tanko, Kallistuksenvaimennin TESLA,MODEL S<\/p>\n","protected":false},"featured_media":0,"template":"","meta":{"site-sidebar-layout":"default","site-content-layout":"default","ast-global-header-display":"","ast-main-header-display":"","ast-hfb-above-header-display":"","ast-hfb-below-header-display":"","ast-hfb-mobile-header-display":"","site-post-title":"","ast-breadcrumbs-content":"","ast-featured-img":"","footer-sml-layout":"","theme-transparent-header-meta":"","adv-header-id-meta":"","stick-header-meta":"","header-above-stick-meta":"","header-main-stick-meta":"","header-below-stick-meta":""},"pwb-brand":[307],"product_cat":[38],"product_tag":[],"class_list":{"0":"post-36301","1":"product","2":"type-product","3":"status-publish","5":"pwb-brand-optimal","6":"product_cat-koiranluu","7":"desktop-align-left","8":"tablet-align-left","9":"mobile-align-left","11":"first","12":"instock","13":"product-type-external"},"brands":[{"id":307,"name":"OPTIMAL","slug":"optimal"}],"_links":{"self":[{"href":"https:\/\/www.autonvaraosahaku.fi\/index.php?rest_route=\/wp\/v2\/product\/36301","targetHints":{"allow":["GET"]}}],"collection":[{"href":"https:\/\/www.autonvaraosahaku.fi\/index.php?rest_route=\/wp\/v2\/product"}],"about":[{"href":"https:\/\/www.autonvaraosahaku.fi\/index.php?rest_route=\/wp\/v2\/types\/product"}],"wp:attachment":[{"href":"https:\/\/www.autonvaraosahaku.fi\/index.php?rest_route=%2Fwp%2Fv2%2Fmedia&parent=36301"}],"wp:term":[{"taxonomy":"pwb-brand","embeddable":true,"href":"https:\/\/www.autonvaraosahaku.fi\/index.php?rest_route=%2Fwp%2Fv2%2Fpwb-brand&post=36301"},{"taxonomy":"product_cat","embeddable":true,"href":"https:\/\/www.autonvaraosahaku.fi\/index.php?rest_route=%2Fwp%2Fv2%2Fproduct_cat&post=36301"},{"taxonomy":"product_tag","embeddable":true,"href":"https:\/\/www.autonvaraosahaku.fi\/index.php?rest_route=%2Fwp%2Fv2%2Fproduct_tag&post=36301"}],"curies":[{"name":"wp","href":"https:\/\/api.w.org\/{rel}","templated":true}]}}