{"id":36357,"date":"2021-02-21T16:29:14","date_gmt":"2021-02-21T16:29:14","guid":{"rendered":"https:\/\/www.autonvaraosahaku.fi\/?product=ackoja-a52-74-0002-muut-luokat"},"modified":"2021-02-21T16:29:17","modified_gmt":"2021-02-21T16:29:17","slug":"ackoja-a52-74-0002-muut-luokat","status":"publish","type":"product","link":"https:\/\/www.autonvaraosahaku.fi\/?product=ackoja-a52-74-0002-muut-luokat","title":{"rendered":"ACKOJA A52-74-0002 Muut luokat"},"content":{"rendered":"<p>Lis\u00e4tarvike\/lis\u00e4tieto: Tarvikkeilla; Korvaava tuote\/korvaava tiedote 2: Kiinnitysmateriaalilla; K\u00e4ytt\u00f6: S\u00e4hk\u00f6inen; Kopan v\u00e4ri: Musta; johtojen lukum\u00e4\u00e4r\u00e4: 1; HYUNDAI: ix35 LM, EL, ELH; 957902S000, 957902S010, 957902S011, 957902S012, 957902S012FFF, 957902S013, 957902S013FFF<\/p>\n","protected":false},"excerpt":{"rendered":"<p>ACKOJA Peruutuskamera A52-74-0002  HYUNDAI,ix35 LM, EL, ELH<\/p>\n","protected":false},"featured_media":0,"template":"","meta":{"site-sidebar-layout":"default","site-content-layout":"default","ast-global-header-display":"","ast-main-header-display":"","ast-hfb-above-header-display":"","ast-hfb-below-header-display":"","ast-hfb-mobile-header-display":"","site-post-title":"","ast-breadcrumbs-content":"","ast-featured-img":"","footer-sml-layout":"","theme-transparent-header-meta":"","adv-header-id-meta":"","stick-header-meta":"","header-above-stick-meta":"","header-main-stick-meta":"","header-below-stick-meta":""},"pwb-brand":[386],"product_cat":[37],"product_tag":[],"class_list":{"0":"post-36357","1":"product","2":"type-product","3":"status-publish","5":"pwb-brand-ackoja","6":"product_cat-muut-luokat","7":"desktop-align-left","8":"tablet-align-left","9":"mobile-align-left","11":"first","12":"instock","13":"product-type-external"},"brands":[{"id":386,"name":"ACKOJA","slug":"ackoja"}],"_links":{"self":[{"href":"https:\/\/www.autonvaraosahaku.fi\/index.php?rest_route=\/wp\/v2\/product\/36357","targetHints":{"allow":["GET"]}}],"collection":[{"href":"https:\/\/www.autonvaraosahaku.fi\/index.php?rest_route=\/wp\/v2\/product"}],"about":[{"href":"https:\/\/www.autonvaraosahaku.fi\/index.php?rest_route=\/wp\/v2\/types\/product"}],"wp:attachment":[{"href":"https:\/\/www.autonvaraosahaku.fi\/index.php?rest_route=%2Fwp%2Fv2%2Fmedia&parent=36357"}],"wp:term":[{"taxonomy":"pwb-brand","embeddable":true,"href":"https:\/\/www.autonvaraosahaku.fi\/index.php?rest_route=%2Fwp%2Fv2%2Fpwb-brand&post=36357"},{"taxonomy":"product_cat","embeddable":true,"href":"https:\/\/www.autonvaraosahaku.fi\/index.php?rest_route=%2Fwp%2Fv2%2Fproduct_cat&post=36357"},{"taxonomy":"product_tag","embeddable":true,"href":"https:\/\/www.autonvaraosahaku.fi\/index.php?rest_route=%2Fwp%2Fv2%2Fproduct_tag&post=36357"}],"curies":[{"name":"wp","href":"https:\/\/api.w.org\/{rel}","templated":true}]}}