{"id":36377,"date":"2021-02-21T16:29:19","date_gmt":"2021-02-21T16:29:19","guid":{"rendered":"https:\/\/www.autonvaraosahaku.fi\/?product=mapco-95300-pyoranpultit"},"modified":"2021-02-21T16:29:22","modified_gmt":"2021-02-21T16:29:22","slug":"mapco-95300-pyoranpultit","status":"publish","type":"product","link":"https:\/\/www.autonvaraosahaku.fi\/?product=mapco-95300-pyoranpultit","title":{"rendered":"MAPCO 95300 Py\u00f6r\u00e4npultit"},"content":{"rendered":"<p>Moniosainen: moniosainen; Asennuspuoli: Etuakseli, Taka-akseli; Pituus (mm): 49; Ulkokierre [mm]: M12 x 1,25; Materiaali: Ter\u00e4s; Avainv\u00e4li: 17; Ulkol\u00e4pimitta [mm]: 21; Ruuvikanta\/mutteriprofiili: Kuusioruuvi \/-mutteri; Laatu \/ luokka: 10.9; Pinta: Sinkki-liuska-pinnoite; Py\u00f6r\u00e4n kiinnitys: Kartiolaippa F; Kierteen pituus (mm): 24; Ruuvin pituus ilman p\u00e4\u00e4t\u00e4: 26; Moottorinumero: DV6DTEDM; OPEL: CROSSLAND X; FIAT: SCUDO 270_,SCUDO Kasten 270_,SCUDO Pritsche\/Fahrgestell 270_; PEUGEOT: 206 Schr\u00e4gheck 2A\/C,206 CC 2D,207 WA_, WC_,307 SW 3H,207 CC WD_,307 CC 3B,407 SW 6E_,307 3A\/C,207 SW WK_,308 SW,206 SW 2E\/K,208,106 II 1,206+ T3E,308 4A_, 4C_,5008,307 Break 3E,508 SW,407 6D_,3008,406 Break 8E\/F,PARTNER Tepee,308 CC,1007 KM_,PARTNER Combispace 5F,2008,PARTNER Kasten 5,406 Coupe 8C,406 8B,508,407 Coupe 6C_,EXPERT Tepee VF3V_,EXPERT Kasten VF3A_, VF3U_, VF3X_,PARTNER Kasten,207 Stufenheck,206 Stufenheck,308 II,206 Van,106 Van 1_,301,308 SW II,207 Van,EXPERT Pritsche\/Fahrgestell,PARTNER Pritsche\/Fahrgestell; CITRO\u00cbN: BERLINGO MF,XSARA PICASSO N68,C2 JM_,C3 I FC_,BERLINGO B9,C5 III Break TD_,C4 Picasso I UD_,C4 Grand Picasso I UA_,C4 I LC_,SAXO S0, S1,DS3,BERLINGO Kasten M_,C5 II Break RE_,C3 Picasso,C5 I DC_,C5 I Break DE_,C5 III RD_,C3 II,XSARA N1,C4 Coupe LA_,C3 Pluriel HB_,C4 II B7,C5 II RC_,XSARA Break N2,JUMPY,BERLINGO Kasten B9,C6 TD_,JUMPY Kasten,C4 Grand Picasso II,C4 Picasso II,DS4,XSARA Coupe N0,DS5,C4 Stufenheck L,DS3 Cabriolet,C2 ENTERPRISE,C15 VD-_,BERLINGO Pritsche\/Fahrgestell B9,C-ELYSEE,C4 CACTUS,C15 Kombi,XSARA Kasten,SPACETOURER,C3 III SX,C3 AIRCROSS II,C4 Stufenheck N,JUMPY Pritsche\/Fahrgestell; DS: DS 3,DS 4 \/ DS 4 CROSSBACK,DS 3 Cabriolet; VAUXHALL: CROSSLAND X; 1608734480, 540566, 540572, 540584, 9818845080, 1608734480, 540566, 540572, 9818845080, 1608734480, 9634648980, 9682405480, 3637362, 540566, 1608734480, 540566, 540572, 540584, 9818845080, 3637362; Py\u00f6r\u00e4nruuvi<\/p>\n","protected":false},"excerpt":{"rendered":"<p>MAPCO Py\u00f6r\u00e4npultit 95300 Py\u00f6r\u00e4nruuvi OPEL,FIAT,PEUGEOT,CROSSLAND X,SCUDO 270_,SCUDO Kasten 270_,SCUDO Pritsche\/Fahrgestell 270_,206 Schr\u00e4gheck 2A\/C<\/p>\n","protected":false},"featured_media":0,"template":"","meta":{"site-sidebar-layout":"default","site-content-layout":"default","ast-global-header-display":"","ast-main-header-display":"","ast-hfb-above-header-display":"","ast-hfb-below-header-display":"","ast-hfb-mobile-header-display":"","site-post-title":"","ast-breadcrumbs-content":"","ast-featured-img":"","footer-sml-layout":"","theme-transparent-header-meta":"","adv-header-id-meta":"","stick-header-meta":"","header-above-stick-meta":"","header-main-stick-meta":"","header-below-stick-meta":""},"pwb-brand":[36],"product_cat":[51],"product_tag":[],"class_list":{"0":"post-36377","1":"product","2":"type-product","3":"status-publish","5":"pwb-brand-mapco","6":"product_cat-pyoranpultit","7":"desktop-align-left","8":"tablet-align-left","9":"mobile-align-left","11":"first","12":"instock","13":"product-type-external"},"brands":[{"id":36,"name":"MAPCO","slug":"mapco"}],"_links":{"self":[{"href":"https:\/\/www.autonvaraosahaku.fi\/index.php?rest_route=\/wp\/v2\/product\/36377","targetHints":{"allow":["GET"]}}],"collection":[{"href":"https:\/\/www.autonvaraosahaku.fi\/index.php?rest_route=\/wp\/v2\/product"}],"about":[{"href":"https:\/\/www.autonvaraosahaku.fi\/index.php?rest_route=\/wp\/v2\/types\/product"}],"wp:attachment":[{"href":"https:\/\/www.autonvaraosahaku.fi\/index.php?rest_route=%2Fwp%2Fv2%2Fmedia&parent=36377"}],"wp:term":[{"taxonomy":"pwb-brand","embeddable":true,"href":"https:\/\/www.autonvaraosahaku.fi\/index.php?rest_route=%2Fwp%2Fv2%2Fpwb-brand&post=36377"},{"taxonomy":"product_cat","embeddable":true,"href":"https:\/\/www.autonvaraosahaku.fi\/index.php?rest_route=%2Fwp%2Fv2%2Fproduct_cat&post=36377"},{"taxonomy":"product_tag","embeddable":true,"href":"https:\/\/www.autonvaraosahaku.fi\/index.php?rest_route=%2Fwp%2Fv2%2Fproduct_tag&post=36377"}],"curies":[{"name":"wp","href":"https:\/\/api.w.org\/{rel}","templated":true}]}}