{"id":36409,"date":"2021-02-21T16:29:28","date_gmt":"2021-02-21T16:29:28","guid":{"rendered":"https:\/\/www.autonvaraosahaku.fi\/?product=dakatec-400098-abs-keha"},"modified":"2021-02-21T16:29:30","modified_gmt":"2021-02-21T16:29:30","slug":"dakatec-400098-abs-keha","status":"publish","type":"product","link":"https:\/\/www.autonvaraosahaku.fi\/?product=dakatec-400098-abs-keha","title":{"rendered":"DAKAtec 400098 ABS keh\u00e4"},"content":{"rendered":"<p>Asennuspuoli: Etuakseli, Molemminpuolin; Hammasluku, ABS-keh\u00e4: 52; Leveys (mm): 10,0; Sis\u00e4l\u00e4pimitta [mm]: 90,3; Ulkol\u00e4pimitta [mm]: 101,7; Paino [g]: 200; HYUNDAI: SANTA F\u00c9 I SM,SANTA F\u00c9 II CM; ABS Hammaskeh\u00e4,ABS Rengas,Anturirengas, ABS<\/p>\n","protected":false},"excerpt":{"rendered":"<p>DAKAtec ABS Keh\u00e4 400098 ABS Hammaskeh\u00e4,ABS Rengas HYUNDAI,SANTA F\u00c9 I SM,SANTA F\u00c9 II CM<\/p>\n","protected":false},"featured_media":0,"template":"","meta":{"site-sidebar-layout":"default","site-content-layout":"default","ast-global-header-display":"","ast-main-header-display":"","ast-hfb-above-header-display":"","ast-hfb-below-header-display":"","ast-hfb-mobile-header-display":"","site-post-title":"","ast-breadcrumbs-content":"","ast-featured-img":"","footer-sml-layout":"","theme-transparent-header-meta":"","adv-header-id-meta":"","stick-header-meta":"","header-above-stick-meta":"","header-main-stick-meta":"","header-below-stick-meta":""},"pwb-brand":[283],"product_cat":[273],"product_tag":[],"class_list":{"0":"post-36409","1":"product","2":"type-product","3":"status-publish","5":"pwb-brand-dakatec","6":"product_cat-abs-keha","7":"desktop-align-left","8":"tablet-align-left","9":"mobile-align-left","11":"first","12":"instock","13":"product-type-external"},"brands":[{"id":283,"name":"DAKAtec","slug":"dakatec"}],"_links":{"self":[{"href":"https:\/\/www.autonvaraosahaku.fi\/index.php?rest_route=\/wp\/v2\/product\/36409","targetHints":{"allow":["GET"]}}],"collection":[{"href":"https:\/\/www.autonvaraosahaku.fi\/index.php?rest_route=\/wp\/v2\/product"}],"about":[{"href":"https:\/\/www.autonvaraosahaku.fi\/index.php?rest_route=\/wp\/v2\/types\/product"}],"wp:attachment":[{"href":"https:\/\/www.autonvaraosahaku.fi\/index.php?rest_route=%2Fwp%2Fv2%2Fmedia&parent=36409"}],"wp:term":[{"taxonomy":"pwb-brand","embeddable":true,"href":"https:\/\/www.autonvaraosahaku.fi\/index.php?rest_route=%2Fwp%2Fv2%2Fpwb-brand&post=36409"},{"taxonomy":"product_cat","embeddable":true,"href":"https:\/\/www.autonvaraosahaku.fi\/index.php?rest_route=%2Fwp%2Fv2%2Fproduct_cat&post=36409"},{"taxonomy":"product_tag","embeddable":true,"href":"https:\/\/www.autonvaraosahaku.fi\/index.php?rest_route=%2Fwp%2Fv2%2Fproduct_tag&post=36409"}],"curies":[{"name":"wp","href":"https:\/\/api.w.org\/{rel}","templated":true}]}}