{"id":36413,"date":"2021-02-21T16:29:28","date_gmt":"2021-02-21T16:29:28","guid":{"rendered":"https:\/\/www.autonvaraosahaku.fi\/?product=dakatec-30513-kierretulppa"},"modified":"2021-02-21T16:29:31","modified_gmt":"2021-02-21T16:29:31","slug":"dakatec-30513-kierretulppa","status":"publish","type":"product","link":"https:\/\/www.autonvaraosahaku.fi\/?product=dakatec-30513-kierretulppa","title":{"rendered":"DAKAtec 30513 Kierretulppa"},"content":{"rendered":"<p>Pituus (mm): 37; Ulkol\u00e4pimitta [mm]: 27; Ulkokierre [mm]: M12 x 1,75; Kierteen pituus (mm): 17; Avainv\u00e4li: 15; Ruuvikanta\/mutteriprofiili: Kuusioruuvi \/-mutteri; Materiaali: Ter\u00e4s; Pinta: Sinkitetty; Ruuvin pituus ilman p\u00e4\u00e4t\u00e4: 25; Paino [g]: 10; Moottorinumero: A 20 NHT; MAZDA: CX-9 TB; CHEVROLET: CAPTIVA C100, C140,ORLANDO J309,CRUZE J300,CRUZE Station Wagon J308,CRUZE Schr\u00e4gheck J305,CAMARO GMX511,CORVETTE C6,MALIBU V300,CAMARO Convertible GMX511,CORVETTE Convertible C6,CORVETTE C7,CORVETTE Convertible C7; FORD USA: MUSTANG Coupe,MUSTANG Convertible; LAND ROVER: FREELANDER 2 FA_,RANGE ROVER EVOQUE LV,DISCOVERY SPORT LC,RANGE ROVER EVOQUE Cabriolet LV_; VOLVO: XC60,V70 III BW,V60,S80 II AS,S60 II; SAAB: 9-3 YS3F,9-3 Kombi YS3F,9-3 Cabriolet YS3F,9-5 YS3G,9-3X; OPEL: ZAFIRA B A05,ZAFIRA A F75_,ASTRA G CC F48_, F08_,ASTRA G Caravan F35_,INSIGNIA Caravan,VECTRA C Caravan,SIGNUM,VECTRA C,VECTRA B 36_,VECTRA C GTS,ANTARA,VECTRA B Caravan 31_,INSIGNIA,ASTRA G Cabriolet F67,INSIGNIA Stufenheck,ASTRA G Coupe F07_,ASTRA G Stufenheck F69_,ASTRA GTC J,VECTRA B CC 38_,GT Cabriolet,SPEEDSTER,INSIGNIA CC,INSIGNIA B Country Tourer Z18; JAGUAR: XF _J05_, CC9,XJ X35_, _J12_, _J24_,XF X260; FORD: MONDEO IV Turnier BA7,S-MAX WA6,FOCUS III Turnier,GALAXY WA6,FOCUS III,MONDEO IV BA7,KUGA II DM2,FOCUS III Stufenheck,MONDEO IV Stufenheck BA7,MONDEO V Turnier,S-MAX,MONDEO V Stufenheck,GALAXY,MONDEO V Schr\u00e4gheck; FIAT: CROMA 194; 71739255, 11519408, 11562588, 71739255, 1535683, 4948795, 9L8E6730AA, AJ813123, LR025048, CA6010404, CY0110404, 0652454, 0652736, 0652884, 0652951, 652454, 652736, 652884, 652951, 11518377, 11519408, 11519933, 11562588, 003536964, 011518377, 011519408, 011519933, 011562588, 03536964, 11518377, 11519408, 11519933, 11562588, 3536964, 31359503; \u00d6ljytulppa,Kierretulppa, \u00d6ljypohja<\/p>\n","protected":false},"excerpt":{"rendered":"<p>DAKAtec Kierretulppa 30513 \u00d6ljytulppa,Kierretulppa, \u00d6ljypohja MAZDA,CHEVROLET,FORD USA,CX-9 TB,CAPTIVA C100, C140,ORLANDO J309,CRUZE J300<\/p>\n","protected":false},"featured_media":0,"template":"","meta":{"site-sidebar-layout":"default","site-content-layout":"default","ast-global-header-display":"","ast-main-header-display":"","ast-hfb-above-header-display":"","ast-hfb-below-header-display":"","ast-hfb-mobile-header-display":"","site-post-title":"","ast-breadcrumbs-content":"","ast-featured-img":"","footer-sml-layout":"","theme-transparent-header-meta":"","adv-header-id-meta":"","stick-header-meta":"","header-above-stick-meta":"","header-main-stick-meta":"","header-below-stick-meta":""},"pwb-brand":[283],"product_cat":[40],"product_tag":[],"class_list":{"0":"post-36413","1":"product","2":"type-product","3":"status-publish","5":"pwb-brand-dakatec","6":"product_cat-kierretulppa","7":"desktop-align-left","8":"tablet-align-left","9":"mobile-align-left","11":"first","12":"instock","13":"product-type-external"},"brands":[{"id":283,"name":"DAKAtec","slug":"dakatec"}],"_links":{"self":[{"href":"https:\/\/www.autonvaraosahaku.fi\/index.php?rest_route=\/wp\/v2\/product\/36413","targetHints":{"allow":["GET"]}}],"collection":[{"href":"https:\/\/www.autonvaraosahaku.fi\/index.php?rest_route=\/wp\/v2\/product"}],"about":[{"href":"https:\/\/www.autonvaraosahaku.fi\/index.php?rest_route=\/wp\/v2\/types\/product"}],"wp:attachment":[{"href":"https:\/\/www.autonvaraosahaku.fi\/index.php?rest_route=%2Fwp%2Fv2%2Fmedia&parent=36413"}],"wp:term":[{"taxonomy":"pwb-brand","embeddable":true,"href":"https:\/\/www.autonvaraosahaku.fi\/index.php?rest_route=%2Fwp%2Fv2%2Fpwb-brand&post=36413"},{"taxonomy":"product_cat","embeddable":true,"href":"https:\/\/www.autonvaraosahaku.fi\/index.php?rest_route=%2Fwp%2Fv2%2Fproduct_cat&post=36413"},{"taxonomy":"product_tag","embeddable":true,"href":"https:\/\/www.autonvaraosahaku.fi\/index.php?rest_route=%2Fwp%2Fv2%2Fproduct_tag&post=36413"}],"curies":[{"name":"wp","href":"https:\/\/api.w.org\/{rel}","templated":true}]}}