{"id":36431,"date":"2021-02-21T16:29:33","date_gmt":"2021-02-21T16:29:33","guid":{"rendered":"https:\/\/www.autonvaraosahaku.fi\/?product=topran-623-609-oven-lukko"},"modified":"2021-02-21T16:29:36","modified_gmt":"2021-02-21T16:29:36","slug":"topran-623-609-oven-lukko","status":"publish","type":"product","link":"https:\/\/www.autonvaraosahaku.fi\/?product=topran-623-609-oven-lukko","title":{"rendered":"TOPRAN 623 609 Oven lukko"},"content":{"rendered":"<p>Asennuspuoli: Taakse, vasen; K\u00e4ytt\u00f6: S\u00e4hk\u00f6inen; Napojen m\u00e4\u00e4r\u00e4: 9; Pistokkeen kotelon muoto: D-muoto; Mukavuusvarusteet: ajoneuvoille keskuslukituksella; parilliset tuotenumerot: 623 610; PR-numerolle: 4F2+GZ0; VW: TOUAREG 7P5; AUDI: A6 Avant 4G5, C7, 4GD,A3 Sportback 8VA,Q3 8U,A6 4G2, C7, 4GC,A7 Sportback 4GA, 4GF,A3 Limousine 8VS,Q7 4M; 4G0839015, 4G0839015; Ovilukko<\/p>\n","protected":false},"excerpt":{"rendered":"<p>TOPRAN Oven Lukko 623 609 Ovilukko VW,AUDI,TOUAREG 7P5,A6 Avant 4G5, C7, 4GD,A3 Sportback 8VA,Q3 8U,A6 4G2, C7, 4GC,A7 Sportback 4GA, 4GF<\/p>\n","protected":false},"featured_media":0,"template":"","meta":{"site-sidebar-layout":"default","site-content-layout":"default","ast-global-header-display":"","ast-main-header-display":"","ast-hfb-above-header-display":"","ast-hfb-below-header-display":"","ast-hfb-mobile-header-display":"","site-post-title":"","ast-breadcrumbs-content":"","ast-featured-img":"","footer-sml-layout":"","theme-transparent-header-meta":"","adv-header-id-meta":"","stick-header-meta":"","header-above-stick-meta":"","header-main-stick-meta":"","header-below-stick-meta":""},"pwb-brand":[18],"product_cat":[46],"product_tag":[],"class_list":{"0":"post-36431","1":"product","2":"type-product","3":"status-publish","5":"pwb-brand-topran","6":"product_cat-oven-lukko","7":"desktop-align-left","8":"tablet-align-left","9":"mobile-align-left","11":"first","12":"instock","13":"product-type-external"},"brands":[{"id":18,"name":"TOPRAN","slug":"topran"}],"_links":{"self":[{"href":"https:\/\/www.autonvaraosahaku.fi\/index.php?rest_route=\/wp\/v2\/product\/36431","targetHints":{"allow":["GET"]}}],"collection":[{"href":"https:\/\/www.autonvaraosahaku.fi\/index.php?rest_route=\/wp\/v2\/product"}],"about":[{"href":"https:\/\/www.autonvaraosahaku.fi\/index.php?rest_route=\/wp\/v2\/types\/product"}],"wp:attachment":[{"href":"https:\/\/www.autonvaraosahaku.fi\/index.php?rest_route=%2Fwp%2Fv2%2Fmedia&parent=36431"}],"wp:term":[{"taxonomy":"pwb-brand","embeddable":true,"href":"https:\/\/www.autonvaraosahaku.fi\/index.php?rest_route=%2Fwp%2Fv2%2Fpwb-brand&post=36431"},{"taxonomy":"product_cat","embeddable":true,"href":"https:\/\/www.autonvaraosahaku.fi\/index.php?rest_route=%2Fwp%2Fv2%2Fproduct_cat&post=36431"},{"taxonomy":"product_tag","embeddable":true,"href":"https:\/\/www.autonvaraosahaku.fi\/index.php?rest_route=%2Fwp%2Fv2%2Fproduct_tag&post=36431"}],"curies":[{"name":"wp","href":"https:\/\/api.w.org\/{rel}","templated":true}]}}