{"id":36444,"date":"2021-02-21T16:29:38","date_gmt":"2021-02-21T16:29:38","guid":{"rendered":"https:\/\/www.autonvaraosahaku.fi\/?product=as-pl-a4035pr-laturi"},"modified":"2021-02-21T16:29:39","modified_gmt":"2021-02-21T16:29:39","slug":"as-pl-a4035pr-laturi","status":"publish","type":"product","link":"https:\/\/www.autonvaraosahaku.fi\/?product=as-pl-a4035pr-laturi","title":{"rendered":"AS-PL A4035PR Laturi"},"content":{"rendered":"<p>Hihnapy\u00f6r\u00e4t: Hihnapy\u00f6r\u00e4ll\u00e4; Pituus 1 (mm): 11,00; Pituus 3 [mm]: 53,00; J\u00e4nnite (V): 12; Laturi varausvirta (A): 80; Moottorinumero: FXDC; FORD: FIESTA V JH_, JD_,FOCUS II Kombi DA_,FOCUS Kombi DNW,FOCUS II DA_,FOCUS DAW, DBW,FOCUS C-MAX,FUSION JU_,C-MAX DM2,FOCUS Stufenheck DFW,FOCUS II Stufenheck DA_,FOCUS II Cabriolet; 1070806, 1073090, 1090085, 1111967, 1127001, 1136390, 1144197, 1215771, 1301511, 1361258, 98AB10300GA, 98AB10300GB, 98AB10300GC, 98AB10300GD, 98AB10300GE, 98AB10300GF, 98AB10300GG, 98AB10300GH, 98AB10300GJ, 98AB10300GK, 98AB10300GL, 98AB10300GM, R98AB10300GG, R98AB10300GG1; Generaattori<\/p>\n","protected":false},"excerpt":{"rendered":"<p>AS-PL Laturi Brand new AS-PL Starter motor 97VB11000AA A4035PR Generaattori FORD,FIESTA V JH_, JD_,FOCUS II Kombi DA_,FOCUS Kombi DNW,FOCUS II DA_<\/p>\n","protected":false},"featured_media":0,"template":"","meta":{"site-sidebar-layout":"default","site-content-layout":"default","ast-global-header-display":"","ast-main-header-display":"","ast-hfb-above-header-display":"","ast-hfb-below-header-display":"","ast-hfb-mobile-header-display":"","site-post-title":"","ast-breadcrumbs-content":"","ast-featured-img":"","footer-sml-layout":"","theme-transparent-header-meta":"","adv-header-id-meta":"","stick-header-meta":"","header-above-stick-meta":"","header-main-stick-meta":"","header-below-stick-meta":""},"pwb-brand":[347],"product_cat":[357],"product_tag":[],"class_list":{"0":"post-36444","1":"product","2":"type-product","3":"status-publish","5":"pwb-brand-as-pl","6":"product_cat-laturi","7":"desktop-align-left","8":"tablet-align-left","9":"mobile-align-left","11":"first","12":"instock","13":"product-type-external"},"brands":[{"id":347,"name":"AS-PL","slug":"as-pl"}],"_links":{"self":[{"href":"https:\/\/www.autonvaraosahaku.fi\/index.php?rest_route=\/wp\/v2\/product\/36444","targetHints":{"allow":["GET"]}}],"collection":[{"href":"https:\/\/www.autonvaraosahaku.fi\/index.php?rest_route=\/wp\/v2\/product"}],"about":[{"href":"https:\/\/www.autonvaraosahaku.fi\/index.php?rest_route=\/wp\/v2\/types\/product"}],"wp:attachment":[{"href":"https:\/\/www.autonvaraosahaku.fi\/index.php?rest_route=%2Fwp%2Fv2%2Fmedia&parent=36444"}],"wp:term":[{"taxonomy":"pwb-brand","embeddable":true,"href":"https:\/\/www.autonvaraosahaku.fi\/index.php?rest_route=%2Fwp%2Fv2%2Fpwb-brand&post=36444"},{"taxonomy":"product_cat","embeddable":true,"href":"https:\/\/www.autonvaraosahaku.fi\/index.php?rest_route=%2Fwp%2Fv2%2Fproduct_cat&post=36444"},{"taxonomy":"product_tag","embeddable":true,"href":"https:\/\/www.autonvaraosahaku.fi\/index.php?rest_route=%2Fwp%2Fv2%2Fproduct_tag&post=36444"}],"curies":[{"name":"wp","href":"https:\/\/api.w.org\/{rel}","templated":true}]}}